{"id":715736,"date":"2025-08-27T17:34:21","date_gmt":"2025-08-27T14:34:21","guid":{"rendered":"https:\/\/roveyayinevi.com.tr\/index.php\/urun\/yesil-yaprak-cumhuriyetin-ilk-yillarinda-egitime-tasradan-bir-bakis\/"},"modified":"2026-04-16T02:23:53","modified_gmt":"2026-04-15T23:23:53","slug":"yesil-yaprak-cumhuriyetin-ilk-yillarinda-egitime-tasradan-bir-bakis","status":"publish","type":"product","link":"https:\/\/roveyayinevi.com.tr\/index.php\/urun\/yesil-yaprak-cumhuriyetin-ilk-yillarinda-egitime-tasradan-bir-bakis\/","title":{"rendered":"Ye\u015fil Yaprak &#8211; Cumhuriyet\u2019in \u0130lk Y\u0131llar\u0131nda E\u011fitime Ta\u015fradan Bir Bak\u0131\u015f"},"content":{"rendered":"<p>Muallimler Birli\u011fi\u2019nin Bolu \u015eubesi \u00fcyesi \u00f6\u011fretmenler taraf\u0131ndan Alt\u0131n Yaprak ve Ye\u015fil Yaprak ad\u0131yla iki e\u011fitim dergisi \u00e7\u0131kar\u0131lm\u0131\u015ft\u0131r. Alt\u0131n Yaprak ad\u0131yla \u00e7\u0131kart\u0131lan ilk dergi 1925 y\u0131l\u0131nda on be\u015f g\u00fcnde bir olmak \u00fczere toplamda on \u00fc\u00e7 say\u0131 yay\u0131mlanm\u0131\u015ft\u0131r. Bolu Muallimler Birli\u011fince Alt\u0131n Yaprak Dergisinden sonra Bolu\u2019nun ormanlar\u0131ndan ve ye\u015filli\u011finden esinlenilerek Ye\u015fil Yaprak ad\u0131yla yeni bir dergi daha ya-y\u0131mlanmaya ba\u015flanm\u0131\u015ft\u0131r.Bolu Muallimler Birli\u011fi\u2019nin ikinci yay\u0131n organ\u0131 olan ve 1925-1927 y\u0131llar\u0131nda \u00e7\u0131kart\u0131lan Ye\u015fil Yaprak, bir e\u011fitim dergisi olmas\u0131n\u0131n yan\u0131 s\u0131ra, k\u00fclt\u00fcr, sanat, edebiyat ve maarif haberlerinin yer ald\u0131\u011f\u0131 s\u00fcreli bir yay\u0131n organ\u0131d\u0131r. Dergide, genel olarak T\u00fcrkiye\u2019nin e\u011fitim sorunlar\u0131, \u00f6zel olarak da Bolu\u2019nun e\u011fitim ve sosyo k\u00fclt\u00fcrel \u00f6zellikleri ele al\u0131nm\u0131\u015ft\u0131r. Ye\u015fil Yaprak hem d\u00fcnyadaki yeni e\u011fitim g\u00f6r\u00fc\u015flerinin \u00fclkede tan\u0131-t\u0131lmas\u0131nda, hem de b\u00f6lgenin, k\u00fclt\u00fcrel, sanatsal ve edebi \u00f6zelliklerinin ortaya \u00e7\u0131kar\u0131lmas\u0131nda \u00f6nemli rol oynam\u0131\u015ft\u0131r.Muallimler Birli\u011fi mesleki bir \u00f6rg\u00fct olmas\u0131n\u0131n yan\u0131s\u0131ra erken Cumhuriyet d\u00f6neminin en \u00f6nemli sivi toplum kurulu\u015flar\u0131ndan birisidir. Birli\u011fin merkez ve ta\u015fra \u015fubelerinin yay\u0131mlad\u0131\u011f\u0131 dergiler birinci elden kaynak olma \u00f6zelli\u011fi ta\u015f\u0131maktad\u0131r. D\u00f6nemin e\u011fitim, edebi, siyasi, ekonomik ve sosyal durumu ile ilgili bilgiler i\u00e7eren Ye\u015fil Yaprak Mecmuas\u0131 hakk\u0131nda yap\u0131lan bu \u00e7al\u0131\u015fma umar\u0131z alandaki di\u011fer ara\u015ft\u0131rmalara da k\u0131lavuzluk edecektir.<\/p>\n","protected":false},"excerpt":{"rendered":"<p>Muallimler Birli\u011fi\u2019nin Bolu \u015eubesi \u00fcyesi \u00f6\u011fretmenler taraf\u0131ndan Alt\u0131n Yaprak ve Ye\u015fil Yaprak ad\u0131yla iki e\u011fitim dergisi \u00e7\u0131kar\u0131lm\u0131\u015ft\u0131r. Alt\u0131n Yaprak ad\u0131yla \u00e7\u0131kart\u0131lan ilk dergi 1925 y\u0131l\u0131nda on<span class=\"excerpt-hellip\"> [\u2026]<\/span><\/p>\n","protected":false},"featured_media":0,"template":"","meta":{"_monsterinsights_skip_tracking":false,"_monsterinsights_sitenote_active":false,"_monsterinsights_sitenote_note":"","_monsterinsights_sitenote_category":0},"product_brand":[],"product_cat":[12304,13493],"product_tag":[],"class_list":{"0":"post-715736","1":"product","2":"type-product","3":"status-publish","5":"product_cat-tarih","6":"product_cat-turkiye-ve-cumhuriyet-tarihi","7":"pa_cilt-ciltsiz","8":"pa_tur-kitap","9":"pa_yayinevi-siyasal-kitabevi","10":"pa_yazar-fahri-kilic-murat-tarhan","12":"first","13":"instock","14":"sale","15":"shipping-taxable","16":"purchasable","17":"product-type-simple"},"_links":{"self":[{"href":"https:\/\/roveyayinevi.com.tr\/index.php\/wp-json\/wp\/v2\/product\/715736","targetHints":{"allow":["GET"]}}],"collection":[{"href":"https:\/\/roveyayinevi.com.tr\/index.php\/wp-json\/wp\/v2\/product"}],"about":[{"href":"https:\/\/roveyayinevi.com.tr\/index.php\/wp-json\/wp\/v2\/types\/product"}],"wp:attachment":[{"href":"https:\/\/roveyayinevi.com.tr\/index.php\/wp-json\/wp\/v2\/media?parent=715736"}],"wp:term":[{"taxonomy":"product_brand","embeddable":true,"href":"https:\/\/roveyayinevi.com.tr\/index.php\/wp-json\/wp\/v2\/product_brand?post=715736"},{"taxonomy":"product_cat","embeddable":true,"href":"https:\/\/roveyayinevi.com.tr\/index.php\/wp-json\/wp\/v2\/product_cat?post=715736"},{"taxonomy":"product_tag","embeddable":true,"href":"https:\/\/roveyayinevi.com.tr\/index.php\/wp-json\/wp\/v2\/product_tag?post=715736"}],"curies":[{"name":"wp","href":"https:\/\/api.w.org\/{rel}","templated":true}]}}