{"id":715735,"date":"2025-08-27T17:34:20","date_gmt":"2025-08-27T14:34:20","guid":{"rendered":"https:\/\/roveyayinevi.com.tr\/index.php\/urun\/binnaz-abla-ile-kahve-fali\/"},"modified":"2026-04-03T02:30:27","modified_gmt":"2026-04-02T23:30:27","slug":"binnaz-abla-ile-kahve-fali","status":"publish","type":"product","link":"https:\/\/roveyayinevi.com.tr\/index.php\/urun\/binnaz-abla-ile-kahve-fali\/","title":{"rendered":"Binnaz Abla ile Kahve Fal\u0131"},"content":{"rendered":"<p>T\u00fcrk kahvesini di\u011fer kahvelerden ay\u0131ran \u00f6nemli bir \u00f6zelli\u011fi var: Fal. Bu gelenek ya\u015fad\u0131\u011f\u0131m\u0131z topraklar\u0131n insanlar\u0131n\u0131 birle\u015ftiren \u00f6zelliklerinden biri ayn\u0131 zamanda. \u00dcstelik t\u00fcm d\u00fcnya taraf\u0131ndan kabul edilen bir gelenek. \u0130spat\u0131 ise UNESCO\u2019nun T\u00fcrk kahvesi k\u00fclt\u00fcr\u00fc ve gelene\u011fini \u201cUNESCO \u0130nsanl\u0131\u011f\u0131n Somut Olmayan K\u00fclt\u00fcrel Miras\u0131n\u0131n Temsili Listesi\u201dne almas\u0131.   Bu kitapta bir ailenin y\u00fczy\u0131llar s\u00fcren T\u00fcrk kahvesi ve fal maceras\u0131n\u0131 okuyacaks\u0131n\u0131z. En lezzetli kahve i\u00e7in kavurmas\u0131ndan \u00f6\u011f\u00fctmesine saklamas\u0131ndan pi\u015firmesine hatta sunumuna kadar t\u00fcm detaylar\u0131 \u00f6\u011frenecek, bu co\u011frafyan\u0131n kahvelerini tan\u0131yacak ve bir kahvenin do\u011fru miktarda t\u00fcketildi\u011finde insan bedenine ne kadar yararl\u0131 olabilece\u011fini \u00f6\u011freneceksiniz.   Bu kitapla birlikte 100 kahve fal\u0131 \u00f6rne\u011fine de sahip olacaks\u0131n\u0131z. E\u011fer o g\u00fcn yan\u0131n\u0131zda fal\u0131n\u0131za bakacak kimse yoksa ya da arkada\u015flar\u0131n\u0131zla bir araya geldi\u011finizde \u201cFal\u0131m\u0131za ke\u015fke Binnaz Abla baksa\u201d diyorsan\u0131z bu fallar\u0131 kullanabilirsiniz. Kahvenizi kapat\u0131rken, \u201cKahve pir, kalbime gir, kalbimdekini bil\u201d deyip bir sayfa a\u00e7\u0131n ve unutmay\u0131n, g\u00f6nl\u00fcnde g\u00fczel niyetler yatan ki\u015fiye, g\u00fczel yollar a\u00e7\u0131l\u0131r. <\/p>\n","protected":false},"excerpt":{"rendered":"<p>T\u00fcrk kahvesini di\u011fer kahvelerden ay\u0131ran \u00f6nemli bir \u00f6zelli\u011fi var: Fal. Bu gelenek ya\u015fad\u0131\u011f\u0131m\u0131z topraklar\u0131n insanlar\u0131n\u0131 birle\u015ftiren \u00f6zelliklerinden biri ayn\u0131 zamanda. \u00dcstelik t\u00fcm d\u00fcnya taraf\u0131ndan kabul edilen<span class=\"excerpt-hellip\"> [\u2026]<\/span><\/p>\n","protected":false},"featured_media":0,"template":"","meta":{"_monsterinsights_skip_tracking":false,"_monsterinsights_sitenote_active":false,"_monsterinsights_sitenote_note":"","_monsterinsights_sitenote_category":0},"product_brand":[],"product_cat":[18082,15563],"product_tag":[],"class_list":{"0":"post-715735","1":"product","2":"type-product","3":"status-publish","5":"product_cat-astroloji-fal-ruya","6":"product_cat-hobi","7":"pa_cilt-ciltsiz","8":"pa_tur-kitap","9":"pa_yayinevi-dogan-novus","10":"pa_yazar-binnaz-gundogan","12":"first","13":"instock","14":"sale","15":"shipping-taxable","16":"purchasable","17":"product-type-simple"},"_links":{"self":[{"href":"https:\/\/roveyayinevi.com.tr\/index.php\/wp-json\/wp\/v2\/product\/715735","targetHints":{"allow":["GET"]}}],"collection":[{"href":"https:\/\/roveyayinevi.com.tr\/index.php\/wp-json\/wp\/v2\/product"}],"about":[{"href":"https:\/\/roveyayinevi.com.tr\/index.php\/wp-json\/wp\/v2\/types\/product"}],"wp:attachment":[{"href":"https:\/\/roveyayinevi.com.tr\/index.php\/wp-json\/wp\/v2\/media?parent=715735"}],"wp:term":[{"taxonomy":"product_brand","embeddable":true,"href":"https:\/\/roveyayinevi.com.tr\/index.php\/wp-json\/wp\/v2\/product_brand?post=715735"},{"taxonomy":"product_cat","embeddable":true,"href":"https:\/\/roveyayinevi.com.tr\/index.php\/wp-json\/wp\/v2\/product_cat?post=715735"},{"taxonomy":"product_tag","embeddable":true,"href":"https:\/\/roveyayinevi.com.tr\/index.php\/wp-json\/wp\/v2\/product_tag?post=715735"}],"curies":[{"name":"wp","href":"https:\/\/api.w.org\/{rel}","templated":true}]}}