{"id":715734,"date":"2025-08-27T17:34:20","date_gmt":"2025-08-27T14:34:20","guid":{"rendered":"https:\/\/roveyayinevi.com.tr\/index.php\/urun\/ask-hikayesi-ile-gelir\/"},"modified":"2026-04-16T02:23:53","modified_gmt":"2026-04-15T23:23:53","slug":"ask-hikayesi-ile-gelir","status":"publish","type":"product","link":"https:\/\/roveyayinevi.com.tr\/index.php\/urun\/ask-hikayesi-ile-gelir\/","title":{"rendered":"A\u015fk Hikayesi ile Gelir"},"content":{"rendered":"<p>E\u011fer oradaysan\u2026  E\u011fer ger\u00e7ekten oradaysan al beni\u2026 Yata\u011f\u0131mdan, odamdan, d\u00fcn\u00fcmden kopar beni\u2026  G\u00f6t\u00fcr beni.  O kadar uza\u011fa g\u00f6t\u00fcr ki, yak\u0131n\u0131 g\u00f6rebileyim\u2026  Al gitmeden beni\u2026  Uza\u011fa inanmama izin ver\u2026  Orada birinin oldu\u011funa inanmaya ihtiyac\u0131m var\u2026  Sana inanmama izin ver.  Sana ihtiyac\u0131m var\u2026 <\/p>\n","protected":false},"excerpt":{"rendered":"<p>E\u011fer oradaysan\u2026 E\u011fer ger\u00e7ekten oradaysan al beni\u2026 Yata\u011f\u0131mdan, odamdan, d\u00fcn\u00fcmden kopar beni\u2026 G\u00f6t\u00fcr beni. O kadar uza\u011fa g\u00f6t\u00fcr ki, yak\u0131n\u0131 g\u00f6rebileyim\u2026 Al gitmeden beni\u2026 Uza\u011fa inanmama<span class=\"excerpt-hellip\"> [\u2026]<\/span><\/p>\n","protected":false},"featured_media":0,"template":"","meta":{"_monsterinsights_skip_tracking":false,"_monsterinsights_sitenote_active":false,"_monsterinsights_sitenote_note":"","_monsterinsights_sitenote_category":0},"product_brand":[],"product_cat":[14643,12291],"product_tag":[],"class_list":{"0":"post-715734","1":"product","2":"type-product","3":"status-publish","5":"product_cat-ask","6":"product_cat-edebiyat","7":"pa_cilt-ciltsiz","8":"pa_tur-kitap","9":"pa_yayinevi-dogan-kitap","10":"pa_yazar-kemal-hamamcioglu","12":"first","13":"instock","14":"sale","15":"shipping-taxable","16":"purchasable","17":"product-type-simple"},"_links":{"self":[{"href":"https:\/\/roveyayinevi.com.tr\/index.php\/wp-json\/wp\/v2\/product\/715734","targetHints":{"allow":["GET"]}}],"collection":[{"href":"https:\/\/roveyayinevi.com.tr\/index.php\/wp-json\/wp\/v2\/product"}],"about":[{"href":"https:\/\/roveyayinevi.com.tr\/index.php\/wp-json\/wp\/v2\/types\/product"}],"wp:attachment":[{"href":"https:\/\/roveyayinevi.com.tr\/index.php\/wp-json\/wp\/v2\/media?parent=715734"}],"wp:term":[{"taxonomy":"product_brand","embeddable":true,"href":"https:\/\/roveyayinevi.com.tr\/index.php\/wp-json\/wp\/v2\/product_brand?post=715734"},{"taxonomy":"product_cat","embeddable":true,"href":"https:\/\/roveyayinevi.com.tr\/index.php\/wp-json\/wp\/v2\/product_cat?post=715734"},{"taxonomy":"product_tag","embeddable":true,"href":"https:\/\/roveyayinevi.com.tr\/index.php\/wp-json\/wp\/v2\/product_tag?post=715734"}],"curies":[{"name":"wp","href":"https:\/\/api.w.org\/{rel}","templated":true}]}}