{"id":715731,"date":"2025-08-27T17:34:18","date_gmt":"2025-08-27T14:34:18","guid":{"rendered":"https:\/\/roveyayinevi.com.tr\/index.php\/urun\/avusturalya-dinleri\/"},"modified":"2026-04-16T02:23:53","modified_gmt":"2026-04-15T23:23:53","slug":"avusturalya-dinleri","status":"publish","type":"product","link":"https:\/\/roveyayinevi.com.tr\/index.php\/urun\/avusturalya-dinleri\/","title":{"rendered":"Avusturalya Dinleri"},"content":{"rendered":"<p>Antropologlar, sosyologlar, psikologlar ve dinler tarih\u00e7ileri, yetmi\u015f be\u015f y\u0131ldan uzun bir s\u00fcre boyunca Avustralyal\u0131lara tutkulu bir ilgi duymu\u015ftur. Bunun nedenleri a\u00e7\u0131kt\u0131r: Avustralyal\u0131lar avc\u0131 toplay\u0131c\u0131d\u0131rlar, k\u00fclt\u00fcrel olarak yaln\u0131zca G\u00fcney Amerikal\u0131 Fuegianlarla, Kalahari \u00e7\u00f6l\u00fcn\u00fcn yerli halk\u0131 Bushmenlerle ve Kuzey Kutbu\u2019nun baz\u0131 Eskimo kabileleriyle k\u0131yaslanabilirler. Dolay\u0131s\u0131yla, g\u00fcn\u00fcm\u00fczde Neolitik-\u00f6ncesi tipte bir k\u00fclt\u00fcr i\u00e7inde ya\u015famaya devam ettikleri s\u00f6ylenebilir. \u00dcstelik k\u0131tan\u0131n yal\u0131t\u0131lm\u0131\u015fl\u0131\u011f\u0131, hem son derece arkaik hem de b\u00fct\u00fcnsel olan Avustralya uygarl\u0131\u011f\u0131na duyulan bilimsel ilgiyi yo\u011funla\u015ft\u0131rm\u0131\u015ft\u0131r. Birey ad\u0131m ad\u0131m mitsel ge\u00e7mi\u015fin muhte\u015femli\u011finin bilincine var\u0131r. T\u00f6renler arac\u0131l\u0131\u011f\u0131yla D\u00fc\u015f Zaman\u0131n\u0131 nas\u0131l yeniden canland\u0131raca\u011f\u0131n\u0131 \u00f6\u011frenir. Sonunda kabilesinin kutsal tarihine tamamen g\u00f6m\u00fcl\u00fcr; di\u011fer bir deyi\u015fle, k\u00f6kenini, ba\u015flang\u0131c\u0131 \u00f6\u011frenir ve kayalar, bitkiler ve hayvanlardan tutun da g\u00f6renekler, simgeler ve kurallara kadar her \u015feyin anlam\u0131n\u0131 kavrar. Mitlerde ve rit\u00fcellerde muhafaza edilen a\u00e7\u0131klamay\u0131 \u00f6z\u00fcmsedik\u00e7e, d\u00fcnya, ya\u015fam ve insan varolu\u015fu anlam kazan\u0131r ve kutsal hale gelir \u2013\u00e7\u00fcnk\u00fc Do\u011fa\u00fcst\u00fc Varl\u0131klar taraf\u0131ndan yarat\u0131lm\u0131\u015f veya kusursuz hale getirilmi\u015flerdir. Bir insan, ya\u015fam\u0131n\u0131n belli bir an\u0131nda do\u011fmadan \u00f6nce bir ruh oldu\u011funu ve \u00f6ld\u00fckten sonra da bu do\u011fum-\u00f6ncesi tinsellik ko\u015fulu ile yeniden b\u00fct\u00fcnle\u015fece\u011fini \u00f6\u011frenir. \u0130nsan d\u00f6ng\u00fcs\u00fcn\u00fcn daha b\u00fcy\u00fck, kozmik bir d\u00f6ng\u00fcn\u00fcn par\u00e7as\u0131 oldu\u011funu \u00f6\u011frenir; Yarat\u0131l\u0131\u015f, D\u00fc\u015f Zaman\u0131nda meydana gelen \u201ctinsel\u201d bir edimdir ve evren (kozmos) her ne kadar art\u0131k \u201cger\u00e7ek\u201d veya \u201cmaddi\u201d bir g\u00f6r\u00fcn\u00fcm kazanm\u0131\u015f olsa bile, gene de ba\u015flang\u0131\u00e7ta vuku bulan yarat\u0131m edimlerinin yinelenmesiyle periyodik olarak yenilenmelidir. <\/p>\n","protected":false},"excerpt":{"rendered":"<p>Antropologlar, sosyologlar, psikologlar ve dinler tarih\u00e7ileri, yetmi\u015f be\u015f y\u0131ldan uzun bir s\u00fcre boyunca Avustralyal\u0131lara tutkulu bir ilgi duymu\u015ftur. Bunun nedenleri a\u00e7\u0131kt\u0131r: Avustralyal\u0131lar avc\u0131 toplay\u0131c\u0131d\u0131rlar, k\u00fclt\u00fcrel olarak<span class=\"excerpt-hellip\"> [\u2026]<\/span><\/p>\n","protected":false},"featured_media":0,"template":"","meta":{"_monsterinsights_skip_tracking":false,"_monsterinsights_sitenote_active":false,"_monsterinsights_sitenote_note":"","_monsterinsights_sitenote_category":0},"product_brand":[],"product_cat":[12312,12304],"product_tag":[],"class_list":{"0":"post-715731","1":"product","2":"type-product","3":"status-publish","5":"product_cat-diger","6":"product_cat-tarih","7":"pa_cilt-ciltsiz","8":"pa_tur-kitap","9":"pa_yayinevi-dogu-bati-yayinlari","10":"pa_yazar-mircea-eliade","12":"first","13":"instock","14":"sale","15":"shipping-taxable","16":"purchasable","17":"product-type-simple"},"_links":{"self":[{"href":"https:\/\/roveyayinevi.com.tr\/index.php\/wp-json\/wp\/v2\/product\/715731","targetHints":{"allow":["GET"]}}],"collection":[{"href":"https:\/\/roveyayinevi.com.tr\/index.php\/wp-json\/wp\/v2\/product"}],"about":[{"href":"https:\/\/roveyayinevi.com.tr\/index.php\/wp-json\/wp\/v2\/types\/product"}],"wp:attachment":[{"href":"https:\/\/roveyayinevi.com.tr\/index.php\/wp-json\/wp\/v2\/media?parent=715731"}],"wp:term":[{"taxonomy":"product_brand","embeddable":true,"href":"https:\/\/roveyayinevi.com.tr\/index.php\/wp-json\/wp\/v2\/product_brand?post=715731"},{"taxonomy":"product_cat","embeddable":true,"href":"https:\/\/roveyayinevi.com.tr\/index.php\/wp-json\/wp\/v2\/product_cat?post=715731"},{"taxonomy":"product_tag","embeddable":true,"href":"https:\/\/roveyayinevi.com.tr\/index.php\/wp-json\/wp\/v2\/product_tag?post=715731"}],"curies":[{"name":"wp","href":"https:\/\/api.w.org\/{rel}","templated":true}]}}