{"id":715730,"date":"2025-08-27T17:34:17","date_gmt":"2025-08-27T14:34:17","guid":{"rendered":"https:\/\/roveyayinevi.com.tr\/index.php\/urun\/uygulamali-dort-anlasma\/"},"modified":"2026-04-16T02:23:53","modified_gmt":"2026-04-15T23:23:53","slug":"uygulamali-dort-anlasma","status":"publish","type":"product","link":"https:\/\/roveyayinevi.com.tr\/index.php\/urun\/uygulamali-dort-anlasma\/","title":{"rendered":"Uygulamal\u0131 D\u00f6rt Anla\u015fma"},"content":{"rendered":"<p>Toltek anla\u015fmalar\u0131n\u0131 d\u00fcnyaya tan\u0131tan Don Miguel Ruiz\u2019in D\u00f6rt Anla\u015fma kitab\u0131 say\u0131s\u0131z ki\u015finin i\u00e7sel ya\u015fam\u0131n\u0131 zenginle\u015ftirdi, daha doyumlu, daha mutlu olmalar\u0131na yol g\u00f6sterdi.  Asl\u0131nda bize ait olmayan ve bizi mutlu olmaktan al\u0131koyan inan\u00e7lara fark\u0131nda olmadan nas\u0131l onay verdi\u011fimizi anlatan Ruiz bu \u00fcnl\u00fc kitab\u0131nda kendimizle yeni anla\u015fmalar yapmam\u0131z\u0131 \u00f6neriyor. Ama bunu nas\u0131l yapaca\u011f\u0131z? G\u00fcnl\u00fck ya\u015fam\u0131n h\u0131zl\u0131 ak\u0131\u015f\u0131 i\u00e7inde bu anla\u015fmalar\u0131 nas\u0131l uygulayaca\u011f\u0131z, etki ve sonu\u00e7lar\u0131n\u0131 nas\u0131l takip edece\u011fiz?  Frans\u0131z e\u011fitimci ve psikoterapi uzman\u0131 Xavier Cornette de Saint Cyr i\u015fte bu sorulara yan\u0131t veriyor. D\u00f6rt Anla\u015fma\u2019n\u0131n her birini ya\u015famdan \u00f6rneklerle ayr\u0131nt\u0131l\u0131 bir \u015fekilde a\u00e7\u0131klarken, \u00e7e\u015fitli testler, al\u0131\u015ft\u0131rmalar ve pratik uygulamalar e\u015fli\u011finde nas\u0131l ya\u015fama ge\u00e7irilece\u011fini g\u00f6steriyor.  \u0130sterseniz kendi ba\u015f\u0131n\u0131za, isterseniz \u00e7ift olarak veya \u00e7ocuklar\u0131n\u0131zla evde, i\u015fyerinde, sokakta, her yerde\u2026 s\u0131n\u0131rlay\u0131c\u0131 inan\u00e7lar\u0131n\u0131zdan kurtulmak i\u00e7in m\u00fckemmel bir rehber.<\/p>\n","protected":false},"excerpt":{"rendered":"<p>Toltek anla\u015fmalar\u0131n\u0131 d\u00fcnyaya tan\u0131tan Don Miguel Ruiz\u2019in D\u00f6rt Anla\u015fma kitab\u0131 say\u0131s\u0131z ki\u015finin i\u00e7sel ya\u015fam\u0131n\u0131 zenginle\u015ftirdi, daha doyumlu, daha mutlu olmalar\u0131na yol g\u00f6sterdi. Asl\u0131nda bize ait olmayan<span class=\"excerpt-hellip\"> [\u2026]<\/span><\/p>\n","protected":false},"featured_media":0,"template":"","meta":{"_monsterinsights_skip_tracking":false,"_monsterinsights_sitenote_active":false,"_monsterinsights_sitenote_note":"","_monsterinsights_sitenote_category":0},"product_brand":[],"product_cat":[12755,12357],"product_tag":[],"class_list":{"0":"post-715730","1":"product","2":"type-product","3":"status-publish","5":"product_cat-gelisim-psikolojisi","6":"product_cat-psikoloji","7":"pa_cilt-ciltsiz","8":"pa_tur-kitap","9":"pa_yayinevi-otesi-yayincilik","10":"pa_yazar-kolektif","12":"first","13":"instock","14":"sale","15":"shipping-taxable","16":"purchasable","17":"product-type-simple"},"_links":{"self":[{"href":"https:\/\/roveyayinevi.com.tr\/index.php\/wp-json\/wp\/v2\/product\/715730","targetHints":{"allow":["GET"]}}],"collection":[{"href":"https:\/\/roveyayinevi.com.tr\/index.php\/wp-json\/wp\/v2\/product"}],"about":[{"href":"https:\/\/roveyayinevi.com.tr\/index.php\/wp-json\/wp\/v2\/types\/product"}],"wp:attachment":[{"href":"https:\/\/roveyayinevi.com.tr\/index.php\/wp-json\/wp\/v2\/media?parent=715730"}],"wp:term":[{"taxonomy":"product_brand","embeddable":true,"href":"https:\/\/roveyayinevi.com.tr\/index.php\/wp-json\/wp\/v2\/product_brand?post=715730"},{"taxonomy":"product_cat","embeddable":true,"href":"https:\/\/roveyayinevi.com.tr\/index.php\/wp-json\/wp\/v2\/product_cat?post=715730"},{"taxonomy":"product_tag","embeddable":true,"href":"https:\/\/roveyayinevi.com.tr\/index.php\/wp-json\/wp\/v2\/product_tag?post=715730"}],"curies":[{"name":"wp","href":"https:\/\/api.w.org\/{rel}","templated":true}]}}