{"id":715728,"date":"2025-08-27T17:34:16","date_gmt":"2025-08-27T14:34:16","guid":{"rendered":"https:\/\/roveyayinevi.com.tr\/index.php\/urun\/uzgun-insandan-ozgur-insana\/"},"modified":"2026-04-16T02:23:53","modified_gmt":"2026-04-15T23:23:53","slug":"uzgun-insandan-ozgur-insana","status":"publish","type":"product","link":"https:\/\/roveyayinevi.com.tr\/index.php\/urun\/uzgun-insandan-ozgur-insana\/","title":{"rendered":"\u00dczg\u00fcn \u0130nsandan \u00d6zg\u00fcr \u0130nsana"},"content":{"rendered":"<p>\u201cHayat\u0131n nesnesi de\u011fil \u00f6znesi olmaya \u00f6zen g\u00f6sterenler i\u00e7in \u00e7arp\u0131c\u0131 bir kaynak.\u201d  Prof. Dr. Do\u011fan C\u00fccelo\u011flu \u201cU\u011fur Bat\u0131 ve Deniz Bayramo\u011flu insan ve insan hayat\u0131n\u0131 kendi e\u015fsiz deyi\u015fleri ile \u00e7\u00f6z\u00fcml\u00fcyor.\u201d Prof. Dr. \u0130lber Ortayl\u0131  \u201c\u0130nan\u0131lmaz s\u00fcr\u00fckleyici, ba\u015ftan sona canl\u0131, e\u011flenceli, etkileyici ve okuyucunun anlam bulaca\u011f\u0131 derinlikte yaz\u0131lm\u0131\u015f.\u201d Prof. Dr. Mehmet Zihni Sungur  \u201cHem geni\u015fli\u011fi hem de derinli\u011fi yakalayan ender bir kitap.\u201d Dr. \u00d6zg\u00fcr Bolat \u201cBu kitab\u0131 okumal\u0131s\u0131n\u0131z, dahas\u0131 insan\u0131n d\u00f6n\u00fc\u015f\u00fcm\u00fc ad\u0131na her evde bir tane bulunmal\u0131.\u201d Prof. Dr. Sinan Canan <\/p>\n","protected":false},"excerpt":{"rendered":"<p>\u201cHayat\u0131n nesnesi de\u011fil \u00f6znesi olmaya \u00f6zen g\u00f6sterenler i\u00e7in \u00e7arp\u0131c\u0131 bir kaynak.\u201d Prof. Dr. Do\u011fan C\u00fccelo\u011flu \u201cU\u011fur Bat\u0131 ve Deniz Bayramo\u011flu insan ve insan hayat\u0131n\u0131 kendi e\u015fsiz<span class=\"excerpt-hellip\"> [\u2026]<\/span><\/p>\n","protected":false},"featured_media":0,"template":"","meta":{"_monsterinsights_skip_tracking":false,"_monsterinsights_sitenote_active":false,"_monsterinsights_sitenote_note":"","_monsterinsights_sitenote_category":0},"product_brand":[],"product_cat":[13072,12291],"product_tag":[],"class_list":{"0":"post-715728","1":"product","2":"type-product","3":"status-publish","5":"product_cat-arastirma-inceleme-referans","6":"product_cat-edebiyat","7":"pa_cilt-ciltsiz","8":"pa_tur-kitap","9":"pa_yayinevi-destek-yayinlari","10":"pa_yazar-ugur-bati-deniz-bayramoglu","12":"first","13":"instock","14":"sale","15":"shipping-taxable","16":"purchasable","17":"product-type-simple"},"_links":{"self":[{"href":"https:\/\/roveyayinevi.com.tr\/index.php\/wp-json\/wp\/v2\/product\/715728","targetHints":{"allow":["GET"]}}],"collection":[{"href":"https:\/\/roveyayinevi.com.tr\/index.php\/wp-json\/wp\/v2\/product"}],"about":[{"href":"https:\/\/roveyayinevi.com.tr\/index.php\/wp-json\/wp\/v2\/types\/product"}],"wp:attachment":[{"href":"https:\/\/roveyayinevi.com.tr\/index.php\/wp-json\/wp\/v2\/media?parent=715728"}],"wp:term":[{"taxonomy":"product_brand","embeddable":true,"href":"https:\/\/roveyayinevi.com.tr\/index.php\/wp-json\/wp\/v2\/product_brand?post=715728"},{"taxonomy":"product_cat","embeddable":true,"href":"https:\/\/roveyayinevi.com.tr\/index.php\/wp-json\/wp\/v2\/product_cat?post=715728"},{"taxonomy":"product_tag","embeddable":true,"href":"https:\/\/roveyayinevi.com.tr\/index.php\/wp-json\/wp\/v2\/product_tag?post=715728"}],"curies":[{"name":"wp","href":"https:\/\/api.w.org\/{rel}","templated":true}]}}