{"id":715727,"date":"2025-08-27T17:34:15","date_gmt":"2025-08-27T14:34:15","guid":{"rendered":"https:\/\/roveyayinevi.com.tr\/index.php\/urun\/kaderin-kodu\/"},"modified":"2026-04-11T02:30:17","modified_gmt":"2026-04-10T23:30:17","slug":"kaderin-kodu","status":"publish","type":"product","link":"https:\/\/roveyayinevi.com.tr\/index.php\/urun\/kaderin-kodu\/","title":{"rendered":"Kaderin Kodu"},"content":{"rendered":"<p>I\u015f\u0131\u011fa tapmadan, karanl\u0131\u011fa sapmadan&#8230; \u201cMadde evreni\u201d her an hareket halindedir ve her hareketin bir titre\u015fimi vard\u0131r. Hareketlerinin, se\u00e7imlerinin, duygu, d\u00fc\u015f\u00fcnce ve ifadelerinin de sana \u00f6zg\u00fc bir titre\u015fimi var&#8230; Senden yans\u0131yanlar\u0131, hayat aynas\u0131ndan kaderin olarak seyredersin. Kaderin kalemi dildedir. \u0130fadelerinle hayat\u0131na neyi davet etti\u011finin fark\u0131nda m\u0131s\u0131n? Davran\u0131\u015flar\u0131n ve tutumun sana nas\u0131l bir kader getiriyor? Ba\u015f\u0131na gelen olaylar hangi konularda seni uyar\u0131yor? Se\u00e7ti\u011fin meslek sana ne anlat\u0131yor? Bedenindeki sorunlar neyin habercisi? Ya\u015fad\u0131\u011f\u0131n kazalar\u0131n i\u00e7indeki mesajlar\u0131 okuyabiliyor musun? Gelecek plan\u0131n sadece senin se\u00e7imlerinden mi olu\u015fuyor? Sistem b\u00fct\u00fcn bu konularla ilgili seninle konu\u015furken \u00e7ok \u00f6zel bir dil kullan\u0131r.K\u00e2inat\u0131n bu \u00f6zel diliyle ileti\u015fim kurabilmek i\u00e7in hayat\u0131n alfabesini biliyor olmak gerekir&#8230; Peki, nedir hayat\u0131n gizli dilinin alfabesi? Olaylar, durumlar, eylemler, se\u00e7imler, s\u00f6zler ve ifadeler \u00fczerinden hayat\u0131 okumaya ba\u015flad\u0131\u011f\u0131nda sistemle bilin\u00e7li bir i\u015fbirli\u011fi kurmu\u015f olursun,ba\u015flad\u0131\u011f\u0131nda sistemle bilin\u00e7li bir i\u015fbirli\u011fi kurmu\u015f olursun.<\/p>\n","protected":false},"excerpt":{"rendered":"<p>I\u015f\u0131\u011fa tapmadan, karanl\u0131\u011fa sapmadan&#8230; \u201cMadde evreni\u201d her an hareket halindedir ve her hareketin bir titre\u015fimi vard\u0131r. Hareketlerinin, se\u00e7imlerinin, duygu, d\u00fc\u015f\u00fcnce ve ifadelerinin de sana \u00f6zg\u00fc bir<span class=\"excerpt-hellip\"> [\u2026]<\/span><\/p>\n","protected":false},"featured_media":0,"template":"","meta":{"_monsterinsights_skip_tracking":false,"_monsterinsights_sitenote_active":false,"_monsterinsights_sitenote_note":"","_monsterinsights_sitenote_category":0},"product_brand":[],"product_cat":[12364,12376],"product_tag":[],"class_list":{"0":"post-715727","1":"product","2":"type-product","3":"status-publish","5":"product_cat-genel-konular","6":"product_cat-kisisel-gelisim","7":"pa_cilt-ciltsiz","8":"pa_tur-kitap","9":"pa_yayinevi-destek-yayinlari","10":"pa_yazar-unal-guner","12":"first","13":"instock","14":"sale","15":"shipping-taxable","16":"purchasable","17":"product-type-simple"},"_links":{"self":[{"href":"https:\/\/roveyayinevi.com.tr\/index.php\/wp-json\/wp\/v2\/product\/715727","targetHints":{"allow":["GET"]}}],"collection":[{"href":"https:\/\/roveyayinevi.com.tr\/index.php\/wp-json\/wp\/v2\/product"}],"about":[{"href":"https:\/\/roveyayinevi.com.tr\/index.php\/wp-json\/wp\/v2\/types\/product"}],"wp:attachment":[{"href":"https:\/\/roveyayinevi.com.tr\/index.php\/wp-json\/wp\/v2\/media?parent=715727"}],"wp:term":[{"taxonomy":"product_brand","embeddable":true,"href":"https:\/\/roveyayinevi.com.tr\/index.php\/wp-json\/wp\/v2\/product_brand?post=715727"},{"taxonomy":"product_cat","embeddable":true,"href":"https:\/\/roveyayinevi.com.tr\/index.php\/wp-json\/wp\/v2\/product_cat?post=715727"},{"taxonomy":"product_tag","embeddable":true,"href":"https:\/\/roveyayinevi.com.tr\/index.php\/wp-json\/wp\/v2\/product_tag?post=715727"}],"curies":[{"name":"wp","href":"https:\/\/api.w.org\/{rel}","templated":true}]}}