{"id":715726,"date":"2025-08-27T17:34:15","date_gmt":"2025-08-27T14:34:15","guid":{"rendered":"https:\/\/roveyayinevi.com.tr\/index.php\/urun\/farkinda-misin-buyuyoruz\/"},"modified":"2025-11-19T17:00:07","modified_gmt":"2025-11-19T14:00:07","slug":"farkinda-misin-buyuyoruz","status":"publish","type":"product","link":"https:\/\/roveyayinevi.com.tr\/index.php\/urun\/farkinda-misin-buyuyoruz\/","title":{"rendered":"Fark\u0131nda m\u0131s\u0131n B\u00fcy\u00fcyoruz"},"content":{"rendered":"<p>\u201cAnnem beni dinlemiyor, buna \u00e7ok \u00f6fkeleniyorum.\u201d \u201c\u0130stedi\u011fim \u015feyleri yapamad\u0131\u011f\u0131mda \u00e7ok sinirleniyorum.\u201d \u201cS\u0131nav g\u00fcnleri bana bir \u015feyler oluyor, s\u00fcrekli hastalan\u0131yorum.\u201d \u201cMatematik \u00f6\u011fretmenimi g\u00f6r\u00fcnce, heyecandan midem bulan\u0131yor.\u201d Seni duyuyorum Sevgili D\u00fc\u015f Kurucu&#8230; Asl\u0131nda b\u00fct\u00fcn bu olanlar gayet ola\u011fan&#8230; \u00c7\u00fcnk\u00fc b\u00fcy\u00fcyorsun! Ve b\u00fcy\u00fcd\u00fck\u00e7e yepyeni duygularla tan\u0131\u015f\u0131yorsun. \u00d6fkenin yoku\u015flu yollar\u0131yla, mutlulu\u011fun u\u00e7u\u015fan pamuksu bulutlar\u0131yla ve hayat\u0131n g\u00f6kku\u015fa\u011f\u0131 renkleriyle tan\u0131\u015f\u0131yorsun. B\u00fct\u00fcn bunlar sende gerginlik, dikkat da\u011f\u0131n\u0131kl\u0131\u011f\u0131, a\u015f\u0131r\u0131 hareketlilik ve stres yaratabilir. Ancak korkulacak bir \u015fey yok&#8230; \u00c7\u00fcnk\u00fc her \u015fey b\u00fcy\u00fcme s\u00fcrecine dahil. O halde s\u00fcrece biraz e\u011flence, bilgi ve deneyim katmaya ne dersin? Bu kitap sana tam da bu noktada rehberlik etmek i\u00e7in kaleme al\u0131nd\u0131. E\u011fitmen ve masal anlat\u0131c\u0131s\u0131 Dilara Duman\u2019\u0131n nefes at\u0131\u015ft\u0131rmalar\u0131, imgelemeler, bedensel, zihinsel ve ruhsal aktivitelerle zenginle\u015ftirdi\u011fi FARKINDA MISIN B\u00dcY\u00dcYORUZ i\u00e7indeki \u00e7ocukla birlikte b\u00fcy\u00fcmeye devam eden her ya\u015ftan okuru duygu fark\u0131ndal\u0131\u011f\u0131 ve ya\u015fam disipliniyle bulu\u015fturuyor. <\/p>\n","protected":false},"excerpt":{"rendered":"<p>\u201cAnnem beni dinlemiyor, buna \u00e7ok \u00f6fkeleniyorum.\u201d \u201c\u0130stedi\u011fim \u015feyleri yapamad\u0131\u011f\u0131mda \u00e7ok sinirleniyorum.\u201d \u201cS\u0131nav g\u00fcnleri bana bir \u015feyler oluyor, s\u00fcrekli hastalan\u0131yorum.\u201d \u201cMatematik \u00f6\u011fretmenimi g\u00f6r\u00fcnce, heyecandan midem bulan\u0131yor.\u201d Seni<span class=\"excerpt-hellip\"> [\u2026]<\/span><\/p>\n","protected":false},"featured_media":0,"template":"","meta":{"_monsterinsights_skip_tracking":false,"_monsterinsights_sitenote_active":false,"_monsterinsights_sitenote_note":"","_monsterinsights_sitenote_category":0},"product_brand":[],"product_cat":[12274,12284],"product_tag":[],"class_list":{"0":"post-715726","1":"product","2":"type-product","3":"status-publish","5":"product_cat-cocuk-ve-genclik-kitaplari","6":"product_cat-hikayeler","7":"pa_cilt-ciltsiz","8":"pa_tur-kitap","9":"pa_yayinevi-destek-yayinlari","10":"pa_yazar-dilara-duman","12":"first","13":"instock","14":"sale","15":"shipping-taxable","16":"purchasable","17":"product-type-simple"},"_links":{"self":[{"href":"https:\/\/roveyayinevi.com.tr\/index.php\/wp-json\/wp\/v2\/product\/715726","targetHints":{"allow":["GET"]}}],"collection":[{"href":"https:\/\/roveyayinevi.com.tr\/index.php\/wp-json\/wp\/v2\/product"}],"about":[{"href":"https:\/\/roveyayinevi.com.tr\/index.php\/wp-json\/wp\/v2\/types\/product"}],"wp:attachment":[{"href":"https:\/\/roveyayinevi.com.tr\/index.php\/wp-json\/wp\/v2\/media?parent=715726"}],"wp:term":[{"taxonomy":"product_brand","embeddable":true,"href":"https:\/\/roveyayinevi.com.tr\/index.php\/wp-json\/wp\/v2\/product_brand?post=715726"},{"taxonomy":"product_cat","embeddable":true,"href":"https:\/\/roveyayinevi.com.tr\/index.php\/wp-json\/wp\/v2\/product_cat?post=715726"},{"taxonomy":"product_tag","embeddable":true,"href":"https:\/\/roveyayinevi.com.tr\/index.php\/wp-json\/wp\/v2\/product_tag?post=715726"}],"curies":[{"name":"wp","href":"https:\/\/api.w.org\/{rel}","templated":true}]}}