{"id":715725,"date":"2025-08-27T17:34:14","date_gmt":"2025-08-27T14:34:14","guid":{"rendered":"https:\/\/roveyayinevi.com.tr\/index.php\/urun\/dorian-grayin-portresi-5\/"},"modified":"2026-04-12T02:29:23","modified_gmt":"2026-04-11T23:29:23","slug":"dorian-grayin-portresi-5","status":"publish","type":"product","link":"https:\/\/roveyayinevi.com.tr\/index.php\/urun\/dorian-grayin-portresi-5\/","title":{"rendered":"Dorian Gray&#8217;in Portresi"},"content":{"rendered":"<p>\u201cNe kadar mahzun!\u201d diye m\u0131r\u0131ldand\u0131. \u201cNe kadar da mahzun! Ya\u015flan\u0131p korkun\u00e7 ve berbat bir hale gelece\u011fim. Ke\u015fke tersi olsayd\u0131! Her zaman gen\u00e7 kalacak olan ben, ya\u015flanacak olansa portrem olsayd\u0131!\u201d Oscar Wilde\u2019\u0131n yay\u0131mlanm\u0131\u015f tek roman\u0131 olan DORIAN GRAY\u2019\u0130N PORTRES\u0130, kendisi yerine tuvaldeki portresinin ya\u015flanmas\u0131n\u0131 dileyen ve bu dile\u011fi ger\u00e7ekle\u015fince k\u00f6t\u00fcl\u00fc\u011f\u00fcn ve zevkin \u00e7ekimine kap\u0131lan Dorian Gray\u2019in hik\u00e2yesini anlat\u0131r. Yaz\u0131ld\u0131\u011f\u0131 d\u00f6nemde olduk\u00e7a ses getiren bu felsefi roman, derinlikli karakterleri ile birlikte bizi sanat\u0131n yap\u0131ta\u015flar\u0131, sanat\u00e7\u0131n\u0131n do\u011fas\u0131, ahlak, erdem, iyilik ve zevk \u00fczerine d\u00fc\u015f\u00fcnmeye \u00e7a\u011f\u0131r\u0131yor. <\/p>\n","protected":false},"excerpt":{"rendered":"<p>\u201cNe kadar mahzun!\u201d diye m\u0131r\u0131ldand\u0131. \u201cNe kadar da mahzun! Ya\u015flan\u0131p korkun\u00e7 ve berbat bir hale gelece\u011fim. Ke\u015fke tersi olsayd\u0131! Her zaman gen\u00e7 kalacak olan ben, ya\u015flanacak<span class=\"excerpt-hellip\"> [\u2026]<\/span><\/p>\n","protected":false},"featured_media":0,"template":"","meta":{"_monsterinsights_skip_tracking":false,"_monsterinsights_sitenote_active":false,"_monsterinsights_sitenote_note":"","_monsterinsights_sitenote_category":0},"product_brand":[],"product_cat":[12291,12711],"product_tag":[],"class_list":{"0":"post-715725","1":"product","2":"type-product","3":"status-publish","5":"product_cat-edebiyat","6":"product_cat-roman-oyku","7":"pa_cilt-ciltsiz","8":"pa_tur-kitap","9":"pa_yayinevi-destek-yayinlari","10":"pa_yazar-oscar-wilde","12":"first","13":"instock","14":"sale","15":"shipping-taxable","16":"purchasable","17":"product-type-simple"},"_links":{"self":[{"href":"https:\/\/roveyayinevi.com.tr\/index.php\/wp-json\/wp\/v2\/product\/715725","targetHints":{"allow":["GET"]}}],"collection":[{"href":"https:\/\/roveyayinevi.com.tr\/index.php\/wp-json\/wp\/v2\/product"}],"about":[{"href":"https:\/\/roveyayinevi.com.tr\/index.php\/wp-json\/wp\/v2\/types\/product"}],"wp:attachment":[{"href":"https:\/\/roveyayinevi.com.tr\/index.php\/wp-json\/wp\/v2\/media?parent=715725"}],"wp:term":[{"taxonomy":"product_brand","embeddable":true,"href":"https:\/\/roveyayinevi.com.tr\/index.php\/wp-json\/wp\/v2\/product_brand?post=715725"},{"taxonomy":"product_cat","embeddable":true,"href":"https:\/\/roveyayinevi.com.tr\/index.php\/wp-json\/wp\/v2\/product_cat?post=715725"},{"taxonomy":"product_tag","embeddable":true,"href":"https:\/\/roveyayinevi.com.tr\/index.php\/wp-json\/wp\/v2\/product_tag?post=715725"}],"curies":[{"name":"wp","href":"https:\/\/api.w.org\/{rel}","templated":true}]}}