{"id":715724,"date":"2025-08-27T17:34:13","date_gmt":"2025-08-27T14:34:13","guid":{"rendered":"https:\/\/roveyayinevi.com.tr\/index.php\/urun\/beyaz-gulun-oykusu\/"},"modified":"2025-08-27T17:34:13","modified_gmt":"2025-08-27T14:34:13","slug":"beyaz-gulun-oykusu","status":"publish","type":"product","link":"https:\/\/roveyayinevi.com.tr\/index.php\/urun\/beyaz-gulun-oykusu\/","title":{"rendered":"Beyaz G\u00fcl\u00fcn \u00d6yk\u00fcs\u00fc"},"content":{"rendered":"<p>Bir zamanlar bebek oldu\u011funa inanmayan bir \u00e7ocu\u011fun \u00f6yk\u00fcs\u00fc bu. Yaln\u0131z kendisinin de\u011fil, annesinin, onu her g\u00fcn okula g\u00f6t\u00fcren ya\u015fl\u0131 kad\u0131n\u0131n da bir s\u00fcre \u00f6nce bebek oldu\u011funa inanm\u0131yor. Bir tomurcu\u011fun, nas\u0131l harika bir beyaz g\u00fcle d\u00f6n\u00fc\u015ft\u00fc\u011f\u00fcn\u00fc, sonra yerini yeni bir tomurcu\u011fa b\u0131rakt\u0131\u011f\u0131n\u0131 g\u00f6r\u00fcnce inanacak m\u0131 dersiniz? <\/p>\n","protected":false},"excerpt":{"rendered":"<p>Bir zamanlar bebek oldu\u011funa inanmayan bir \u00e7ocu\u011fun \u00f6yk\u00fcs\u00fc bu. Yaln\u0131z kendisinin de\u011fil, annesinin, onu her g\u00fcn okula g\u00f6t\u00fcren ya\u015fl\u0131 kad\u0131n\u0131n da bir s\u00fcre \u00f6nce bebek oldu\u011funa<span class=\"excerpt-hellip\"> [\u2026]<\/span><\/p>\n","protected":false},"featured_media":0,"template":"","meta":{"_monsterinsights_skip_tracking":false,"_monsterinsights_sitenote_active":false,"_monsterinsights_sitenote_note":"","_monsterinsights_sitenote_category":0},"product_brand":[],"product_cat":[12274,12284],"product_tag":[],"class_list":{"0":"post-715724","1":"product","2":"type-product","3":"status-publish","5":"product_cat-cocuk-ve-genclik-kitaplari","6":"product_cat-hikayeler","7":"pa_cilt-ciltsiz","8":"pa_tur-kitap","9":"pa_yayinevi-kirmizi-kedi-yayinevi","10":"pa_yazar-feyza-hepcilingirler","12":"first","13":"instock","14":"sale","15":"shipping-taxable","16":"purchasable","17":"product-type-simple"},"_links":{"self":[{"href":"https:\/\/roveyayinevi.com.tr\/index.php\/wp-json\/wp\/v2\/product\/715724","targetHints":{"allow":["GET"]}}],"collection":[{"href":"https:\/\/roveyayinevi.com.tr\/index.php\/wp-json\/wp\/v2\/product"}],"about":[{"href":"https:\/\/roveyayinevi.com.tr\/index.php\/wp-json\/wp\/v2\/types\/product"}],"wp:attachment":[{"href":"https:\/\/roveyayinevi.com.tr\/index.php\/wp-json\/wp\/v2\/media?parent=715724"}],"wp:term":[{"taxonomy":"product_brand","embeddable":true,"href":"https:\/\/roveyayinevi.com.tr\/index.php\/wp-json\/wp\/v2\/product_brand?post=715724"},{"taxonomy":"product_cat","embeddable":true,"href":"https:\/\/roveyayinevi.com.tr\/index.php\/wp-json\/wp\/v2\/product_cat?post=715724"},{"taxonomy":"product_tag","embeddable":true,"href":"https:\/\/roveyayinevi.com.tr\/index.php\/wp-json\/wp\/v2\/product_tag?post=715724"}],"curies":[{"name":"wp","href":"https:\/\/api.w.org\/{rel}","templated":true}]}}