{"id":715722,"date":"2025-08-27T17:34:12","date_gmt":"2025-08-27T14:34:12","guid":{"rendered":"https:\/\/roveyayinevi.com.tr\/index.php\/urun\/sorumluluk-ve-yargi\/"},"modified":"2026-04-16T02:23:53","modified_gmt":"2026-04-15T23:23:53","slug":"sorumluluk-ve-yargi","status":"publish","type":"product","link":"https:\/\/roveyayinevi.com.tr\/index.php\/urun\/sorumluluk-ve-yargi\/","title":{"rendered":"Sorumluluk ve Yarg\u0131"},"content":{"rendered":"<p>20. y\u00fczy\u0131l\u0131n en \u00f6nemli d\u00fc\u015f\u00fcn\u00fcrlerinden Hannah Arendt makale, konu\u015fma ve derslerinden olu\u015fan Sorumluluk ve Yarg\u0131\u2019da Yahudi soyk\u0131r\u0131m\u0131ndan atom bombas\u0131n\u0131n kullan\u0131m amac\u0131na, Vietnam sava\u015f\u0131ndan \u0131rk\u00e7\u0131l\u0131\u011fa ya\u015fad\u0131\u011f\u0131 y\u00fczy\u0131l\u0131n b\u00fct\u00fcn politik krizlerini ahlaki \u00e7\u00f6k\u00fc\u015f \u0131\u015f\u0131\u011f\u0131nda de\u011ferlendirir; bu \u00e7\u00f6k\u00fc\u015f\u00fc \u201cdi\u015flilerin par\u00e7as\u0131 oldu\u011funu\u201d varsayan insanlar\u0131n cehaletinde ya da do\u011fas\u0131na i\u00e7kin k\u00f6t\u00fcl\u00fc\u011f\u00fcnde de\u011fil, kendi eylemlerini ahlaki hakikatlere g\u00f6re yarg\u0131lamaktaki acizli\u011finde arar. D\u00fc\u015f\u00fcnme yetersizli\u011fi, iyi ya da k\u00f6t\u00fc tercihlerden sak\u0131nma e\u011filimi Arendt\u2019in analizlerinde merkezi bir \u00f6neme sahiptir. Herkesin su\u00e7lu oldu\u011fu yerde hi\u00e7 kimsenin su\u00e7lu olmad\u0131\u011f\u0131n\u0131 \u00f6ne s\u00fcrerek, ahlaki sorumluluk ve nesnel su\u00e7 aras\u0131ndaki ayr\u0131m\u0131n politik ve\u00e7heleri \u00fczerine hukuk ve ahlak felsefesi \u00e7er\u00e7evesinde kalem oynat\u0131r. Sorumluluk ve Yarg\u0131, \u201ck\u00f6t\u00fcl\u00fc\u011f\u00fcn s\u0131radanl\u0131\u011f\u0131\u201d \u00fczerine devam eden bir tart\u0131\u015fman\u0131n par\u00e7as\u0131 oldu\u011fu kadar, ahlak felsefesi, sorumluluk, hakikat ve kolektif su\u00e7 mefhumlar\u0131 \u00fczerine de sistemli bir d\u00fc\u015f\u00fcnme \u00e7abas\u0131n\u0131n \u00fcr\u00fcn\u00fcd\u00fcr. \u201cHem ahlaki hem de politik olarak, kay\u0131ts\u0131zl\u0131k en b\u00fcy\u00fck tehlikedir. Ger\u00e7ek skandala, ger\u00e7ek ayak ba\u011flar\u0131, ki\u015finin kendi \u00f6rneklerini ve ona e\u015flik edecekleri se\u00e7me iste\u011finden ve yetene\u011finden mahrum olmas\u0131ndan, kendi yarg\u0131s\u0131 arac\u0131l\u0131\u011f\u0131yla ba\u015fkalar\u0131yla ili\u015fki kurma iste\u011fini ya da yetene\u011fini g\u00f6sterememesinden do\u011far. Deh\u015fetle beraber, k\u00f6t\u00fcl\u00fc\u011f\u00fcn s\u0131radanl\u0131\u011f\u0131 da i\u015fte orada yatar.\u201d <\/p>\n","protected":false},"excerpt":{"rendered":"<p>20. y\u00fczy\u0131l\u0131n en \u00f6nemli d\u00fc\u015f\u00fcn\u00fcrlerinden Hannah Arendt makale, konu\u015fma ve derslerinden olu\u015fan Sorumluluk ve Yarg\u0131\u2019da Yahudi soyk\u0131r\u0131m\u0131ndan atom bombas\u0131n\u0131n kullan\u0131m amac\u0131na, Vietnam sava\u015f\u0131ndan \u0131rk\u00e7\u0131l\u0131\u011fa ya\u015fad\u0131\u011f\u0131 y\u00fczy\u0131l\u0131n<span class=\"excerpt-hellip\"> [\u2026]<\/span><\/p>\n","protected":false},"featured_media":0,"template":"","meta":{"_monsterinsights_skip_tracking":false,"_monsterinsights_sitenote_active":false,"_monsterinsights_sitenote_note":"","_monsterinsights_sitenote_category":0},"product_brand":[],"product_cat":[13059,12337],"product_tag":[],"class_list":{"0":"post-715722","1":"product","2":"type-product","3":"status-publish","5":"product_cat-diger-politika-siyaset","6":"product_cat-politika-siyaset","7":"pa_cilt-ciltsiz","8":"pa_tur-kitap","9":"pa_yayinevi-sel-yayincilik","10":"pa_yazar-hannah-arendt","12":"first","13":"instock","14":"sale","15":"shipping-taxable","16":"purchasable","17":"product-type-simple"},"_links":{"self":[{"href":"https:\/\/roveyayinevi.com.tr\/index.php\/wp-json\/wp\/v2\/product\/715722","targetHints":{"allow":["GET"]}}],"collection":[{"href":"https:\/\/roveyayinevi.com.tr\/index.php\/wp-json\/wp\/v2\/product"}],"about":[{"href":"https:\/\/roveyayinevi.com.tr\/index.php\/wp-json\/wp\/v2\/types\/product"}],"wp:attachment":[{"href":"https:\/\/roveyayinevi.com.tr\/index.php\/wp-json\/wp\/v2\/media?parent=715722"}],"wp:term":[{"taxonomy":"product_brand","embeddable":true,"href":"https:\/\/roveyayinevi.com.tr\/index.php\/wp-json\/wp\/v2\/product_brand?post=715722"},{"taxonomy":"product_cat","embeddable":true,"href":"https:\/\/roveyayinevi.com.tr\/index.php\/wp-json\/wp\/v2\/product_cat?post=715722"},{"taxonomy":"product_tag","embeddable":true,"href":"https:\/\/roveyayinevi.com.tr\/index.php\/wp-json\/wp\/v2\/product_tag?post=715722"}],"curies":[{"name":"wp","href":"https:\/\/api.w.org\/{rel}","templated":true}]}}