{"id":715721,"date":"2025-08-27T17:34:12","date_gmt":"2025-08-27T14:34:12","guid":{"rendered":"https:\/\/roveyayinevi.com.tr\/index.php\/urun\/kor-dovusu\/"},"modified":"2026-04-16T02:23:53","modified_gmt":"2026-04-15T23:23:53","slug":"kor-dovusu","status":"publish","type":"product","link":"https:\/\/roveyayinevi.com.tr\/index.php\/urun\/kor-dovusu\/","title":{"rendered":"K\u00f6r D\u00f6v\u00fc\u015f\u00fc"},"content":{"rendered":"<p>K\u00f6r D\u00f6v\u00fc\u015f\u00fc farkl\u0131 bi\u00e7imlerde ku\u015fat\u0131lm\u0131\u015f kad\u0131nlar\u0131n, ailesine k\u0131rg\u0131n \u00e7ocuklar\u0131n, hayal k\u0131r\u0131kl\u0131\u011f\u0131na u\u011frayan e\u015flerin tahamm\u00fcl e\u015fikleri a\u015f\u0131ld\u0131\u011f\u0131nda ortaya koyduklar\u0131 iradi eylemin \u00f6yk\u00fcs\u00fcn\u00fc anlat\u0131yor. Her hik\u00e2ye incinmekten karar almaya ve nihayet \u00f6fkeye do\u011fru uzanan o engebeli yolun bir par\u00e7as\u0131 olarak hayat bulurken; farkl\u0131 k\u00fclt\u00fcr ve s\u0131n\u0131fsal k\u00f6kenlerden gelenlerin, farkl\u0131 deneyimlerle harlanm\u0131\u015flar\u0131n yolu, bu ortak duyguda kesi\u015fiyor. Ay\u015fen I\u015f\u0131k bir silah\u0131n metal so\u011fuklu\u011fundan bir mavi elbiseye, bir an\u0131 defteri sayfas\u0131ndan bir seri \u00fcretim hatas\u0131na objelerin, mek\u00e2nlar\u0131n bellekteki izinin alt\u0131n\u0131 \u00e7iziyor, \u00e2n\u0131 dondurarak hislerin u\u00e7uculu\u011funa son veriyor ve minimal \u00fcslubunun zenginli\u011fiyle t\u00fcm detaylar\u0131 nak\u015fediyor zihnimize. Elini vicdan\u0131na de\u011fil adalet terazisine koyanlar i\u00e7in&#8230; \u201cZihnimin arkas\u0131nda karanl\u0131k bir nokta, bir karara k\u0131\u015fk\u0131rt\u0131yor beni, baz\u0131 \u015feylere son vermeli, tez elden son vermeli, buna kim engel olabilir?\u201d <\/p>\n","protected":false},"excerpt":{"rendered":"<p>K\u00f6r D\u00f6v\u00fc\u015f\u00fc farkl\u0131 bi\u00e7imlerde ku\u015fat\u0131lm\u0131\u015f kad\u0131nlar\u0131n, ailesine k\u0131rg\u0131n \u00e7ocuklar\u0131n, hayal k\u0131r\u0131kl\u0131\u011f\u0131na u\u011frayan e\u015flerin tahamm\u00fcl e\u015fikleri a\u015f\u0131ld\u0131\u011f\u0131nda ortaya koyduklar\u0131 iradi eylemin \u00f6yk\u00fcs\u00fcn\u00fc anlat\u0131yor. Her hik\u00e2ye incinmekten karar<span class=\"excerpt-hellip\"> [\u2026]<\/span><\/p>\n","protected":false},"featured_media":0,"template":"","meta":{"_monsterinsights_skip_tracking":false,"_monsterinsights_sitenote_active":false,"_monsterinsights_sitenote_note":"","_monsterinsights_sitenote_category":0},"product_brand":[],"product_cat":[12291,12711],"product_tag":[],"class_list":{"0":"post-715721","1":"product","2":"type-product","3":"status-publish","5":"product_cat-edebiyat","6":"product_cat-roman-oyku","7":"pa_cilt-ciltsiz","8":"pa_tur-kitap","9":"pa_yayinevi-sel-yayincilik","10":"pa_yazar-aysen-isik","12":"first","13":"instock","14":"sale","15":"shipping-taxable","16":"purchasable","17":"product-type-simple"},"_links":{"self":[{"href":"https:\/\/roveyayinevi.com.tr\/index.php\/wp-json\/wp\/v2\/product\/715721","targetHints":{"allow":["GET"]}}],"collection":[{"href":"https:\/\/roveyayinevi.com.tr\/index.php\/wp-json\/wp\/v2\/product"}],"about":[{"href":"https:\/\/roveyayinevi.com.tr\/index.php\/wp-json\/wp\/v2\/types\/product"}],"wp:attachment":[{"href":"https:\/\/roveyayinevi.com.tr\/index.php\/wp-json\/wp\/v2\/media?parent=715721"}],"wp:term":[{"taxonomy":"product_brand","embeddable":true,"href":"https:\/\/roveyayinevi.com.tr\/index.php\/wp-json\/wp\/v2\/product_brand?post=715721"},{"taxonomy":"product_cat","embeddable":true,"href":"https:\/\/roveyayinevi.com.tr\/index.php\/wp-json\/wp\/v2\/product_cat?post=715721"},{"taxonomy":"product_tag","embeddable":true,"href":"https:\/\/roveyayinevi.com.tr\/index.php\/wp-json\/wp\/v2\/product_tag?post=715721"}],"curies":[{"name":"wp","href":"https:\/\/api.w.org\/{rel}","templated":true}]}}