{"id":715717,"date":"2025-08-27T17:34:09","date_gmt":"2025-08-27T14:34:09","guid":{"rendered":"https:\/\/roveyayinevi.com.tr\/index.php\/urun\/ruh-sevgisi-kalp-merkezlerinizi-uyandirmak\/"},"modified":"2026-04-16T02:23:53","modified_gmt":"2026-04-15T23:23:53","slug":"ruh-sevgisi-kalp-merkezlerinizi-uyandirmak","status":"publish","type":"product","link":"https:\/\/roveyayinevi.com.tr\/index.php\/urun\/ruh-sevgisi-kalp-merkezlerinizi-uyandirmak\/","title":{"rendered":"Ruh Sevgisi &#8211; Kalp Merkezlerinizi Uyand\u0131rmak"},"content":{"rendered":"<p>Bilge bir ruhsal rehber olan Orin taraf\u0131ndan Sanaya Roman kanal\u0131yla sunulan bu ola\u011fan\u00fcst\u00fc kitap, ruhunuzla temas kurmay\u0131 ve kalp merkezlerinizi uyand\u0131rmay\u0131 ad\u0131m ad\u0131m \u00f6\u011freten \u00e7ok \u00f6nemli bir rehberdir. Bu kitab\u0131 okurken, harika bir ser\u00fcvene ve tek\u00e2m\u00fcl yolculu\u011funa \u00e7\u0131kacaks\u0131n\u0131z. Ruh kat\u0131na gidecek ve ruhunuzla bulu\u015fup birle\u015feceksiniz. Ruhunuzu g\u00fcnl\u00fck hayat\u0131n\u0131z\u0131n bir par\u00e7as\u0131 k\u0131lmay\u0131 \u00f6\u011frenecek, onun \u0131\u015f\u0131\u011f\u0131ndan, sevgisinden ve t\u00fcm g\u00fc\u00e7lerinden yarar- lanabileceksinizYolculu\u011funuzu s\u00fcrd\u00fcrerek, kendinizi ve ba\u015fkalar\u0131n\u0131 sevme yetene\u011finizi art\u0131rmak i\u00e7in ruhunuzla birlikte \u00fc\u00e7 kalp merkezinizi uyand\u0131racaks\u0131n\u0131z. Ruh sevgisinin din- ginli\u011fini ve bir\u2019li\u011fini deneyimlemek, olumsuz enerjiyi d\u00f6n\u00fc\u015ft\u00fcrmek, g\u00fc\u00e7 m\u00fccadele- lerini b\u0131rakmak, kendinize sad\u0131k kalmak, ruhunuzun manyetik ve ko\u015fulsuz sevgisini yayarak sevgiyi ve t\u00fcm iyi \u015feyleri kendinize \u00e7ekmek i\u00e7in ruhunuzla ve ba\u015fkalar\u0131n\u0131n ruhlar\u0131yla nas\u0131l \u00e7al\u0131\u015faca\u011f\u0131n\u0131z\u0131 \u00f6\u011freneceksiniz. Yine bu kitapta, bir insanla birlikte olman\u0131z\u0131n y\u00fcksek amac\u0131n\u0131 ger\u00e7ekle\u015ftiren, besleyici ili\u015fkiler yaratmak i\u00e7in ruhunuzla nas\u0131l \u00e7al\u0131\u015faca\u011f\u0131n\u0131z\u0131 ke\u015ffedeceksiniz. Sev- ginin \u00f6n\u00fcndeki engelleri yok edecek, evrensel ili\u015fki yasalar\u0131n\u0131 inceleyecek ve sevmenin yeni bi\u00e7imlerini ke\u015ffedeceksiniz. Bir ruh e\u015fini ve di\u011fer \u00f6nemli insanlar\u0131 hayat\u0131n\u0131za nas\u0131l \u00e7ekece\u011finizi \u00f6\u011freneksinizYolculu\u011funuzu, aileniz, arkada\u015flar\u0131n\u0131z ve bir par\u00e7as\u0131 oldu\u011funuz gruplarla ili\u015fki- lerinizi d\u00f6n\u00fc\u015ft\u00fcrmek i\u00e7in sevgi \u00e7arklar\u0131 olu\u015fturarak bitireceksiniz. B\u00fcy\u00fck Varl\u0131klara, insanl\u0131\u011f\u0131n kalp merkezlerini uyand\u0131rmalar\u0131 i\u00e7in yap\u0131lan toplu \u00e7a\u011fr\u0131ya kat\u0131lacak, b\u00f6y- lece, evrendeki en g\u00fc\u00e7l\u00fc enerji olan sevginin g\u00fcc\u00fcn\u00fc deneyimleyeceksiniz.<\/p>\n","protected":false},"excerpt":{"rendered":"<p>Bilge bir ruhsal rehber olan Orin taraf\u0131ndan Sanaya Roman kanal\u0131yla sunulan bu ola\u011fan\u00fcst\u00fc kitap, ruhunuzla temas kurmay\u0131 ve kalp merkezlerinizi uyand\u0131rmay\u0131 ad\u0131m ad\u0131m \u00f6\u011freten \u00e7ok \u00f6nemli<span class=\"excerpt-hellip\"> [\u2026]<\/span><\/p>\n","protected":false},"featured_media":0,"template":"","meta":{"_monsterinsights_skip_tracking":false,"_monsterinsights_sitenote_active":false,"_monsterinsights_sitenote_note":"","_monsterinsights_sitenote_category":0},"product_brand":[],"product_cat":[12364,12376],"product_tag":[],"class_list":{"0":"post-715717","1":"product","2":"type-product","3":"status-publish","5":"product_cat-genel-konular","6":"product_cat-kisisel-gelisim","7":"pa_cilt-ciltsiz","8":"pa_tur-kitap","9":"pa_yayinevi-akasa-yayinlari","10":"pa_yazar-sanaya-roman","12":"first","13":"instock","14":"sale","15":"shipping-taxable","16":"purchasable","17":"product-type-simple"},"_links":{"self":[{"href":"https:\/\/roveyayinevi.com.tr\/index.php\/wp-json\/wp\/v2\/product\/715717","targetHints":{"allow":["GET"]}}],"collection":[{"href":"https:\/\/roveyayinevi.com.tr\/index.php\/wp-json\/wp\/v2\/product"}],"about":[{"href":"https:\/\/roveyayinevi.com.tr\/index.php\/wp-json\/wp\/v2\/types\/product"}],"wp:attachment":[{"href":"https:\/\/roveyayinevi.com.tr\/index.php\/wp-json\/wp\/v2\/media?parent=715717"}],"wp:term":[{"taxonomy":"product_brand","embeddable":true,"href":"https:\/\/roveyayinevi.com.tr\/index.php\/wp-json\/wp\/v2\/product_brand?post=715717"},{"taxonomy":"product_cat","embeddable":true,"href":"https:\/\/roveyayinevi.com.tr\/index.php\/wp-json\/wp\/v2\/product_cat?post=715717"},{"taxonomy":"product_tag","embeddable":true,"href":"https:\/\/roveyayinevi.com.tr\/index.php\/wp-json\/wp\/v2\/product_tag?post=715717"}],"curies":[{"name":"wp","href":"https:\/\/api.w.org\/{rel}","templated":true}]}}