{"id":715716,"date":"2025-08-27T17:34:08","date_gmt":"2025-08-27T14:34:08","guid":{"rendered":"https:\/\/roveyayinevi.com.tr\/index.php\/urun\/dil-ve-edebiyat-ogretimi\/"},"modified":"2026-04-16T02:23:53","modified_gmt":"2026-04-15T23:23:53","slug":"dil-ve-edebiyat-ogretimi","status":"publish","type":"product","link":"https:\/\/roveyayinevi.com.tr\/index.php\/urun\/dil-ve-edebiyat-ogretimi\/","title":{"rendered":"Dil ve Edebiyat \u00d6\u011fretimi"},"content":{"rendered":"<p>Bu kitapta \u00f6ncelikle edebiyat \u00f6\u011fretmenlerinin &#8216;\u00c7a\u011fda\u015f bir dil ve edebiyat \u00f6\u011fretimi nas\u0131l ger\u00e7ekle\u015ftirilebilir?&#8217; sorusuna yan\u0131t bulmak ama\u00e7lanm\u0131\u015ft\u0131r. Bu kitap ayr\u0131ca edebiyat \u00f6\u011frencileri, edebiyat \u00f6\u011fretiminde uzmanla\u015fmak isteyen y\u00fcksek lisans ve doktora \u00f6\u011frencileri i\u00e7in geni\u015f kapsaml\u0131 bir ba\u015fvuru kayna\u011f\u0131d\u0131r.<\/p>\n","protected":false},"excerpt":{"rendered":"<p>Bu kitapta \u00f6ncelikle edebiyat \u00f6\u011fretmenlerinin &#8216;\u00c7a\u011fda\u015f bir dil ve edebiyat \u00f6\u011fretimi nas\u0131l ger\u00e7ekle\u015ftirilebilir?&#8217; sorusuna yan\u0131t bulmak ama\u00e7lanm\u0131\u015ft\u0131r. Bu kitap ayr\u0131ca edebiyat \u00f6\u011frencileri, edebiyat \u00f6\u011fretiminde uzmanla\u015fmak isteyen<span class=\"excerpt-hellip\"> [\u2026]<\/span><\/p>\n","protected":false},"featured_media":0,"template":"","meta":{"_monsterinsights_skip_tracking":false,"_monsterinsights_sitenote_active":false,"_monsterinsights_sitenote_note":"","_monsterinsights_sitenote_category":0},"product_brand":[],"product_cat":[20225,12291],"product_tag":[],"class_list":{"0":"post-715716","1":"product","2":"type-product","3":"status-publish","5":"product_cat-dil-bilim","6":"product_cat-edebiyat","7":"pa_cilt-ciltsiz","8":"pa_tur-kitap","9":"pa_yayinevi-ani-yayincilik","10":"pa_yazar-tugba-celik","12":"first","13":"instock","14":"sale","15":"shipping-taxable","16":"purchasable","17":"product-type-simple"},"_links":{"self":[{"href":"https:\/\/roveyayinevi.com.tr\/index.php\/wp-json\/wp\/v2\/product\/715716","targetHints":{"allow":["GET"]}}],"collection":[{"href":"https:\/\/roveyayinevi.com.tr\/index.php\/wp-json\/wp\/v2\/product"}],"about":[{"href":"https:\/\/roveyayinevi.com.tr\/index.php\/wp-json\/wp\/v2\/types\/product"}],"wp:attachment":[{"href":"https:\/\/roveyayinevi.com.tr\/index.php\/wp-json\/wp\/v2\/media?parent=715716"}],"wp:term":[{"taxonomy":"product_brand","embeddable":true,"href":"https:\/\/roveyayinevi.com.tr\/index.php\/wp-json\/wp\/v2\/product_brand?post=715716"},{"taxonomy":"product_cat","embeddable":true,"href":"https:\/\/roveyayinevi.com.tr\/index.php\/wp-json\/wp\/v2\/product_cat?post=715716"},{"taxonomy":"product_tag","embeddable":true,"href":"https:\/\/roveyayinevi.com.tr\/index.php\/wp-json\/wp\/v2\/product_tag?post=715716"}],"curies":[{"name":"wp","href":"https:\/\/api.w.org\/{rel}","templated":true}]}}