{"id":715715,"date":"2025-08-27T17:34:08","date_gmt":"2025-08-27T14:34:08","guid":{"rendered":"https:\/\/roveyayinevi.com.tr\/index.php\/urun\/mustafa-kemalin-ordusunda-bir-alman-yuzbasi\/"},"modified":"2026-03-18T02:33:46","modified_gmt":"2026-03-17T23:33:46","slug":"mustafa-kemalin-ordusunda-bir-alman-yuzbasi","status":"publish","type":"product","link":"https:\/\/roveyayinevi.com.tr\/index.php\/urun\/mustafa-kemalin-ordusunda-bir-alman-yuzbasi\/","title":{"rendered":"Mustafa Kemal&#8217;in Ordusunda Bir Alman Y\u00fczba\u015f\u0131"},"content":{"rendered":"<p>Birinci D\u00fcnya Sava\u015f\u0131 sonu\u2026 Almanya ve Osmanl\u0131 \u0130mparatorlu\u011fu\u2019nun i\u00e7inde oldu\u011fu \u0130ttifak Devletleri yenilmi\u015f\u2026 Ma\u011flup devletlere a\u011f\u0131r ko\u015fullar dayat\u0131l\u0131yor\u2026 Balt\u0131k cephesinde piyade y\u00fczba\u015f\u0131 olan ve \u00fclkesindeki boyun e\u011fmeyi i\u00e7ine sindiremeyen Hans Tr\u00f6bst, T\u00fcrkiye\u2019de Mustafa Kemal liderli\u011finde bir direni\u015f ba\u015flat\u0131ld\u0131\u011f\u0131n\u0131 duyar. Bu direni\u015fe kat\u0131lmak \u00fczere Varna \u00fczerinden gizlice \u0130stanbul\u2019a gelir. Burada buldu\u011fu birka\u00e7 ba\u011flant\u0131 sayesinde Anadolu\u2019ya ge\u00e7er ve Kurtulu\u015f Sava\u015f\u0131\u2019n\u0131n sonuna kadar Anadolu\u2019da kal\u0131r. Tr\u00f6bst, \u00e7e\u015fitli g\u00f6revlerle k\u00f6yden k\u00f6ye, cepheden cepheye dola\u015f\u0131r, Lozan Antla\u015fmas\u0131\u2019n\u0131n imzaland\u0131\u011f\u0131 g\u00fcn T\u00fcrkiye\u2019den ayr\u0131l\u0131r. Birka\u00e7 y\u0131l sonra da Anadolu\u2019da ge\u00e7irdi\u011fi iki y\u0131l\u0131 kaleme ald\u0131\u011f\u0131 an\u0131lar\u0131 kitap olarak yay\u0131mlan\u0131r. \u00c7ok iyi bir g\u00f6zlemci olan Tr\u00f6bst\u2019\u00fcn an\u0131lar\u0131, ne bir g\u00fczellemedir ne de yergi\u2026 Alman y\u00fczba\u015f\u0131, Anadolu\u2019nun insan\u0131n\u0131, de\u011fi\u015fken do\u011fas\u0131n\u0131, k\u00f6yleri, kentleri, d\u00f6nemin ya\u015fam ko\u015fullar\u0131n\u0131 g\u00fc\u00e7l\u00fc bir anlat\u0131mla sergiliyor. G\u00f6rd\u00fcklerini, ya\u015fad\u0131klar\u0131n\u0131 yer yer Homeros, Goethe, Schiller ve di\u011ferlerinden al\u0131nt\u0131larla s\u00fcslerken, i\u015fin i\u00e7ine mizah katmay\u0131 da ihmal etmiyor. Tr\u00f6bst, \u201cBuras\u0131, umudunu yitirmeyen ve ulusal varl\u0131\u011f\u0131 i\u00e7in sava\u015fmay\u0131 s\u00fcrd\u00fcren tek \u00fclkeydi, bedeli tamamen yok olmak olsa bile,\u201d dedi\u011fi T\u00fcrkiye\u2019nin gelece\u011fini g\u00f6rm\u00fc\u015f gibidir: \u201c\u0130lerleme ile gerileme el ele olmal\u0131yd\u0131 ve bunun sonucu: \u201cNe ileriye do\u011fru bir ad\u0131m m\u00fcmk\u00fcn, ne geriye\u201d ve \u015fark\u0131n\u0131n sonu: Durgunluk! Zavall\u0131 T\u00fcrkiye! Dininizi modernle\u015ftirin, Anadolu\u2019da da kad\u0131nlar\u0131n\u0131za \u00f6zg\u00fcrl\u00fck tan\u0131y\u0131n, o zaman yeniden canlanmas\u0131 i\u00e7in ulusal ya\u015fam\u0131n\u0131z\u0131n \u00f6n\u00fcndeki ana engel ortadan kalkacakt\u0131r ve o zaman sizin de zamanla ilerleyece\u011finize dair en az\u0131ndan umudunuz olacakt\u0131r. \u015eimdiye kadar kazand\u0131\u011f\u0131n\u0131z b\u00fct\u00fcn ba\u015far\u0131lar, ba\u015ftaki do\u011fru adam art\u0131k ba\u015fta olmay\u0131nca, eninde sonunda \u00e7aresiz kendili\u011finden k\u00f6relecektir.\u201d <\/p>\n","protected":false},"excerpt":{"rendered":"<p>Birinci D\u00fcnya Sava\u015f\u0131 sonu\u2026 Almanya ve Osmanl\u0131 \u0130mparatorlu\u011fu\u2019nun i\u00e7inde oldu\u011fu \u0130ttifak Devletleri yenilmi\u015f\u2026 Ma\u011flup devletlere a\u011f\u0131r ko\u015fullar dayat\u0131l\u0131yor\u2026 Balt\u0131k cephesinde piyade y\u00fczba\u015f\u0131 olan ve \u00fclkesindeki boyun<span class=\"excerpt-hellip\"> [\u2026]<\/span><\/p>\n","protected":false},"featured_media":0,"template":"","meta":{"_monsterinsights_skip_tracking":false,"_monsterinsights_sitenote_active":false,"_monsterinsights_sitenote_note":"","_monsterinsights_sitenote_category":0},"product_brand":[],"product_cat":[13590,12337],"product_tag":[],"class_list":{"0":"post-715715","1":"product","2":"type-product","3":"status-publish","5":"product_cat-arastirma-inceleme-politika-siyaset","6":"product_cat-politika-siyaset","7":"pa_cilt-ciltsiz","8":"pa_tur-kitap","9":"pa_yayinevi-kirmizi-kedi-yayinevi","10":"pa_yazar-hans-trobst","12":"first","13":"instock","14":"sale","15":"shipping-taxable","16":"purchasable","17":"product-type-simple"},"_links":{"self":[{"href":"https:\/\/roveyayinevi.com.tr\/index.php\/wp-json\/wp\/v2\/product\/715715","targetHints":{"allow":["GET"]}}],"collection":[{"href":"https:\/\/roveyayinevi.com.tr\/index.php\/wp-json\/wp\/v2\/product"}],"about":[{"href":"https:\/\/roveyayinevi.com.tr\/index.php\/wp-json\/wp\/v2\/types\/product"}],"wp:attachment":[{"href":"https:\/\/roveyayinevi.com.tr\/index.php\/wp-json\/wp\/v2\/media?parent=715715"}],"wp:term":[{"taxonomy":"product_brand","embeddable":true,"href":"https:\/\/roveyayinevi.com.tr\/index.php\/wp-json\/wp\/v2\/product_brand?post=715715"},{"taxonomy":"product_cat","embeddable":true,"href":"https:\/\/roveyayinevi.com.tr\/index.php\/wp-json\/wp\/v2\/product_cat?post=715715"},{"taxonomy":"product_tag","embeddable":true,"href":"https:\/\/roveyayinevi.com.tr\/index.php\/wp-json\/wp\/v2\/product_tag?post=715715"}],"curies":[{"name":"wp","href":"https:\/\/api.w.org\/{rel}","templated":true}]}}