{"id":715714,"date":"2025-08-27T17:34:07","date_gmt":"2025-08-27T14:34:07","guid":{"rendered":"https:\/\/roveyayinevi.com.tr\/index.php\/urun\/gizli-kalan-hayatlar\/"},"modified":"2026-04-16T02:23:53","modified_gmt":"2026-04-15T23:23:53","slug":"gizli-kalan-hayatlar","status":"publish","type":"product","link":"https:\/\/roveyayinevi.com.tr\/index.php\/urun\/gizli-kalan-hayatlar\/","title":{"rendered":"Gizli Kalan Hayatlar"},"content":{"rendered":"<p>Aimee Tierney\u2019nin m\u00fckemmel bir hayat i\u00e7in m\u00fcthi\u015f planlar\u0131 vard\u0131r: \u00e7ocukluk a\u015fk\u0131yla evlenmek, aile kurmak ve ailesinin restoran\u0131n\u0131 devralmak. Ama ni\u015fanl\u0131s\u0131 James Donato bir tekne kazas\u0131nda kaybolunca Aimee\u2019nin gelecek planlar\u0131 alt\u00fcst olur. D\u00fc\u011f\u00fcn g\u00fcn\u00fcnde kilisede hayatlar\u0131n\u0131 birle\u015ftirmek yerine James\u2019in cenazesine kat\u0131l\u0131r ve bu cenazede kar\u015f\u0131s\u0131na \u00e7\u0131kan gizemli bir kad\u0131n\u0131n s\u00f6zleriyle \u00fcz\u00fcnt\u00fcs\u00fc katbekat artar.Aimee hayat\u0131n\u0131 yeniden kurmaya \u00e7al\u0131\u015f\u0131rken kafas\u0131nda d\u00f6n\u00fcp duran sorular pe\u015fini b\u0131rakmaz ve James\u2019in kaybolu\u015funu ara\u015ft\u0131rmaya ba\u015flar. Ortaya \u00e7\u0131kard\u0131\u011f\u0131 s\u0131rlar, birlikte kurduklar\u0131 hayatla ilgili her \u015feyi sorgulamas\u0131na neden olur. G\u00f6r\u00fcnenin ard\u0131nda Aimee\u2019yi \u00f6zg\u00fcr b\u0131rakacak ya da onu parampar\u00e7a edecek bir ger\u00e7ek yatmaktad\u0131r.Beklenmedik geli\u015fmelerle dolu Gizli Kalan Hayatlar\u2019da, kayb\u0131n y\u0131k\u0131m\u0131n\u0131, a\u015fk\u0131 yeniden bulman\u0131n co\u015fkusunu, sevdi\u011fimiz ki\u015filerle ilgili ger\u00e7ekleri ve onlar\u0131n bizi korumak i\u00e7in yapabileceklerini ke\u015ffederken nabz\u0131n\u0131z\u0131n h\u0131zland\u0131\u011f\u0131n\u0131 hissedeceksiniz.<\/p>\n","protected":false},"excerpt":{"rendered":"<p>Aimee Tierney\u2019nin m\u00fckemmel bir hayat i\u00e7in m\u00fcthi\u015f planlar\u0131 vard\u0131r: \u00e7ocukluk a\u015fk\u0131yla evlenmek, aile kurmak ve ailesinin restoran\u0131n\u0131 devralmak. Ama ni\u015fanl\u0131s\u0131 James Donato bir tekne kazas\u0131nda kaybolunca<span class=\"excerpt-hellip\"> [\u2026]<\/span><\/p>\n","protected":false},"featured_media":0,"template":"","meta":{"_monsterinsights_skip_tracking":false,"_monsterinsights_sitenote_active":false,"_monsterinsights_sitenote_note":"","_monsterinsights_sitenote_category":0},"product_brand":[],"product_cat":[12291,12711],"product_tag":[],"class_list":{"0":"post-715714","1":"product","2":"type-product","3":"status-publish","5":"product_cat-edebiyat","6":"product_cat-roman-oyku","7":"pa_cilt-ciltsiz","8":"pa_tur-kitap","9":"pa_yayinevi-altin-kitaplar","10":"pa_yazar-kerry-lonsdale","12":"first","13":"instock","14":"sale","15":"shipping-taxable","16":"purchasable","17":"product-type-simple"},"_links":{"self":[{"href":"https:\/\/roveyayinevi.com.tr\/index.php\/wp-json\/wp\/v2\/product\/715714","targetHints":{"allow":["GET"]}}],"collection":[{"href":"https:\/\/roveyayinevi.com.tr\/index.php\/wp-json\/wp\/v2\/product"}],"about":[{"href":"https:\/\/roveyayinevi.com.tr\/index.php\/wp-json\/wp\/v2\/types\/product"}],"wp:attachment":[{"href":"https:\/\/roveyayinevi.com.tr\/index.php\/wp-json\/wp\/v2\/media?parent=715714"}],"wp:term":[{"taxonomy":"product_brand","embeddable":true,"href":"https:\/\/roveyayinevi.com.tr\/index.php\/wp-json\/wp\/v2\/product_brand?post=715714"},{"taxonomy":"product_cat","embeddable":true,"href":"https:\/\/roveyayinevi.com.tr\/index.php\/wp-json\/wp\/v2\/product_cat?post=715714"},{"taxonomy":"product_tag","embeddable":true,"href":"https:\/\/roveyayinevi.com.tr\/index.php\/wp-json\/wp\/v2\/product_tag?post=715714"}],"curies":[{"name":"wp","href":"https:\/\/api.w.org\/{rel}","templated":true}]}}