{"id":715713,"date":"2025-08-27T17:34:06","date_gmt":"2025-08-27T14:34:06","guid":{"rendered":"https:\/\/roveyayinevi.com.tr\/index.php\/urun\/dost-a-s\/"},"modified":"2026-04-12T02:29:23","modified_gmt":"2026-04-11T23:29:23","slug":"dost-a-s","status":"publish","type":"product","link":"https:\/\/roveyayinevi.com.tr\/index.php\/urun\/dost-a-s\/","title":{"rendered":"Dost A.\u015e"},"content":{"rendered":"<p>Bir \u015eirketin Size Para Kar\u015f\u0131l\u0131\u011f\u0131nda Dost Bulmas\u0131n\u0131 \u0130ster miydiniz? Toplumlar\u0131n i\u015fletme hastal\u0131\u011f\u0131na tutuldu\u011fu, devletlerin birer \u015firket gibi y\u00f6netildi\u011fi, insanlar\u0131n birbirlerine s\u00fcrekli &#8220;projen nedir?&#8221; diye sordu\u011fu bir \u00e7a\u011fdan hi\u00e7 \u015f\u00fcphe yok ki insan ili\u015fkileri ve dostluklar da nasibi alacakt\u0131. Dostluk t\u0131pk\u0131 Murat&#8217;\u0131n kurdu\u011fu \u015firket gibi insanlar\u0131n para kar\u015f\u0131l\u0131\u011f\u0131nda yak\u0131n dost tecr\u00fcbesi ya\u015fayacaklar\u0131 bir deneyim olacakt\u0131 art\u0131k. \u015eirketin ad\u0131 \u00e7ok netti: Dost A.\u015e. Toplumdan kopmu\u015f, i\u00e7ine kapanm\u0131\u015f, bir g\u00fczel sohbete ve yolda\u015fl\u0131\u011fa, s\u0131rda\u015fl\u0131\u011fa hasret kalm\u0131\u015f herkes Dost A.\u015e. i\u00e7in potansiyel birer m\u00fc\u015fteriydi. \u0130smail Bi\u00e7er, T\u00fcrk edebiyat\u0131na uzun y\u0131llar boyunca hi\u00e7 unutulmayacak \u00f6zg\u00fcnl\u00fckte bir roman arma\u011fan ediyor. Murat, Halil, Engin, Serap ve daha bir\u00e7ok karakteriyle Dost A.\u015e. hepimizi anlat\u0131rken t\u00fcm okuyuculara da benzersiz bir nasihatte bulunuyor: Dostluk hi\u00e7 bitmeyen bir yolculuktur. Tam bitti san\u0131l\u0131rken belki de ba\u015fka bir y\u00fczle ve ruhla yeniden \u00e7\u0131k\u0131lan bir yolculuk&#8230; <\/p>\n","protected":false},"excerpt":{"rendered":"<p>Bir \u015eirketin Size Para Kar\u015f\u0131l\u0131\u011f\u0131nda Dost Bulmas\u0131n\u0131 \u0130ster miydiniz? Toplumlar\u0131n i\u015fletme hastal\u0131\u011f\u0131na tutuldu\u011fu, devletlerin birer \u015firket gibi y\u00f6netildi\u011fi, insanlar\u0131n birbirlerine s\u00fcrekli &#8220;projen nedir?&#8221; diye sordu\u011fu bir<span class=\"excerpt-hellip\"> [\u2026]<\/span><\/p>\n","protected":false},"featured_media":0,"template":"","meta":{"_monsterinsights_skip_tracking":false,"_monsterinsights_sitenote_active":false,"_monsterinsights_sitenote_note":"","_monsterinsights_sitenote_category":0},"product_brand":[],"product_cat":[12291,12711],"product_tag":[],"class_list":{"0":"post-715713","1":"product","2":"type-product","3":"status-publish","5":"product_cat-edebiyat","6":"product_cat-roman-oyku","7":"pa_cilt-ciltsiz","8":"pa_tur-kitap","9":"pa_yayinevi-karakum-yayinevi","10":"pa_yazar-ismail-bicer","12":"first","13":"instock","14":"sale","15":"shipping-taxable","16":"purchasable","17":"product-type-simple"},"_links":{"self":[{"href":"https:\/\/roveyayinevi.com.tr\/index.php\/wp-json\/wp\/v2\/product\/715713","targetHints":{"allow":["GET"]}}],"collection":[{"href":"https:\/\/roveyayinevi.com.tr\/index.php\/wp-json\/wp\/v2\/product"}],"about":[{"href":"https:\/\/roveyayinevi.com.tr\/index.php\/wp-json\/wp\/v2\/types\/product"}],"wp:attachment":[{"href":"https:\/\/roveyayinevi.com.tr\/index.php\/wp-json\/wp\/v2\/media?parent=715713"}],"wp:term":[{"taxonomy":"product_brand","embeddable":true,"href":"https:\/\/roveyayinevi.com.tr\/index.php\/wp-json\/wp\/v2\/product_brand?post=715713"},{"taxonomy":"product_cat","embeddable":true,"href":"https:\/\/roveyayinevi.com.tr\/index.php\/wp-json\/wp\/v2\/product_cat?post=715713"},{"taxonomy":"product_tag","embeddable":true,"href":"https:\/\/roveyayinevi.com.tr\/index.php\/wp-json\/wp\/v2\/product_tag?post=715713"}],"curies":[{"name":"wp","href":"https:\/\/api.w.org\/{rel}","templated":true}]}}