{"id":715705,"date":"2025-08-27T17:34:01","date_gmt":"2025-08-27T14:34:01","guid":{"rendered":"https:\/\/roveyayinevi.com.tr\/index.php\/urun\/68li-ve-gazeteci\/"},"modified":"2026-04-16T02:23:53","modified_gmt":"2026-04-15T23:23:53","slug":"68li-ve-gazeteci","status":"publish","type":"product","link":"https:\/\/roveyayinevi.com.tr\/index.php\/urun\/68li-ve-gazeteci\/","title":{"rendered":"68&#8217;Li Ve Gazeteci"},"content":{"rendered":"<p>Gazetecili\u011finde evrensel kurallar\u0131 vard\u0131r.Bu ne demek hayat\u0131m boyunca bunlara ba\u011fl\u0131 kalmaya \u00e7al\u0131\u015ft\u0131m.En iyi bildi\u011fim \u015fey de gazetecinin t\u00fcm iktidarlara kar\u015f\u0131 bireylerin ve farkl\u0131 topluluklar\u0131n yan\u0131nda olmas\u0131 evrensel ilkesini hi\u00e7 akl\u0131mdan \u00e7\u0131karmad\u0131\u011f\u0131md\u0131r.Ana ak\u0131mda \u00e7al\u0131\u015ft\u0131\u011f\u0131m 12 Eyl\u00fcl ve sonras\u0131 d\u00f6nemlerde de bu ilkeyi hi\u00e7 g\u00f6z ard\u0131 etmedim.Memleket gazeteci\u011finin \u00f6nde gelen isimlerinden Tu\u011frul Ery\u0131lmaz s\u0131k\u0131 bir 68&#8217;li O &#8220;isyan g\u00fcnleri&#8217;nin &#8221; co\u015fkusunu hep i\u00e7inde duymu\u015f , M\u00fclkiye g\u00fcnlerinde H\u00fcseyin Cevahir&#8217;den Mahir \u00c7ayan&#8217;a Deniz Gezmi\u015f&#8217;e d\u00f6nemin gen\u00e7li\u011finin sahip oldu\u011fu &#8220;daha iyi bir d\u00fcnya yaratma&#8221; hayalini hi\u00e7 bir zaman yitirmemi\u015f bir 68&#8217;li.Ery\u0131lmaz ayn\u0131 zamanda iyi bir gazeteci:Gazeteci\u011fin &#8220;sessizin sesi olmak&#8221; manas\u0131na geldi\u011fini bilen , g\u00fc\u00e7l\u00fcye kar\u015f\u0131 eyvallah\u0131 olmayan , do\u011fru bildi\u011finin pe\u015finde giden bir gazeteci.Tu\u011frul Ery\u0131lmaz , Asu Maro&#8217;yla yapt\u0131\u011f\u0131 uzun s\u00f6yle\u015fide T\u00fcrkiye&#8217;de ve d\u00fcnyada 68&#8217;li olman\u0131n anlam\u0131n\u0131, o d\u00f6nemki arkada\u015fl\u0131klar\u0131n\u0131 , tan\u0131d\u0131klar\u0131n\u0131 , TRT&#8217;den Nokta&#8217;ya Yeni G\u00fcndem&#8217;den Sokak&#8217;a ve Radikal \u0130ki&#8217;ye gazetecilik ser\u00fcvenini tan\u0131d\u0131\u011f\u0131 onlarca insan\u0131 kendine \u00f6zg\u00fc renkli , sivri dili \u00fcsl\u00fcbuyla , hi\u00e7 sak\u0131nmadan anlat\u0131yor.Bir 68&#8217;li gazetecili\u011fin nas\u0131l yap\u0131lmas\u0131 gerekti\u011fine dair ders kitab\u0131 olarak bile g\u00f6r\u00fclebilecek , bir vakitler gazeteci\u011fin nas\u0131l yap\u0131ld\u0131\u011f\u0131n\u0131 , g\u00fcn\u00fcm\u00fczde ise nas\u0131l yap\u0131lmad\u0131\u011f\u0131n\u0131 \u00f6rnekleriyle ortaya koyan keyifli bir s\u00f6yle\u015fi.<\/p>\n","protected":false},"excerpt":{"rendered":"<p>Gazetecili\u011finde evrensel kurallar\u0131 vard\u0131r.Bu ne demek hayat\u0131m boyunca bunlara ba\u011fl\u0131 kalmaya \u00e7al\u0131\u015ft\u0131m.En iyi bildi\u011fim \u015fey de gazetecinin t\u00fcm iktidarlara kar\u015f\u0131 bireylerin ve farkl\u0131 topluluklar\u0131n yan\u0131nda olmas\u0131<span class=\"excerpt-hellip\"> [\u2026]<\/span><\/p>\n","protected":false},"featured_media":0,"template":"","meta":{"_monsterinsights_skip_tracking":false,"_monsterinsights_sitenote_active":false,"_monsterinsights_sitenote_note":"","_monsterinsights_sitenote_category":0},"product_brand":[],"product_cat":[13701,12291],"product_tag":[],"class_list":{"0":"post-715705","1":"product","2":"type-product","3":"status-publish","5":"product_cat-ani-mektup-gunluk","6":"product_cat-edebiyat","7":"pa_cilt-ciltsiz","8":"pa_tur-kitap","9":"pa_yayinevi-iletisim-yayinlari","10":"pa_yazar-tugrul-eryilmaz","12":"first","13":"instock","14":"sale","15":"shipping-taxable","16":"purchasable","17":"product-type-simple"},"_links":{"self":[{"href":"https:\/\/roveyayinevi.com.tr\/index.php\/wp-json\/wp\/v2\/product\/715705","targetHints":{"allow":["GET"]}}],"collection":[{"href":"https:\/\/roveyayinevi.com.tr\/index.php\/wp-json\/wp\/v2\/product"}],"about":[{"href":"https:\/\/roveyayinevi.com.tr\/index.php\/wp-json\/wp\/v2\/types\/product"}],"wp:attachment":[{"href":"https:\/\/roveyayinevi.com.tr\/index.php\/wp-json\/wp\/v2\/media?parent=715705"}],"wp:term":[{"taxonomy":"product_brand","embeddable":true,"href":"https:\/\/roveyayinevi.com.tr\/index.php\/wp-json\/wp\/v2\/product_brand?post=715705"},{"taxonomy":"product_cat","embeddable":true,"href":"https:\/\/roveyayinevi.com.tr\/index.php\/wp-json\/wp\/v2\/product_cat?post=715705"},{"taxonomy":"product_tag","embeddable":true,"href":"https:\/\/roveyayinevi.com.tr\/index.php\/wp-json\/wp\/v2\/product_tag?post=715705"}],"curies":[{"name":"wp","href":"https:\/\/api.w.org\/{rel}","templated":true}]}}