{"id":715696,"date":"2025-08-27T17:33:55","date_gmt":"2025-08-27T14:33:55","guid":{"rendered":"https:\/\/roveyayinevi.com.tr\/index.php\/urun\/yukselen-piyasa-ekonomilerinde-sicak-para-hareketlerine-bagimlilik-ve-iktisadi-buyume\/"},"modified":"2026-04-16T02:23:53","modified_gmt":"2026-04-15T23:23:53","slug":"yukselen-piyasa-ekonomilerinde-sicak-para-hareketlerine-bagimlilik-ve-iktisadi-buyume","status":"publish","type":"product","link":"https:\/\/roveyayinevi.com.tr\/index.php\/urun\/yukselen-piyasa-ekonomilerinde-sicak-para-hareketlerine-bagimlilik-ve-iktisadi-buyume\/","title":{"rendered":"Y\u00fckselen Piyasa Ekonomilerinde S\u0131cak Para Hareketlerine Ba\u011f\u0131ml\u0131l\u0131k ve \u0130ktisadi B\u00fcy\u00fcme"},"content":{"rendered":"<p>\u0130\u00e7indekiler1.Giri\u015f2.\u0130ktisadi B\u00fcy\u00fcme Kavram\u0131 ve \u0130ktisadi B\u00fcy\u00fcme Modelleri3.\u0130ktisadi B\u00fcy\u00fcmenin Ortaya \u00c7\u0131kard\u0131\u011f\u0131 Sermaye \u0130htiyac\u0131, Uluslararas\u0131 Sermaye Hareketlerinin Serbestle\u015fmesi ve K\u0131sa Vadeli Sermaye Hareketleri4.K\u0131sa Vadeli Yabanc\u0131 Sermaye Hareketleri ve \u0130ktisadi B\u00fcy\u00fcme \u00dczerindeki Etkileri: Y\u00fckselen Piyasa Ekonomilerine Y\u00f6nelik Bir Veri Analizi5. Sonu\u00e7<\/p>\n","protected":false},"excerpt":{"rendered":"<p>\u0130\u00e7indekiler1.Giri\u015f2.\u0130ktisadi B\u00fcy\u00fcme Kavram\u0131 ve \u0130ktisadi B\u00fcy\u00fcme Modelleri3.\u0130ktisadi B\u00fcy\u00fcmenin Ortaya \u00c7\u0131kard\u0131\u011f\u0131 Sermaye \u0130htiyac\u0131, Uluslararas\u0131 Sermaye Hareketlerinin Serbestle\u015fmesi ve K\u0131sa Vadeli Sermaye Hareketleri4.K\u0131sa Vadeli Yabanc\u0131 Sermaye Hareketleri ve<span class=\"excerpt-hellip\"> [\u2026]<\/span><\/p>\n","protected":false},"featured_media":0,"template":"","meta":{"_monsterinsights_skip_tracking":false,"_monsterinsights_sitenote_active":false,"_monsterinsights_sitenote_note":"","_monsterinsights_sitenote_category":0},"product_brand":[],"product_cat":[13043,14381],"product_tag":[],"class_list":{"0":"post-715696","1":"product","2":"type-product","3":"status-publish","5":"product_cat-ekonomi","6":"product_cat-isletme-muhasebe-maliye","7":"pa_cilt-ciltsiz","8":"pa_tur-kitap","9":"pa_yayinevi-gazi-kitabevi","10":"pa_yazar-omer-faruk-bicen","12":"first","13":"instock","14":"sale","15":"shipping-taxable","16":"purchasable","17":"product-type-simple"},"_links":{"self":[{"href":"https:\/\/roveyayinevi.com.tr\/index.php\/wp-json\/wp\/v2\/product\/715696","targetHints":{"allow":["GET"]}}],"collection":[{"href":"https:\/\/roveyayinevi.com.tr\/index.php\/wp-json\/wp\/v2\/product"}],"about":[{"href":"https:\/\/roveyayinevi.com.tr\/index.php\/wp-json\/wp\/v2\/types\/product"}],"wp:attachment":[{"href":"https:\/\/roveyayinevi.com.tr\/index.php\/wp-json\/wp\/v2\/media?parent=715696"}],"wp:term":[{"taxonomy":"product_brand","embeddable":true,"href":"https:\/\/roveyayinevi.com.tr\/index.php\/wp-json\/wp\/v2\/product_brand?post=715696"},{"taxonomy":"product_cat","embeddable":true,"href":"https:\/\/roveyayinevi.com.tr\/index.php\/wp-json\/wp\/v2\/product_cat?post=715696"},{"taxonomy":"product_tag","embeddable":true,"href":"https:\/\/roveyayinevi.com.tr\/index.php\/wp-json\/wp\/v2\/product_tag?post=715696"}],"curies":[{"name":"wp","href":"https:\/\/api.w.org\/{rel}","templated":true}]}}