{"id":715694,"date":"2025-08-27T17:33:54","date_gmt":"2025-08-27T14:33:54","guid":{"rendered":"https:\/\/roveyayinevi.com.tr\/index.php\/urun\/paradigmatik-devrim-ingiliz-sanli-devrimi\/"},"modified":"2026-04-16T02:23:52","modified_gmt":"2026-04-15T23:23:52","slug":"paradigmatik-devrim-ingiliz-sanli-devrimi","status":"publish","type":"product","link":"https:\/\/roveyayinevi.com.tr\/index.php\/urun\/paradigmatik-devrim-ingiliz-sanli-devrimi\/","title":{"rendered":"Paradigmatik Devrim &#8211; \u0130ngiliz \u015eanl\u0131 Devrimi"},"content":{"rendered":"<p>Bize g\u00f6re \u015eanl\u0131 Devrim, siyasi iktidara ya da otoriteye bir ba\u015fkald\u0131r\u0131 ise de, siyasi iktidar\u0131n ya da otoritenin hatalar\u0131n\u0131 \u201cyenilik\u201d mefhumuna g\u00f6re de\u011fil, reform anlay\u0131\u015f\u0131na g\u00f6re gidermeye \u00e7al\u0131\u015fan \u201cparadigmatik\u201d bir hadise ya da siyasi de\u011fi\u015fmedir; \u015eanl\u0131 Devrim \u201cdevrim\u201d olarak tan\u0131mland\u0131\u011f\u0131nda bile bir \u201creform\u201d \u00f6rne\u011fi olarak g\u00f6r\u00fclebilir. Bu tespitten yola \u00e7\u0131karak \u015funlar\u0131 s\u00f6yleyebiliriz: Toplumda de\u011fi\u015fiklikler yapmak gerekti\u011finde, dikkate al\u0131nmas\u0131 gereken husus bu de\u011fi\u015fikliklerin, radikalli\u011fi \u00f6l\u00e7\u00fcs\u00fcnde y\u0131k\u0131c\u0131 olabilece\u011fi ger\u00e7e\u011fidir. \u0130ngiliz Devrimlerini model ald\u0131\u011f\u0131 iddia edilen Frans\u0131z Devrimi bu ger\u00e7e\u011fi g\u00f6zler \u00f6n\u00fcne sermi\u015ftir. Bizler de ya\u015fanan hadiselerden dersler \u00e7\u0131karmakla y\u00fck\u00fcml\u00fcy\u00fcz Elinizdeki metnin yazar\u0131 bu t\u00fcr bir toplum m\u00fchendisli\u011fi projesine ya da \u201cjakobenizm\u201de ve sosyolojiyi halen \u201cv\u00fclger\u201d bir deyi\u015fle \u201ctoplum m\u00fchendisli\u011fi\u201d olarak tan\u0131mlayan zihniyete kar\u015f\u0131 \u00e7\u0131kmaktad\u0131r. Bu nedenle sosyal bir fenomen olarak \u201cdevrim\u201de (\u00f6zelde \u015eanl\u0131 Devrim\u2019e) odaklanarak bu t\u00fcr m\u00fchendislik projelerinin sosyal de\u011fi\u015fme kontekstinde ve \u201cmodernle\u015fmekte olan\u201d \u00fclkeler a\u00e7\u0131s\u0131ndan ne kadar zararl\u0131 olabilece\u011fine dair ipu\u00e7lar\u0131 sunmaya \u00e7al\u0131\u015fm\u0131\u015ft\u0131r.  XVI Louis: Bu bir isyan m\u0131?Rochefoucauld: Hay\u0131r, efendim bu bir devrim<\/p>\n","protected":false},"excerpt":{"rendered":"<p>Bize g\u00f6re \u015eanl\u0131 Devrim, siyasi iktidara ya da otoriteye bir ba\u015fkald\u0131r\u0131 ise de, siyasi iktidar\u0131n ya da otoritenin hatalar\u0131n\u0131 \u201cyenilik\u201d mefhumuna g\u00f6re de\u011fil, reform anlay\u0131\u015f\u0131na g\u00f6re<span class=\"excerpt-hellip\"> [\u2026]<\/span><\/p>\n","protected":false},"featured_media":0,"template":"","meta":{"_monsterinsights_skip_tracking":false,"_monsterinsights_sitenote_active":false,"_monsterinsights_sitenote_note":"","_monsterinsights_sitenote_category":0},"product_brand":[],"product_cat":[13590,12337],"product_tag":[],"class_list":{"0":"post-715694","1":"product","2":"type-product","3":"status-publish","5":"product_cat-arastirma-inceleme-politika-siyaset","6":"product_cat-politika-siyaset","7":"pa_cilt-ciltsiz","8":"pa_tur-kitap","9":"pa_yayinevi-liberte-yayinlari","10":"pa_yazar-akif-kemal-koc","12":"first","13":"instock","14":"sale","15":"shipping-taxable","16":"purchasable","17":"product-type-simple"},"_links":{"self":[{"href":"https:\/\/roveyayinevi.com.tr\/index.php\/wp-json\/wp\/v2\/product\/715694","targetHints":{"allow":["GET"]}}],"collection":[{"href":"https:\/\/roveyayinevi.com.tr\/index.php\/wp-json\/wp\/v2\/product"}],"about":[{"href":"https:\/\/roveyayinevi.com.tr\/index.php\/wp-json\/wp\/v2\/types\/product"}],"wp:attachment":[{"href":"https:\/\/roveyayinevi.com.tr\/index.php\/wp-json\/wp\/v2\/media?parent=715694"}],"wp:term":[{"taxonomy":"product_brand","embeddable":true,"href":"https:\/\/roveyayinevi.com.tr\/index.php\/wp-json\/wp\/v2\/product_brand?post=715694"},{"taxonomy":"product_cat","embeddable":true,"href":"https:\/\/roveyayinevi.com.tr\/index.php\/wp-json\/wp\/v2\/product_cat?post=715694"},{"taxonomy":"product_tag","embeddable":true,"href":"https:\/\/roveyayinevi.com.tr\/index.php\/wp-json\/wp\/v2\/product_tag?post=715694"}],"curies":[{"name":"wp","href":"https:\/\/api.w.org\/{rel}","templated":true}]}}