{"id":715692,"date":"2025-08-27T17:33:53","date_gmt":"2025-08-27T14:33:53","guid":{"rendered":"https:\/\/roveyayinevi.com.tr\/index.php\/urun\/caglar-yuzme-ogreniyor\/"},"modified":"2026-04-12T02:29:22","modified_gmt":"2026-04-11T23:29:22","slug":"caglar-yuzme-ogreniyor","status":"publish","type":"product","link":"https:\/\/roveyayinevi.com.tr\/index.php\/urun\/caglar-yuzme-ogreniyor\/","title":{"rendered":"\u00c7a\u011flar Y\u00fczme \u00d6\u011freniyor"},"content":{"rendered":"<p>\u00c7a\u011flar\u2019\u0131n en yak\u0131n arkada\u015f\u0131 Pelin, bir hafta \u00f6nce y\u00fczme sertifikas\u0131n\u0131 alm\u0131\u015ft\u0131. \u00c7a\u011flar bunun haks\u0131zl\u0131k oldu\u011funu d\u00fc\u015f\u00fcnd\u00fc, \u00e7\u00fcnk\u00fc o da y\u00fczmeyi biliyordu. Ancak F\u0131rat, karde\u015fi \u00c7a\u011flar\u2019a y\u00fczme sertifikas\u0131 alman\u0131n kolay olmad\u0131\u011f\u0131n\u0131 s\u00f6yledi. Bunun \u00fczerine \u00c7a\u011flar y\u00fczme \u00f6\u011frenmek i\u00e7in \u00e7ok \u00e7al\u0131\u015fmaya karar verdi.<\/p>\n","protected":false},"excerpt":{"rendered":"<p>\u00c7a\u011flar\u2019\u0131n en yak\u0131n arkada\u015f\u0131 Pelin, bir hafta \u00f6nce y\u00fczme sertifikas\u0131n\u0131 alm\u0131\u015ft\u0131. \u00c7a\u011flar bunun haks\u0131zl\u0131k oldu\u011funu d\u00fc\u015f\u00fcnd\u00fc, \u00e7\u00fcnk\u00fc o da y\u00fczmeyi biliyordu. Ancak F\u0131rat, karde\u015fi \u00c7a\u011flar\u2019a y\u00fczme<span class=\"excerpt-hellip\"> [\u2026]<\/span><\/p>\n","protected":false},"featured_media":0,"template":"","meta":{"_monsterinsights_skip_tracking":false,"_monsterinsights_sitenote_active":false,"_monsterinsights_sitenote_note":"","_monsterinsights_sitenote_category":0},"product_brand":[],"product_cat":[12274,12284],"product_tag":[],"class_list":{"0":"post-715692","1":"product","2":"type-product","3":"status-publish","5":"product_cat-cocuk-ve-genclik-kitaplari","6":"product_cat-hikayeler","7":"pa_cilt-ciltsiz","8":"pa_tur-kitap","9":"pa_yayinevi-is-bankasi-kultur-yayinlari","10":"pa_yazar-christian-tielmann","12":"first","13":"instock","14":"sale","15":"shipping-taxable","16":"purchasable","17":"product-type-simple"},"_links":{"self":[{"href":"https:\/\/roveyayinevi.com.tr\/index.php\/wp-json\/wp\/v2\/product\/715692","targetHints":{"allow":["GET"]}}],"collection":[{"href":"https:\/\/roveyayinevi.com.tr\/index.php\/wp-json\/wp\/v2\/product"}],"about":[{"href":"https:\/\/roveyayinevi.com.tr\/index.php\/wp-json\/wp\/v2\/types\/product"}],"wp:attachment":[{"href":"https:\/\/roveyayinevi.com.tr\/index.php\/wp-json\/wp\/v2\/media?parent=715692"}],"wp:term":[{"taxonomy":"product_brand","embeddable":true,"href":"https:\/\/roveyayinevi.com.tr\/index.php\/wp-json\/wp\/v2\/product_brand?post=715692"},{"taxonomy":"product_cat","embeddable":true,"href":"https:\/\/roveyayinevi.com.tr\/index.php\/wp-json\/wp\/v2\/product_cat?post=715692"},{"taxonomy":"product_tag","embeddable":true,"href":"https:\/\/roveyayinevi.com.tr\/index.php\/wp-json\/wp\/v2\/product_tag?post=715692"}],"curies":[{"name":"wp","href":"https:\/\/api.w.org\/{rel}","templated":true}]}}