{"id":715691,"date":"2025-08-27T17:33:52","date_gmt":"2025-08-27T14:33:52","guid":{"rendered":"https:\/\/roveyayinevi.com.tr\/index.php\/urun\/gizli-bahce-kisaltilmis-metin\/"},"modified":"2026-04-16T02:23:52","modified_gmt":"2026-04-15T23:23:52","slug":"gizli-bahce-kisaltilmis-metin","status":"publish","type":"product","link":"https:\/\/roveyayinevi.com.tr\/index.php\/urun\/gizli-bahce-kisaltilmis-metin\/","title":{"rendered":"Gizli Bah\u00e7e (K\u0131salt\u0131lm\u0131\u015f Metin)"},"content":{"rendered":"<p>Hindistan\u2019da b\u00fcy\u00fcyen Mary annesiyle babas\u0131 bir salg\u0131nda \u00f6l\u00fcnce, b\u00fcy\u00fck bir m\u00e2likanede ya\u015fayan akrabalar\u0131n\u0131n yan\u0131na, ta\u015fraya g\u00f6nderildi. Malik\u00e2nede her \u015fey \u00e7ok tuhaf ve kasvetli g\u00f6r\u00fcn\u00fcyordu. G\u00fcnler ge\u00e7tik\u00e7e olaylar daha da tuhafla\u015ft\u0131. \u0130yice meraklanan Mary bir dedektif gibi ara\u015ft\u0131rmaya ba\u015flad\u0131 ve k\u0131sa s\u00fcrede gizli kap\u0131lar\u0131n ard\u0131ndaki s\u0131rlar\u0131 \u00f6\u011frendi. Soluk solu\u011fa okuyaca\u011f\u0131n\u0131z heyecanl\u0131 bir macera&#8230; <\/p>\n","protected":false},"excerpt":{"rendered":"<p>Hindistan\u2019da b\u00fcy\u00fcyen Mary annesiyle babas\u0131 bir salg\u0131nda \u00f6l\u00fcnce, b\u00fcy\u00fck bir m\u00e2likanede ya\u015fayan akrabalar\u0131n\u0131n yan\u0131na, ta\u015fraya g\u00f6nderildi. Malik\u00e2nede her \u015fey \u00e7ok tuhaf ve kasvetli g\u00f6r\u00fcn\u00fcyordu. G\u00fcnler ge\u00e7tik\u00e7e<span class=\"excerpt-hellip\"> [\u2026]<\/span><\/p>\n","protected":false},"featured_media":0,"template":"","meta":{"_monsterinsights_skip_tracking":false,"_monsterinsights_sitenote_active":false,"_monsterinsights_sitenote_note":"","_monsterinsights_sitenote_category":0},"product_brand":[],"product_cat":[12291,12711],"product_tag":[],"class_list":{"0":"post-715691","1":"product","2":"type-product","3":"status-publish","5":"product_cat-edebiyat","6":"product_cat-roman-oyku","7":"pa_cilt-ciltsiz","8":"pa_tur-kitap","9":"pa_yayinevi-is-bankasi-kultur-yayinlari","10":"pa_yazar-frances-hodgson-burnett","12":"first","13":"instock","14":"sale","15":"shipping-taxable","16":"purchasable","17":"product-type-simple"},"_links":{"self":[{"href":"https:\/\/roveyayinevi.com.tr\/index.php\/wp-json\/wp\/v2\/product\/715691","targetHints":{"allow":["GET"]}}],"collection":[{"href":"https:\/\/roveyayinevi.com.tr\/index.php\/wp-json\/wp\/v2\/product"}],"about":[{"href":"https:\/\/roveyayinevi.com.tr\/index.php\/wp-json\/wp\/v2\/types\/product"}],"wp:attachment":[{"href":"https:\/\/roveyayinevi.com.tr\/index.php\/wp-json\/wp\/v2\/media?parent=715691"}],"wp:term":[{"taxonomy":"product_brand","embeddable":true,"href":"https:\/\/roveyayinevi.com.tr\/index.php\/wp-json\/wp\/v2\/product_brand?post=715691"},{"taxonomy":"product_cat","embeddable":true,"href":"https:\/\/roveyayinevi.com.tr\/index.php\/wp-json\/wp\/v2\/product_cat?post=715691"},{"taxonomy":"product_tag","embeddable":true,"href":"https:\/\/roveyayinevi.com.tr\/index.php\/wp-json\/wp\/v2\/product_tag?post=715691"}],"curies":[{"name":"wp","href":"https:\/\/api.w.org\/{rel}","templated":true}]}}