{"id":715689,"date":"2025-08-27T17:33:51","date_gmt":"2025-08-27T14:33:51","guid":{"rendered":"https:\/\/roveyayinevi.com.tr\/index.php\/urun\/kazaklar-7\/"},"modified":"2026-04-16T02:23:52","modified_gmt":"2026-04-15T23:23:52","slug":"kazaklar-7","status":"publish","type":"product","link":"https:\/\/roveyayinevi.com.tr\/index.php\/urun\/kazaklar-7\/","title":{"rendered":"Kazaklar"},"content":{"rendered":"<p>Lev Nikolayevi\u00e7 Tolstoy (1828-1910): Anna Karenina, Sava\u015f ve Bar\u0131\u015f, Dirili\u015f ve Kreutzer Sonat\u2019\u0131n b\u00fcy\u00fck yazar\u0131 Tolstoy\u2019un ilgisini \u00e7eken ba\u015fl\u0131ca konular aras\u0131nda tarihsel olaylar ve Ruslar\u0131n ba\u015fka halklarla ili\u015fkileri de yer alm\u0131\u015ft\u0131r. 1863 y\u0131l\u0131nda yay\u0131mlanan Kazaklar gen\u00e7 bir Rus aristokrat\u0131n\u0131n askerli\u011fi s\u0131ras\u0131nda Kazaklarla tan\u0131\u015fmas\u0131n\u0131 ve farkl\u0131 bir k\u00fclt\u00fcrle kar\u015f\u0131la\u015fmas\u0131n\u0131 konu al\u0131r. Tolstoy\u2019un kendi askerlik d\u00f6neminde edindi\u011fi deneyimlerden yararland\u0131\u011f\u0131 bu romanda Rus \u015fehirleri ile Kazak k\u00f6ylerindeki ya\u015fam ger\u00e7ek\u00e7i bir \u00fcslupla kar\u015f\u0131la\u015ft\u0131r\u0131l\u0131r, d\u00fcnyay\u0131 ve hayat\u0131 iki farkl\u0131 yorumlay\u0131\u015f bi\u00e7imi \u00e7ok \u00e7arp\u0131c\u0131 bir dille aktar\u0131l\u0131r. <\/p>\n","protected":false},"excerpt":{"rendered":"<p>Lev Nikolayevi\u00e7 Tolstoy (1828-1910): Anna Karenina, Sava\u015f ve Bar\u0131\u015f, Dirili\u015f ve Kreutzer Sonat\u2019\u0131n b\u00fcy\u00fck yazar\u0131 Tolstoy\u2019un ilgisini \u00e7eken ba\u015fl\u0131ca konular aras\u0131nda tarihsel olaylar ve Ruslar\u0131n ba\u015fka<span class=\"excerpt-hellip\"> [\u2026]<\/span><\/p>\n","protected":false},"featured_media":0,"template":"","meta":{"_monsterinsights_skip_tracking":false,"_monsterinsights_sitenote_active":false,"_monsterinsights_sitenote_note":"","_monsterinsights_sitenote_category":0},"product_brand":[],"product_cat":[12291,12711],"product_tag":[],"class_list":{"0":"post-715689","1":"product","2":"type-product","3":"status-publish","5":"product_cat-edebiyat","6":"product_cat-roman-oyku","7":"pa_cilt-ciltsiz","8":"pa_tur-kitap","9":"pa_yayinevi-is-bankasi-kultur-yayinlari","10":"pa_yazar-lev-nikolayevic-tolstoy","12":"first","13":"instock","14":"sale","15":"shipping-taxable","16":"purchasable","17":"product-type-simple"},"_links":{"self":[{"href":"https:\/\/roveyayinevi.com.tr\/index.php\/wp-json\/wp\/v2\/product\/715689","targetHints":{"allow":["GET"]}}],"collection":[{"href":"https:\/\/roveyayinevi.com.tr\/index.php\/wp-json\/wp\/v2\/product"}],"about":[{"href":"https:\/\/roveyayinevi.com.tr\/index.php\/wp-json\/wp\/v2\/types\/product"}],"wp:attachment":[{"href":"https:\/\/roveyayinevi.com.tr\/index.php\/wp-json\/wp\/v2\/media?parent=715689"}],"wp:term":[{"taxonomy":"product_brand","embeddable":true,"href":"https:\/\/roveyayinevi.com.tr\/index.php\/wp-json\/wp\/v2\/product_brand?post=715689"},{"taxonomy":"product_cat","embeddable":true,"href":"https:\/\/roveyayinevi.com.tr\/index.php\/wp-json\/wp\/v2\/product_cat?post=715689"},{"taxonomy":"product_tag","embeddable":true,"href":"https:\/\/roveyayinevi.com.tr\/index.php\/wp-json\/wp\/v2\/product_tag?post=715689"}],"curies":[{"name":"wp","href":"https:\/\/api.w.org\/{rel}","templated":true}]}}