{"id":715687,"date":"2025-08-27T17:33:50","date_gmt":"2025-08-27T14:33:50","guid":{"rendered":"https:\/\/roveyayinevi.com.tr\/index.php\/urun\/modernite-ve-kiyamet\/"},"modified":"2026-04-16T02:23:52","modified_gmt":"2026-04-15T23:23:52","slug":"modernite-ve-kiyamet","status":"publish","type":"product","link":"https:\/\/roveyayinevi.com.tr\/index.php\/urun\/modernite-ve-kiyamet\/","title":{"rendered":"Modernite ve K\u0131yamet"},"content":{"rendered":"<p>Bat\u0131 d\u00fc\u015f\u00fcncesinde Nietzsche&#8217;nin \u00fcnl\u00fc &#8220;Tanr\u0131 \u00f6ld\u00fc, onu biz \u00f6ld\u00fcrd\u00fck&#8221; deyi\u015fiyle Tanr\u0131&#8217;n\u0131n \u00f6l\u00fcm ilan\u0131n\u0131n verilmesinin ertesi &#8220;insan\u0131n Tanr\u0131 taraf\u0131ndan de\u011fil de politik eylemle kurtulu\u015fu m\u00fcmk\u00fcn m\u00fcd\u00fcr?&#8221; sorusu modern politik teorinin kalbine yerle\u015fti. Bu sorudan hareketle ortaya konan &#8220;Kurtulu\u015f Teolojileri&#8221; Bat\u0131&#8217;n\u0131n \u00e7a\u011fda\u015f entelekt\u00fcel d\u00fcnyas\u0131n\u0131n en pop\u00fcler meselelerinden birisidir. G\u00fcn\u00fcm\u00fczde politika ile dinin s\u0131n\u0131rlar\u0131n\u0131n nerede ba\u015flay\u0131p nerede bitti\u011fi sorusu, &#8220;sahici dindarl\u0131k&#8221; ve &#8220;Mesih\u00e7ilik&#8221; meseleleri, d\u00fc\u015f\u00fcn\u00fcrleri m\u00fctemadiyen me\u015fgul eden soru ve meselelerdir. Elinizdeki \u00e7al\u0131\u015fma, Bat\u0131&#8217;da entelekt\u00fceller modern politikay\u0131 tesis ederken onlar\u0131n kurtulu\u015f ve k\u0131yamet teorilerine nas\u0131l \u00f6yk\u00fcnd\u00fcklerini, dini reddetmelerine ra\u011fmen kendi teolojik ge\u00e7mi\u015flerinden nas\u0131l etkilendiklerini anlama \u00e7abas\u0131ndan do\u011fdu. Daha \u00f6tede b\u00fct\u00fcn\u00fcyle sek\u00fclerle\u015fme iddias\u0131na ra\u011fmen modernitenin teolojik k\u00f6kenleri d\u00fc\u015f\u00fcn\u00fcrlerin g\u00f6r\u00fc\u015fleri \u00e7er\u00e7evesinde te\u015fhis edilmeye \u00e7al\u0131\u015f\u0131ld\u0131. Bu gayeyle Bat\u0131 d\u00fc\u015f\u00fcncesine eserleriyle damgas\u0131n\u0131 vurmu\u015f \u00fc\u00e7 \u00f6nemli alim, ortaya koyduklar\u0131 \u00fc\u00e7 temel eser merkeze al\u0131narak tahlil edildi; Henri de Lubac, Karl L\u00f6with ve Jacob Taubes. Moderniteye ili\u015fkin \u00e7a\u011fda\u015f kritiklere ve politik teolojinin g\u00fcn\u00fcm\u00fcz entelekt\u00fcellerini bir hayli me\u015fgul eden temel sorunlar\u0131na da de\u011findi\u011fimiz bu \u00e7al\u0131\u015fmada &#8220;modern politikada Tanr\u0131&#8217;n\u0131n ve teolojinin yeri nedir?&#8221; sorusu ad\u0131 zikredilen d\u00fc\u015f\u00fcn\u00fcrlerin g\u00f6r\u00fc\u015fleri \u00e7er\u00e7evesinde tart\u0131\u015f\u0131l\u0131yor. Modern politik teoriler k\u0131yamet teorileridir ve insanl\u0131\u011f\u0131n d\u00fcnyevi kurtulu\u015funu ama\u00e7larlar. Atilla Yayla&#8217;n\u0131n da takdimiyle renk katt\u0131\u011f\u0131 bu okunmaya de\u011fer \u00e7al\u0131\u015fmay\u0131 siz okurlar\u0131m\u0131z\u0131n be\u011fenisine sunuyoruz.<\/p>\n","protected":false},"excerpt":{"rendered":"<p>Bat\u0131 d\u00fc\u015f\u00fcncesinde Nietzsche&#8217;nin \u00fcnl\u00fc &#8220;Tanr\u0131 \u00f6ld\u00fc, onu biz \u00f6ld\u00fcrd\u00fck&#8221; deyi\u015fiyle Tanr\u0131&#8217;n\u0131n \u00f6l\u00fcm ilan\u0131n\u0131n verilmesinin ertesi &#8220;insan\u0131n Tanr\u0131 taraf\u0131ndan de\u011fil de politik eylemle kurtulu\u015fu m\u00fcmk\u00fcn m\u00fcd\u00fcr?&#8221; sorusu<span class=\"excerpt-hellip\"> [\u2026]<\/span><\/p>\n","protected":false},"featured_media":0,"template":"","meta":{"_monsterinsights_skip_tracking":false,"_monsterinsights_sitenote_active":false,"_monsterinsights_sitenote_note":"","_monsterinsights_sitenote_category":0},"product_brand":[],"product_cat":[12325,12324],"product_tag":[],"class_list":{"0":"post-715687","1":"product","2":"type-product","3":"status-publish","5":"product_cat-diger-sosyoloji","6":"product_cat-sosyoloji","7":"pa_cilt-ciltsiz","8":"pa_tur-kitap","9":"pa_yayinevi-liberte-yayinlari","10":"pa_yazar-bengul-gungormez","12":"first","13":"instock","14":"sale","15":"shipping-taxable","16":"purchasable","17":"product-type-simple"},"_links":{"self":[{"href":"https:\/\/roveyayinevi.com.tr\/index.php\/wp-json\/wp\/v2\/product\/715687","targetHints":{"allow":["GET"]}}],"collection":[{"href":"https:\/\/roveyayinevi.com.tr\/index.php\/wp-json\/wp\/v2\/product"}],"about":[{"href":"https:\/\/roveyayinevi.com.tr\/index.php\/wp-json\/wp\/v2\/types\/product"}],"wp:attachment":[{"href":"https:\/\/roveyayinevi.com.tr\/index.php\/wp-json\/wp\/v2\/media?parent=715687"}],"wp:term":[{"taxonomy":"product_brand","embeddable":true,"href":"https:\/\/roveyayinevi.com.tr\/index.php\/wp-json\/wp\/v2\/product_brand?post=715687"},{"taxonomy":"product_cat","embeddable":true,"href":"https:\/\/roveyayinevi.com.tr\/index.php\/wp-json\/wp\/v2\/product_cat?post=715687"},{"taxonomy":"product_tag","embeddable":true,"href":"https:\/\/roveyayinevi.com.tr\/index.php\/wp-json\/wp\/v2\/product_tag?post=715687"}],"curies":[{"name":"wp","href":"https:\/\/api.w.org\/{rel}","templated":true}]}}