{"id":715686,"date":"2025-08-27T17:33:49","date_gmt":"2025-08-27T14:33:49","guid":{"rendered":"https:\/\/roveyayinevi.com.tr\/index.php\/urun\/fil-olmak-isteyen-fare\/"},"modified":"2026-04-16T02:23:52","modified_gmt":"2026-04-15T23:23:52","slug":"fil-olmak-isteyen-fare","status":"publish","type":"product","link":"https:\/\/roveyayinevi.com.tr\/index.php\/urun\/fil-olmak-isteyen-fare\/","title":{"rendered":"Fil Olmak \u0130steyen Fare"},"content":{"rendered":"<p>Arka Kapaktan; Farecik\u2019in kuyru\u011fu, normal bir farenin kuyru\u011funun neredeyse iki kat\u0131 uzunluktayd\u0131. Farecik bundan hep utanm\u0131\u015f, kendisini de\u011fi\u015ftirmek istemi\u015fti. Bir g\u00fcn Farecik\u2019in yolu, sokak kedisi M\u0131rm\u0131r\u2019la kesi\u015fti. K\u00f6pek Olmak \u0130steyen Kedi M\u0131rm\u0131r ile Farecik, sirkte ya\u015fayan g\u00fc\u00e7l\u00fc fil, Fildo\u2019yla arkada\u015f olduklar\u0131nda, onun da kendini de\u011fi\u015ftirmek istedi\u011fini \u00f6\u011frendiler.   Ne var ki Farecik, dostu Fildo\u2019nun orman\u0131ndan \u00e7ok uzakta ya\u015fad\u0131\u011f\u0131n\u0131 ve \u00f6zg\u00fcrl\u00fc\u011f\u00fcne kavu\u015fman\u0131n hayalini kurdu\u011funu \u00f6\u011frendi\u011finde, kendi d\u0131\u015f g\u00f6r\u00fcn\u00fc\u015f\u00fcyle bar\u0131\u015f\u0131k olman\u0131n, kendi de\u011ferini bilmenin ne kadar \u00f6nemli oldu\u011funu anlad\u0131.   Farecik kendisiyle nas\u0131l bar\u0131\u015ft\u0131 dersiniz? Hadi gelin bakal\u0131m, Farecik ve dostlar\u0131 M\u0131rm\u0131r ile Fildo\u2019nun neler ya\u015fad\u0131\u011f\u0131n\u0131 beraber \u00f6\u011frenelim.<\/p>\n","protected":false},"excerpt":{"rendered":"<p>Arka Kapaktan; Farecik\u2019in kuyru\u011fu, normal bir farenin kuyru\u011funun neredeyse iki kat\u0131 uzunluktayd\u0131. Farecik bundan hep utanm\u0131\u015f, kendisini de\u011fi\u015ftirmek istemi\u015fti. Bir g\u00fcn Farecik\u2019in yolu, sokak kedisi M\u0131rm\u0131r\u2019la<span class=\"excerpt-hellip\"> [\u2026]<\/span><\/p>\n","protected":false},"featured_media":0,"template":"","meta":{"_monsterinsights_skip_tracking":false,"_monsterinsights_sitenote_active":false,"_monsterinsights_sitenote_note":"","_monsterinsights_sitenote_category":0},"product_brand":[],"product_cat":[26663],"product_tag":[],"class_list":{"0":"post-715686","1":"product","2":"type-product","3":"status-publish","5":"product_cat-undefined","6":"pa_cilt-ciltsiz","7":"pa_tur-kitap","8":"pa_yayinevi-fom-kitap","9":"pa_yazar-oznur-karaeloglu","11":"first","12":"instock","13":"sale","14":"shipping-taxable","15":"purchasable","16":"product-type-simple"},"_links":{"self":[{"href":"https:\/\/roveyayinevi.com.tr\/index.php\/wp-json\/wp\/v2\/product\/715686","targetHints":{"allow":["GET"]}}],"collection":[{"href":"https:\/\/roveyayinevi.com.tr\/index.php\/wp-json\/wp\/v2\/product"}],"about":[{"href":"https:\/\/roveyayinevi.com.tr\/index.php\/wp-json\/wp\/v2\/types\/product"}],"wp:attachment":[{"href":"https:\/\/roveyayinevi.com.tr\/index.php\/wp-json\/wp\/v2\/media?parent=715686"}],"wp:term":[{"taxonomy":"product_brand","embeddable":true,"href":"https:\/\/roveyayinevi.com.tr\/index.php\/wp-json\/wp\/v2\/product_brand?post=715686"},{"taxonomy":"product_cat","embeddable":true,"href":"https:\/\/roveyayinevi.com.tr\/index.php\/wp-json\/wp\/v2\/product_cat?post=715686"},{"taxonomy":"product_tag","embeddable":true,"href":"https:\/\/roveyayinevi.com.tr\/index.php\/wp-json\/wp\/v2\/product_tag?post=715686"}],"curies":[{"name":"wp","href":"https:\/\/api.w.org\/{rel}","templated":true}]}}