{"id":715685,"date":"2025-08-27T17:33:49","date_gmt":"2025-08-27T14:33:49","guid":{"rendered":"https:\/\/roveyayinevi.com.tr\/index.php\/urun\/krokodali\/"},"modified":"2026-04-16T02:23:52","modified_gmt":"2026-04-15T23:23:52","slug":"krokodali","status":"publish","type":"product","link":"https:\/\/roveyayinevi.com.tr\/index.php\/urun\/krokodali\/","title":{"rendered":"Krokodali"},"content":{"rendered":"<p>Krokodali d\u00fcnyan\u0131n en iyi ressam\u0131! Ama birazc\u0131k yard\u0131ma ihtiyac\u0131 olabilir&#8230; Onun birlikte bir ba\u015fyap\u0131t yaratabilir misin? Haydi kollar\u0131 s\u0131va ve elindeki kitab\u0131 e\u011ferek, sallayarak ve ovu\u015fturarak bu komik \u00f6yk\u00fcye sen de ortak ol! Sak\u0131n unutma, Krokodali ne derse onu yapmal\u0131s\u0131n. En k\u00f6t\u00fc ne mi olabilir? Sayfay\u0131 \u00e7evir de g\u00f6r! <\/p>\n","protected":false},"excerpt":{"rendered":"<p>Krokodali d\u00fcnyan\u0131n en iyi ressam\u0131! Ama birazc\u0131k yard\u0131ma ihtiyac\u0131 olabilir&#8230; Onun birlikte bir ba\u015fyap\u0131t yaratabilir misin? Haydi kollar\u0131 s\u0131va ve elindeki kitab\u0131 e\u011ferek, sallayarak ve ovu\u015fturarak<span class=\"excerpt-hellip\"> [\u2026]<\/span><\/p>\n","protected":false},"featured_media":0,"template":"","meta":{"_monsterinsights_skip_tracking":false,"_monsterinsights_sitenote_active":false,"_monsterinsights_sitenote_note":"","_monsterinsights_sitenote_category":0},"product_brand":[],"product_cat":[12913,12274],"product_tag":[],"class_list":{"0":"post-715685","1":"product","2":"type-product","3":"status-publish","5":"product_cat-3-6-yas-kitaplari","6":"product_cat-cocuk-ve-genclik-kitaplari","7":"pa_cilt-ciltsiz","8":"pa_tur-kitap","9":"pa_yayinevi-domingo-yayinevi","10":"pa_yazar-lucy-volpin","12":"first","13":"instock","14":"sale","15":"shipping-taxable","16":"purchasable","17":"product-type-simple"},"_links":{"self":[{"href":"https:\/\/roveyayinevi.com.tr\/index.php\/wp-json\/wp\/v2\/product\/715685","targetHints":{"allow":["GET"]}}],"collection":[{"href":"https:\/\/roveyayinevi.com.tr\/index.php\/wp-json\/wp\/v2\/product"}],"about":[{"href":"https:\/\/roveyayinevi.com.tr\/index.php\/wp-json\/wp\/v2\/types\/product"}],"wp:attachment":[{"href":"https:\/\/roveyayinevi.com.tr\/index.php\/wp-json\/wp\/v2\/media?parent=715685"}],"wp:term":[{"taxonomy":"product_brand","embeddable":true,"href":"https:\/\/roveyayinevi.com.tr\/index.php\/wp-json\/wp\/v2\/product_brand?post=715685"},{"taxonomy":"product_cat","embeddable":true,"href":"https:\/\/roveyayinevi.com.tr\/index.php\/wp-json\/wp\/v2\/product_cat?post=715685"},{"taxonomy":"product_tag","embeddable":true,"href":"https:\/\/roveyayinevi.com.tr\/index.php\/wp-json\/wp\/v2\/product_tag?post=715685"}],"curies":[{"name":"wp","href":"https:\/\/api.w.org\/{rel}","templated":true}]}}