{"id":715684,"date":"2025-08-27T17:33:48","date_gmt":"2025-08-27T14:33:48","guid":{"rendered":"https:\/\/roveyayinevi.com.tr\/index.php\/urun\/frankenstein-bagdatta\/"},"modified":"2026-04-16T02:23:52","modified_gmt":"2026-04-15T23:23:52","slug":"frankenstein-bagdatta","status":"publish","type":"product","link":"https:\/\/roveyayinevi.com.tr\/index.php\/urun\/frankenstein-bagdatta\/","title":{"rendered":"Frankenstein Ba\u011fdat&#8217;ta"},"content":{"rendered":"<p>\u201cBa\u011fdat\u2019\u0131n yeni edebi y\u0131ld\u0131z\u0131\u201d (The New York Times) olarak an\u0131lan Ahmed Saadavi\u2019nin kaleminden Frankenstein Ba\u011fdat\u2019ta, modern Irak\u2019\u0131n ger\u00e7ek\u00fcst\u00fc ger\u00e7ekli\u011fini, korku ve kara mizah\u0131 harmanlayarak edebiyatla zirveye ta\u015f\u0131yor.ABD i\u015fgali alt\u0131ndaki Ba\u011fdat\u2019\u0131n y\u0131k\u0131nt\u0131lar\u0131 aras\u0131ndaki tuhaf sakinlerinden Hadi bo\u015f zamanlar\u0131n\u0131 kahvehanelerde hik\u00e2yeler anlatarak ge\u00e7iren bir eskicidir.  Y\u0131k\u0131k evlerden, \u00e7\u00f6p y\u0131\u011f\u0131nlar\u0131ndan, patlama alanlar\u0131ndan toplad\u0131\u011f\u0131 d\u00f6k\u00fcnt\u00fclerin yan\u0131nda \u00e7ok tuhaf \u015feyler de vard\u0131r asl\u0131nda: Ceset par\u00e7alar\u0131\u2026Bu par\u00e7alar\u0131 bir ceset yaratmak i\u00e7in bir araya getirmekteki as\u0131l amac\u0131 iddias\u0131na g\u00f6re h\u00fck\u00fcmetin bunlar\u0131 insan olarak tan\u0131mas\u0131 ve hak ettikleri bir defin vermesidir.Fakat bir g\u00fcn ceset kaybolur ve hemen ard\u0131ndan \u00fcrk\u00fct\u00fcc\u00fc cinayetler dalgas\u0131 \u015fehri kas\u0131p kavurmaya ba\u015flar. \u0130fadelere g\u00f6re katil vurulsa da yaralanmaz, \u00f6lmez; \u00fcstelik korkun\u00e7 g\u00f6r\u00fcn\u00fcml\u00fc bir canavara benzemektedir. Ve i\u015fte b\u00f6ylece Hadi, hayatta kalabilmek i\u00e7in insan v\u00fccuduna ihtiya\u00e7 duyan bir canavar yaratt\u0131\u011f\u0131n\u0131n fark\u0131na var\u0131r \u2013 ge\u00e7mi\u015f hesaplar\u0131n pe\u015fine d\u00fc\u015fen bir intikam makinesi.Uluslararas\u0131 Arap Kurgu \u00d6d\u00fcl\u00fcUluslararas\u0131 Man Booker \u00d6d\u00fcl\u00fc finalistiFransa B\u00fcy\u00fck Fantastik Kurgu \u00d6d\u00fcl\u00fc\u201cMary Shelley\u2019nin kaleme ald\u0131\u011f\u0131 Frankenstein\u2019dan iki y\u00fcz y\u0131l sonra, bu canavar\u0131n say\u0131s\u0131z varyasyonu yarat\u0131ld\u0131- ama bunlardan yaln\u0131zca birka\u00e7\u0131, Ahmed Saadavi\u2019nin Frankenstein Ba\u011fdat\u2019ta roman\u0131nda hayat verdi\u011fi canavar kadar vah\u015fi ya da politik olarak do\u011fru.\u201d- Gregory Cowles, The New York Times \u201c\u00c7ap\u0131c\u0131 ve ger\u00e7ek\u00fcst\u00fc&#8230; \u00d6zg\u00fcvenli ve sanr\u0131l\u0131&#8230; Kara mizah ve korkunun m\u00fckemmel kar\u0131\u015f\u0131m\u0131&#8230; Saadavi, do\u011fa\u00fcst\u00fc, korkun\u00e7 ve s\u0131radan ayr\u0131nt\u0131lar\u0131 m\u00fcthi\u015f bir etkiyle harmanl\u0131yor. Hem sesinde hem de vizyonunda bir yenilik var. Irak\u2019ta ya\u015fananlar manevi bir felaketti, bir \u00e7\u00f6k\u00fc\u015ft\u00fc- ve bu cesur ve dahice bir roman, bu fikri benimsiyor ve t\u00fcm olas\u0131l\u0131klar\u0131 masaya yat\u0131r\u0131yor. \u201d- Dwight Garner, The New York Times\u201cB\u00fcy\u00fck bir ba\u015far\u0131&#8230; Ger\u00e7ek\u00fcst\u00fc, b\u00fcy\u00fcleyici ve dokunakl\u0131&#8230; Ortado\u011fu mezhep\u00e7ili\u011fi ve jeopolitik ahmakl\u0131klar\u0131n vahim portresi, abs\u00fcrt bir ahlak anlay\u0131\u015f\u0131 ve bir korku fantazyas\u0131&#8230; Garip, \u015fiddetli ve komik.\u201d- Sarah Perry, The Guardian\u201cAhmed Saadavi 11 Eyl\u00fcl sonras\u0131 Irak\u2019ta karanl\u0131k, m\u00fcthi\u015f bir metaforu ele al\u0131yor ve Gabriel Garc\u00eda M\u00e1rquez\u2019in sesiyle sava\u015f\u0131n kal\u0131nt\u0131lar\u0131 aras\u0131nda ya\u015fam m\u00fccadelesi veren insanl\u0131\u011fa bir a\u015fk \u015fark\u0131s\u0131 s\u00f6yl\u00fcyor.\u201d- Lea Carpenter\u201cSaadavi, 2005 y\u0131l\u0131ndaki Ba\u011fdat\u2019\u0131n gotik ger\u00e7ekli\u011fini \u00f6yle bir anlat\u0131yor ki roman ger\u00e7ek\u00fcst\u00fc bir boyuta ge\u00e7ti\u011finde bile neredeyse hi\u00e7 \u015fa\u015f\u0131rtm\u0131yor.\u201d- The New Yorker \u201cBu \u00fcrk\u00fct\u00fcc\u00fc roman, Irak\u2019\u0131 evi olarak tan\u0131mayanlar\u0131n yaratt\u0131\u011f\u0131 \u015fiddetin tahribat\u0131n\u0131 g\u00f6zler \u00f6n\u00fcne seriyor. Kadim bir duygunun \u015fa\u015f\u0131rt\u0131c\u0131 d\u0131\u015fa vurumu: G\u00f6ze g\u00f6z intikam, t\u00fcm d\u00fcnyay\u0131 k\u00f6rle\u015ftirir.\u201d &#8211; Kirkus Reviews<\/p>\n","protected":false},"excerpt":{"rendered":"<p>\u201cBa\u011fdat\u2019\u0131n yeni edebi y\u0131ld\u0131z\u0131\u201d (The New York Times) olarak an\u0131lan Ahmed Saadavi\u2019nin kaleminden Frankenstein Ba\u011fdat\u2019ta, modern Irak\u2019\u0131n ger\u00e7ek\u00fcst\u00fc ger\u00e7ekli\u011fini, korku ve kara mizah\u0131 harmanlayarak edebiyatla zirveye<span class=\"excerpt-hellip\"> [\u2026]<\/span><\/p>\n","protected":false},"featured_media":0,"template":"","meta":{"_monsterinsights_skip_tracking":false,"_monsterinsights_sitenote_active":false,"_monsterinsights_sitenote_note":"","_monsterinsights_sitenote_category":0},"product_brand":[],"product_cat":[12291,12711],"product_tag":[],"class_list":{"0":"post-715684","1":"product","2":"type-product","3":"status-publish","5":"product_cat-edebiyat","6":"product_cat-roman-oyku","7":"pa_cilt-ciltsiz","8":"pa_tur-kitap","9":"pa_yayinevi-timas-yayinlari","10":"pa_yazar-ahmed-saadavi","12":"first","13":"instock","14":"sale","15":"shipping-taxable","16":"purchasable","17":"product-type-simple"},"_links":{"self":[{"href":"https:\/\/roveyayinevi.com.tr\/index.php\/wp-json\/wp\/v2\/product\/715684","targetHints":{"allow":["GET"]}}],"collection":[{"href":"https:\/\/roveyayinevi.com.tr\/index.php\/wp-json\/wp\/v2\/product"}],"about":[{"href":"https:\/\/roveyayinevi.com.tr\/index.php\/wp-json\/wp\/v2\/types\/product"}],"wp:attachment":[{"href":"https:\/\/roveyayinevi.com.tr\/index.php\/wp-json\/wp\/v2\/media?parent=715684"}],"wp:term":[{"taxonomy":"product_brand","embeddable":true,"href":"https:\/\/roveyayinevi.com.tr\/index.php\/wp-json\/wp\/v2\/product_brand?post=715684"},{"taxonomy":"product_cat","embeddable":true,"href":"https:\/\/roveyayinevi.com.tr\/index.php\/wp-json\/wp\/v2\/product_cat?post=715684"},{"taxonomy":"product_tag","embeddable":true,"href":"https:\/\/roveyayinevi.com.tr\/index.php\/wp-json\/wp\/v2\/product_tag?post=715684"}],"curies":[{"name":"wp","href":"https:\/\/api.w.org\/{rel}","templated":true}]}}