{"id":715683,"date":"2025-08-27T17:33:47","date_gmt":"2025-08-27T14:33:47","guid":{"rendered":"https:\/\/roveyayinevi.com.tr\/index.php\/urun\/selcuklularin-haclilarla-imtihani\/"},"modified":"2026-04-16T02:23:52","modified_gmt":"2026-04-15T23:23:52","slug":"selcuklularin-haclilarla-imtihani","status":"publish","type":"product","link":"https:\/\/roveyayinevi.com.tr\/index.php\/urun\/selcuklularin-haclilarla-imtihani\/","title":{"rendered":"Sel\u00e7uklular\u0131n Ha\u00e7l\u0131larla \u0130mtihan\u0131"},"content":{"rendered":"<p>\u201cSal\u00e2haddin sa\u011f oldu\u011fu ve M\u00fcsl\u00fcmanlar aras\u0131nda birlik ve beraberlik bulundu\u011fu m\u00fcddet\u00e7e Kud\u00fcs\u2019\u00fc muhasara etmek m\u00fcmk\u00fcn de\u011fildir.\u201d\u0130ngiltere Kral\u0131 Aslan Y\u00fcrekli Richard M\u00fcsl\u00fcmanlar\u0131n bu gaz\u00e2dan duyduklar\u0131 sevin\u00e7 bizim aram\u0131zdaki ihtil\u00e2f sebebi ile kedere d\u00f6nmesin. Kinimi s\u00f6nd\u00fcrmek i\u00e7in d\u00fc\u015fmanlar\u0131 M\u00fcsl\u00fcmanlara g\u00fcld\u00fcrecek bir yolu elbette tercih etmem.\u201d S\u00f6kmen\u201cBeni vuran bu ok, b\u00fct\u00fcn M\u00fcsl\u00fcmanlara isabet eden bir musibettir.\u201d Belek Gazi\u201cAllah\u2019a yemin olsun ki, \u015fahs\u0131m ve \u0130sl\u00e2m\u2019\u0131n intikam\u0131n\u0131 almad\u0131k\u00e7a \u00e7ardak alt\u0131nda g\u00f6lgelenmeyece\u011fim.\u201d el-Melik\u00fc\u2019l-\u00c2dil Sultan Nureddin Mahmud b. Zeng\u00ee Kud\u00fcs\u2019\u00fcn M\u00fcsl\u00fcmanlar\u0131n elinde olmas\u0131 bahanesiyle ama asl\u0131nda b\u00fcy\u00fck bir ekonomik y\u0131k\u0131m i\u00e7erisinde bulunan Hristiyan Avrupa\u2019ya yeni ekonomik \u00e7\u0131karlar sa\u011flamak amac\u0131yla organize edilen Ha\u00e7l\u0131 Seferleri 1096 y\u0131l\u0131ndan itibaren pek \u00e7ok kez d\u00fczenlenmi\u015ftir. Bu seferler \u0130sl\u00e2m d\u00fcnyas\u0131nda bir\u00e7ok olumsuzlu\u011fun ya\u015fanmas\u0131na neden olmu\u015ftur. Bu ba\u011flamda, Sel\u00e7uklular\u0131n Ha\u00e7l\u0131larla \u0130mtihan\u0131 kitab\u0131nda 1096 y\u0131l\u0131nda ba\u015flayan bu Ha\u00e7l\u0131 Seferlerinin g\u00fcn\u00fcm\u00fczde de farkl\u0131 \u015fekillerde devam etti\u011fini s\u00f6yleyen Muharrem Kesik, bug\u00fcn ya\u015fananlar\u0131 anlayabilmek i\u00e7in bu seferlerin ba\u015flang\u0131\u00e7 hik\u00e2yesini iyi bilmek gerekti\u011fini vurgulamaktad\u0131r. Kesik, bu \u00e7al\u0131\u015fmas\u0131yla bin y\u0131ll\u0131k\u201cSal\u00e2haddin sa\u011f oldu\u011fu ve M\u00fcsl\u00fcmanlar aras\u0131nda birlik ve beraberlik bulundu\u011fu m\u00fcddet\u00e7e Kud\u00fcs\u2019\u00fc muhasara etmek m\u00fcmk\u00fcn de\u011fildir.\u201d \u0130ngiltere Kral\u0131 Aslan Y\u00fcrekli Richard M\u00fcsl\u00fcmanlar\u0131n bu gaz\u00e2dan duyduklar\u0131 sevin\u00e7 bizim aram\u0131zdaki ihtil\u00e2f sebebi ile kedere d\u00f6nmesin. Kinimi s\u00f6nd\u00fcrmek i\u00e7in d\u00fc\u015fmanlar\u0131 M\u00fcsl\u00fcmanlara g\u00fcld\u00fcrecek bir yolu elbette tercih etmem.\u201d S\u00f6kmen \u201cBeni vuran bu ok, b\u00fct\u00fcn M\u00fcsl\u00fcmanlara isabet eden bir musibettir.\u201d Belek Gazi \u201cAllah\u2019a yemin olsun ki, \u015fahs\u0131m ve \u0130sl\u00e2m\u2019\u0131n intikam\u0131n\u0131 almad\u0131k\u00e7a \u00e7ardak alt\u0131nda g\u00f6lgelenmeyece\u011fim.\u201d el-Melik\u00fc\u2019l-\u00c2dil Sultan Nureddin Mahmud b. Zeng\u00ee Kud\u00fcs\u2019\u00fcn M\u00fcsl\u00fcmanlar\u0131n elinde olmas\u0131 bahanesiyle ama asl\u0131nda b\u00fcy\u00fck bir ekonomik y\u0131k\u0131m i\u00e7erisinde bulunan Hristiyan Avrupa\u2019ya yeni ekonomik \u00e7\u0131karlar sa\u011flamak amac\u0131yla organize edilen Ha\u00e7l\u0131 Seferleri 1096 y\u0131l\u0131ndan itibaren pek \u00e7ok kez d\u00fczenlenmi\u015ftir. Bu seferler \u0130sl\u00e2m d\u00fcnyas\u0131nda bir\u00e7ok olumsuzlu\u011fun ya\u015fanmas\u0131na neden olmu\u015ftur. Bu ba\u011flamda, Sel\u00e7uklular\u0131n Ha\u00e7l\u0131larla \u0130mtihan\u0131 kitab\u0131nda 1096 y\u0131l\u0131nda Hilal ile Ha\u00e7\u2019\u0131n m\u00fccadelesiyle birlikte, Sultan 1. K\u0131l\u0131\u00e7arslan\u2019dan Sultan 1. Mesud\u2019a, Dani\u015fmend Gazi\u2019den Nureddin Zeng\u00ee ve Selahaddin Eyy\u00fbb\u00ee\u2019ye kadar adlar\u0131 unutulmu\u015f kahramanlar\u0131n hik\u00e2yelerini tarihin tozlu sayfalar\u0131ndan \u00e7ekip g\u00fcn y\u00fcz\u00fcne \u00e7\u0131karmaktad\u0131r.Bu kitapta \u015fanl\u0131 tarihimizin ger\u00e7ek kahramanlar\u0131n\u0131n hik\u00e2yesini bulacaks\u0131n\u0131z\u2026<\/p>\n","protected":false},"excerpt":{"rendered":"<p>\u201cSal\u00e2haddin sa\u011f oldu\u011fu ve M\u00fcsl\u00fcmanlar aras\u0131nda birlik ve beraberlik bulundu\u011fu m\u00fcddet\u00e7e Kud\u00fcs\u2019\u00fc muhasara etmek m\u00fcmk\u00fcn de\u011fildir.\u201d\u0130ngiltere Kral\u0131 Aslan Y\u00fcrekli Richard M\u00fcsl\u00fcmanlar\u0131n bu gaz\u00e2dan duyduklar\u0131 sevin\u00e7 bizim<span class=\"excerpt-hellip\"> [\u2026]<\/span><\/p>\n","protected":false},"featured_media":0,"template":"","meta":{"_monsterinsights_skip_tracking":false,"_monsterinsights_sitenote_active":false,"_monsterinsights_sitenote_note":"","_monsterinsights_sitenote_category":0},"product_brand":[],"product_cat":[12304,13650],"product_tag":[],"class_list":{"0":"post-715683","1":"product","2":"type-product","3":"status-publish","5":"product_cat-tarih","6":"product_cat-turk-tarihi-arastirmalari","7":"pa_cilt-ciltsiz","8":"pa_tur-kitap","9":"pa_yayinevi-timas-yayinlari","10":"pa_yazar-muharrem-kesik","12":"first","13":"instock","14":"sale","15":"shipping-taxable","16":"purchasable","17":"product-type-simple"},"_links":{"self":[{"href":"https:\/\/roveyayinevi.com.tr\/index.php\/wp-json\/wp\/v2\/product\/715683","targetHints":{"allow":["GET"]}}],"collection":[{"href":"https:\/\/roveyayinevi.com.tr\/index.php\/wp-json\/wp\/v2\/product"}],"about":[{"href":"https:\/\/roveyayinevi.com.tr\/index.php\/wp-json\/wp\/v2\/types\/product"}],"wp:attachment":[{"href":"https:\/\/roveyayinevi.com.tr\/index.php\/wp-json\/wp\/v2\/media?parent=715683"}],"wp:term":[{"taxonomy":"product_brand","embeddable":true,"href":"https:\/\/roveyayinevi.com.tr\/index.php\/wp-json\/wp\/v2\/product_brand?post=715683"},{"taxonomy":"product_cat","embeddable":true,"href":"https:\/\/roveyayinevi.com.tr\/index.php\/wp-json\/wp\/v2\/product_cat?post=715683"},{"taxonomy":"product_tag","embeddable":true,"href":"https:\/\/roveyayinevi.com.tr\/index.php\/wp-json\/wp\/v2\/product_tag?post=715683"}],"curies":[{"name":"wp","href":"https:\/\/api.w.org\/{rel}","templated":true}]}}