{"id":715682,"date":"2025-08-27T17:33:47","date_gmt":"2025-08-27T14:33:47","guid":{"rendered":"https:\/\/roveyayinevi.com.tr\/index.php\/urun\/duz-cizgi-tepetaklak\/"},"modified":"2026-04-16T02:23:52","modified_gmt":"2026-04-15T23:23:52","slug":"duz-cizgi-tepetaklak","status":"publish","type":"product","link":"https:\/\/roveyayinevi.com.tr\/index.php\/urun\/duz-cizgi-tepetaklak\/","title":{"rendered":"D\u00fcz \u00c7izgi Tepetaklak"},"content":{"rendered":"<p>Lina&#8217;n\u0131n d\u00fcz \u00e7izgilerle ba\u015f\u0131 derttedir. Yaya ge\u00e7itlerinin, otobanlar\u0131n \u00e7izgilerini \u00e7izen babas\u0131n\u0131n i\u015fi, t\u00fcm hayatlar\u0131na yans\u0131m\u0131\u015ft\u0131r. Aile \u00fcyeleri \u00e7izgili k\u0131yafetler giymekte,  evin ortas\u0131ndan bir \u00e7izgi ge\u00e7mekte, her \u015fey d\u00fcmd\u00fcz bi\u00e7imlenmektedir. Okulun ilk haftas\u0131nda da Lina&#8217;n\u0131n  kar\u015f\u0131s\u0131na \u00e7izgiler \u00e7\u0131kmas\u0131, barda\u011f\u0131 ta\u015f\u0131ran son damla olur.Bah\u00e7\u0131van\u0131n torunu \u00c2dem&#8217;le birlikte, insan eliyle yap\u0131lmam\u0131\u015f, d\u00fcmd\u00fcz bir \u00e7izgi aramaya ba\u015flarlar. Acaba do\u011fada  b\u00f6yle bir \u00e7izgi bulmak m\u00fcmk\u00fcn m\u00fcd\u00fcr?..<\/p>\n","protected":false},"excerpt":{"rendered":"<p>Lina&#8217;n\u0131n d\u00fcz \u00e7izgilerle ba\u015f\u0131 derttedir. Yaya ge\u00e7itlerinin, otobanlar\u0131n \u00e7izgilerini \u00e7izen babas\u0131n\u0131n i\u015fi, t\u00fcm hayatlar\u0131na yans\u0131m\u0131\u015ft\u0131r. Aile \u00fcyeleri \u00e7izgili k\u0131yafetler giymekte, evin ortas\u0131ndan bir \u00e7izgi ge\u00e7mekte, her<span class=\"excerpt-hellip\"> [\u2026]<\/span><\/p>\n","protected":false},"featured_media":0,"template":"","meta":{"_monsterinsights_skip_tracking":false,"_monsterinsights_sitenote_active":false,"_monsterinsights_sitenote_note":"","_monsterinsights_sitenote_category":0},"product_brand":[],"product_cat":[12274,12284],"product_tag":[],"class_list":{"0":"post-715682","1":"product","2":"type-product","3":"status-publish","5":"product_cat-cocuk-ve-genclik-kitaplari","6":"product_cat-hikayeler","7":"pa_cilt-ciltsiz","8":"pa_tur-kitap","9":"pa_yayinevi-gunisigi-kitapligi","10":"pa_yazar-irem-usar","12":"first","13":"instock","14":"sale","15":"shipping-taxable","16":"purchasable","17":"product-type-simple"},"_links":{"self":[{"href":"https:\/\/roveyayinevi.com.tr\/index.php\/wp-json\/wp\/v2\/product\/715682","targetHints":{"allow":["GET"]}}],"collection":[{"href":"https:\/\/roveyayinevi.com.tr\/index.php\/wp-json\/wp\/v2\/product"}],"about":[{"href":"https:\/\/roveyayinevi.com.tr\/index.php\/wp-json\/wp\/v2\/types\/product"}],"wp:attachment":[{"href":"https:\/\/roveyayinevi.com.tr\/index.php\/wp-json\/wp\/v2\/media?parent=715682"}],"wp:term":[{"taxonomy":"product_brand","embeddable":true,"href":"https:\/\/roveyayinevi.com.tr\/index.php\/wp-json\/wp\/v2\/product_brand?post=715682"},{"taxonomy":"product_cat","embeddable":true,"href":"https:\/\/roveyayinevi.com.tr\/index.php\/wp-json\/wp\/v2\/product_cat?post=715682"},{"taxonomy":"product_tag","embeddable":true,"href":"https:\/\/roveyayinevi.com.tr\/index.php\/wp-json\/wp\/v2\/product_tag?post=715682"}],"curies":[{"name":"wp","href":"https:\/\/api.w.org\/{rel}","templated":true}]}}