{"id":715679,"date":"2025-08-27T17:33:45","date_gmt":"2025-08-27T14:33:45","guid":{"rendered":"https:\/\/roveyayinevi.com.tr\/index.php\/urun\/korku-tuneli-3-tehlikeler-evi\/"},"modified":"2026-04-16T02:23:52","modified_gmt":"2026-04-15T23:23:52","slug":"korku-tuneli-3-tehlikeler-evi","status":"publish","type":"product","link":"https:\/\/roveyayinevi.com.tr\/index.php\/urun\/korku-tuneli-3-tehlikeler-evi\/","title":{"rendered":"Korku T\u00fcneli 3 &#8211; Tehlikeler Evi"},"content":{"rendered":"<p>Bu macerada bir gazetecisiniz. Foto\u011fraf\u00e7\u0131 arkada\u015f\u0131n\u0131z Gizem\u2019le birlikte, bir i\u015f gezisinde bulunuyorsunuz. Kamp kurdu\u011funuz kumsalda, aniden bast\u0131ran korkun\u00e7 bir f\u0131rt\u0131naya yakalan\u0131yorsunuz. Hayatta kalabilmek i\u00e7in, kumsal\u0131n sonunda bulunan yar\u0131 harabe h\u00e2lindeki kona\u011fa s\u0131\u011f\u0131n\u0131yorsunuz. Bu \u00fcrk\u00fct\u00fcc\u00fc konakta hayaletlerle, ak\u0131l hastalar\u0131yla, tarih\u00ee eser soyguncular\u0131yla, ac\u0131mas\u0131z katiller ve ter\u00f6ristlerle kar\u015f\u0131la\u015f\u0131yorsunuz. Bu kitapta on bir farkl\u0131 son var&#8230; Do\u011fru se\u00e7imler yapar, yerinde ve do\u011fru kararlar verirseniz; konaktaki hazineye ula\u015fabilir; maceran\u0131n sonunda, ba\u015far\u0131l\u0131, \u00fcnl\u00fc ve zengin biri olabilirsiniz. Aksi h\u00e2lde ya\u015fam\u0131n\u0131z\u0131 bu tehlikeli evde sonland\u0131rabilirsiniz. Bunu sizin verece\u011finiz kararlar\u0131n\u0131z belirleyecek. <\/p>\n","protected":false},"excerpt":{"rendered":"<p>Bu macerada bir gazetecisiniz. Foto\u011fraf\u00e7\u0131 arkada\u015f\u0131n\u0131z Gizem\u2019le birlikte, bir i\u015f gezisinde bulunuyorsunuz. Kamp kurdu\u011funuz kumsalda, aniden bast\u0131ran korkun\u00e7 bir f\u0131rt\u0131naya yakalan\u0131yorsunuz. Hayatta kalabilmek i\u00e7in, kumsal\u0131n sonunda<span class=\"excerpt-hellip\"> [\u2026]<\/span><\/p>\n","protected":false},"featured_media":0,"template":"","meta":{"_monsterinsights_skip_tracking":false,"_monsterinsights_sitenote_active":false,"_monsterinsights_sitenote_note":"","_monsterinsights_sitenote_category":0},"product_brand":[],"product_cat":[12291,12711],"product_tag":[],"class_list":{"0":"post-715679","1":"product","2":"type-product","3":"status-publish","5":"product_cat-edebiyat","6":"product_cat-roman-oyku","7":"pa_cilt-ciltsiz","8":"pa_tur-kitap","9":"pa_yayinevi-genc-hayat","10":"pa_yazar-tuncel-altinkopru","12":"first","13":"instock","14":"sale","15":"shipping-taxable","16":"purchasable","17":"product-type-simple"},"_links":{"self":[{"href":"https:\/\/roveyayinevi.com.tr\/index.php\/wp-json\/wp\/v2\/product\/715679","targetHints":{"allow":["GET"]}}],"collection":[{"href":"https:\/\/roveyayinevi.com.tr\/index.php\/wp-json\/wp\/v2\/product"}],"about":[{"href":"https:\/\/roveyayinevi.com.tr\/index.php\/wp-json\/wp\/v2\/types\/product"}],"wp:attachment":[{"href":"https:\/\/roveyayinevi.com.tr\/index.php\/wp-json\/wp\/v2\/media?parent=715679"}],"wp:term":[{"taxonomy":"product_brand","embeddable":true,"href":"https:\/\/roveyayinevi.com.tr\/index.php\/wp-json\/wp\/v2\/product_brand?post=715679"},{"taxonomy":"product_cat","embeddable":true,"href":"https:\/\/roveyayinevi.com.tr\/index.php\/wp-json\/wp\/v2\/product_cat?post=715679"},{"taxonomy":"product_tag","embeddable":true,"href":"https:\/\/roveyayinevi.com.tr\/index.php\/wp-json\/wp\/v2\/product_tag?post=715679"}],"curies":[{"name":"wp","href":"https:\/\/api.w.org\/{rel}","templated":true}]}}