{"id":715676,"date":"2025-08-27T17:33:43","date_gmt":"2025-08-27T14:33:43","guid":{"rendered":"https:\/\/roveyayinevi.com.tr\/index.php\/urun\/dunyayi-degistiren-gizli-anlasmalar\/"},"modified":"2026-04-16T02:23:52","modified_gmt":"2026-04-15T23:23:52","slug":"dunyayi-degistiren-gizli-anlasmalar","status":"publish","type":"product","link":"https:\/\/roveyayinevi.com.tr\/index.php\/urun\/dunyayi-degistiren-gizli-anlasmalar\/","title":{"rendered":"D\u00fcnyay\u0131 De\u011fi\u015ftiren Gizli Anla\u015fmalar"},"content":{"rendered":"<p>Hi\u00e7 d\u00fc\u015f\u00fcnd\u00fcn\u00fcz m\u00fc neden al\u0131\u015fveri\u015fte nakit para kullan\u0131rken adeta ac\u0131 \u00e7ekiyoruz da kredi kart\u0131 kulland\u0131\u011f\u0131m\u0131zdason derece rahat\u0131z? \u015eirketlerin \u00f6demeleri gereken vergiden ka\u00e7mak i\u00e7in paray\u0131 yat\u0131rd\u0131klar\u0131 vergi cennetleri nerede ve kimlerin denetiminde? Son y\u0131llarda bilimsel bir ger\u00e7ek olarak herkesin ba\u015fvurdu\u011fu \u201cv\u00fccut kitle indeksi\u201dnin bir sigortac\u0131 taraf\u0131ndan daha fazla m\u00fc\u015fteri bulmak i\u00e7in uyduruldu\u011funu biliyor muydunuz? Neden \u00f6nce bol kalorili \u00fcr\u00fcnleri sat\u0131n alarak \u015fi\u015fmanl\u0131yor, ard\u0131ndan da diyet \u00fcr\u00fcnlerle zay\u0131flamaya \u00e7al\u0131\u015f\u0131yoruz? Hemen her y\u0131l bizleri ak\u0131ll\u0131 telefonlar\u0131m\u0131z\u0131 en yeni \u00e7\u0131kan modeliyle de\u011fi\u015ftirmeye y\u00f6nlendiren temel duygu nedir? Veya McKinsey nas\u0131l bir \u015firkettir ve d\u00fcnya ekonomisini nas\u0131l y\u00f6netir?Geneldehayat\u0131m\u0131zdakien temel belirleyicinin, se\u00e7ti\u011fimiz siyaset\u00e7iler oldu\u011funu d\u00fc\u015f\u00fcn\u00fcr\u00fcz. Oysa, anla\u015fmalar her zaman siyaset\u00e7iler ve devletler aras\u0131nda yap\u0131lm\u0131yor. \u00d6zellikle son bir y\u00fczy\u0131ld\u0131r yap\u0131lan anla\u015fmalar\u0131n \u00e7o\u011funlu\u011fu\u015firketler aras\u0131nda ve gizlice yap\u0131lanlar\u2026 Bizlere s\u00fcrekli olarak \u00fcr\u00fcn ve hizmet satan bu \u015firketler \u00fcr\u00fcnleriylehayat tarz\u0131m\u0131za, al\u0131\u015fkanl\u0131klar\u0131m\u0131za, v\u00fccut yap\u0131m\u0131za ve belkihayat\u0131m\u0131z\u0131n bir k\u0131sm\u0131na h\u00fckmetmeye ba\u015flad\u0131lar bile.Gazeteci Jacques Peretti, yirmi y\u0131ld\u0131r \u00e7okuluslu \u015firketlerin CEO\u2019lar\u0131ndan politikac\u0131lara, ekonomistlerden biliminsanlar\u0131na kadarhayat\u0131m\u0131z\u0131de\u011fi\u015ftirenkararlar\u0131n arkas\u0131ndaki insanlarla yapt\u0131\u011f\u0131 r\u00f6portajlardan edindi\u011fi deneyimle bu \u00e7arp\u0131c\u0131 kitab\u0131 kaleme ald\u0131.Bug\u00fcne kadar bir\u00e7ok omplo teorisi duymu\u015f olabilirsiniz , \u015fimdi s\u0131ra ger\u00e7eklere geldi.<\/p>\n","protected":false},"excerpt":{"rendered":"<p>Hi\u00e7 d\u00fc\u015f\u00fcnd\u00fcn\u00fcz m\u00fc neden al\u0131\u015fveri\u015fte nakit para kullan\u0131rken adeta ac\u0131 \u00e7ekiyoruz da kredi kart\u0131 kulland\u0131\u011f\u0131m\u0131zdason derece rahat\u0131z? \u015eirketlerin \u00f6demeleri gereken vergiden ka\u00e7mak i\u00e7in paray\u0131 yat\u0131rd\u0131klar\u0131 vergi<span class=\"excerpt-hellip\"> [\u2026]<\/span><\/p>\n","protected":false},"featured_media":0,"template":"","meta":{"_monsterinsights_skip_tracking":false,"_monsterinsights_sitenote_active":false,"_monsterinsights_sitenote_note":"","_monsterinsights_sitenote_category":0},"product_brand":[],"product_cat":[13044,13043],"product_tag":[],"class_list":{"0":"post-715676","1":"product","2":"type-product","3":"status-publish","5":"product_cat-dunya-ekonomisi","6":"product_cat-ekonomi","7":"pa_cilt-ciltsiz","8":"pa_tur-kitap","9":"pa_yayinevi-timas-yayinlari","10":"pa_yazar-jacques-peretti","12":"first","13":"instock","14":"sale","15":"shipping-taxable","16":"purchasable","17":"product-type-simple"},"_links":{"self":[{"href":"https:\/\/roveyayinevi.com.tr\/index.php\/wp-json\/wp\/v2\/product\/715676","targetHints":{"allow":["GET"]}}],"collection":[{"href":"https:\/\/roveyayinevi.com.tr\/index.php\/wp-json\/wp\/v2\/product"}],"about":[{"href":"https:\/\/roveyayinevi.com.tr\/index.php\/wp-json\/wp\/v2\/types\/product"}],"wp:attachment":[{"href":"https:\/\/roveyayinevi.com.tr\/index.php\/wp-json\/wp\/v2\/media?parent=715676"}],"wp:term":[{"taxonomy":"product_brand","embeddable":true,"href":"https:\/\/roveyayinevi.com.tr\/index.php\/wp-json\/wp\/v2\/product_brand?post=715676"},{"taxonomy":"product_cat","embeddable":true,"href":"https:\/\/roveyayinevi.com.tr\/index.php\/wp-json\/wp\/v2\/product_cat?post=715676"},{"taxonomy":"product_tag","embeddable":true,"href":"https:\/\/roveyayinevi.com.tr\/index.php\/wp-json\/wp\/v2\/product_tag?post=715676"}],"curies":[{"name":"wp","href":"https:\/\/api.w.org\/{rel}","templated":true}]}}