{"id":715675,"date":"2025-08-27T17:33:43","date_gmt":"2025-08-27T14:33:43","guid":{"rendered":"https:\/\/roveyayinevi.com.tr\/index.php\/urun\/baska-yerler-farkli-mekanlar-geziyorum\/"},"modified":"2026-04-16T02:23:52","modified_gmt":"2026-04-15T23:23:52","slug":"baska-yerler-farkli-mekanlar-geziyorum","status":"publish","type":"product","link":"https:\/\/roveyayinevi.com.tr\/index.php\/urun\/baska-yerler-farkli-mekanlar-geziyorum\/","title":{"rendered":"Ba\u015fka Yerler Farkl\u0131 Mekanlar Geziyorum"},"content":{"rendered":"<p>Gezmek, mek\u00e2nlar ve k\u00fclt\u00fcrler tan\u0131mak kadar insan\u0131n\u0131n ufkunu geni\u015fleten az \u015fey vard\u0131r hayatta. Gezilerinize bir de ziyaret etti\u011finiz \u015fehirlerin tarihi ve k\u00fclt\u00fcrel zenginliklerine vak\u0131f biri e\u015flik ediyorsa bu seyahatlerin size katacaklar\u0131 daha anlaml\u0131 hale gelir.T\u00fcrkiye Gezginler Kul\u00fcb\u00fc \u00fcyesi Ali Bilir, Ba\u015fka Yerler Farkl\u0131 Mek\u00e2nlar Geziyorum kitab\u0131yla sizleri yepyeni co\u011frafyalara uyanmaya davet ediyor.Senelerce diyar diyar, \u00fclke \u00fclke dola\u015ft\u0131m. \u00c7ok memleketler g\u00f6rd\u00fcm. \u00d6yle \u00fcst\u00fcnk\u00f6r\u00fc gezmedim ama ya\u015fad\u0131m gitti\u011fim yerleri. \u0130nsanlar\u0131n\u0131n i\u00e7ine girdim, onlarla ayn\u0131 havay\u0131 teneff\u00fcs etmeye \u00e7al\u0131\u015ft\u0131m. Onlar\u0131n tarihlerine, k\u00fclt\u00fcrlerine ortak olmaya \u00e7al\u0131\u015ft\u0131m; onlar gibi ya\u015famaya \u00e7al\u0131\u015ft\u0131m. B\u00fct\u00fcn bu izlenimlerimi kendimce anlatmaya \u00e7al\u0131\u015ft\u0131m bu kitapta. Tam tam\u0131na otuz \u00fclke.\u0130mrendi\u011fim \u00fclkeler de oldu i\u00e7imi burkan \u00fclkeler de. Kimi zaman \u201cburas\u0131 ger\u00e7ek mi,\u201d diye d\u00fc\u015f\u00fcnd\u00fc\u011f\u00fcm, kimi zaman g\u00f6rd\u00fcklerim kar\u015f\u0131s\u0131nda \u201c\u00fclke olarak ne kadar \u015fansl\u0131y\u0131z\u201d diye akl\u0131mdan ge\u00e7irmeden edemedi\u011fim otuz hik\u00e2ye otuz \u00fclke var bu kitapta.Yazma yolculu\u011fum en az gezmek kadar keyif verdi bana. Gezip g\u00f6rd\u00fcklerimi, ya\u015fad\u0131klar\u0131m\u0131, tecr\u00fcbelerimi ve en \u00f6nemlisi hissettiklerimi kendi penceremden sizlere sunmak benim i\u00e7in b\u00fcy\u00fck bir k\u0131van\u00e7. Umar\u0131m yazarken hissetti\u011fim g\u00fczel duygular\u0131 siz de okurken hissedersiniz. Size bu kitapla keyifli saatler ge\u00e7irmenize muktedir olursam ne mutlu bana.Her ne kadar ayr\u0131 yerlerde farkl\u0131 insanlar olarak var olsak da asl\u0131nda hepimizin e\u011fer istersek ortak bir paydada bulu\u015fabilece\u011fimizi de bu kitab\u0131 okurken akl\u0131n\u0131zdan \u00e7\u0131karmay\u0131n\u0131z.<\/p>\n","protected":false},"excerpt":{"rendered":"<p>Gezmek, mek\u00e2nlar ve k\u00fclt\u00fcrler tan\u0131mak kadar insan\u0131n\u0131n ufkunu geni\u015fleten az \u015fey vard\u0131r hayatta. Gezilerinize bir de ziyaret etti\u011finiz \u015fehirlerin tarihi ve k\u00fclt\u00fcrel zenginliklerine vak\u0131f biri e\u015flik<span class=\"excerpt-hellip\"> [\u2026]<\/span><\/p>\n","protected":false},"featured_media":0,"template":"","meta":{"_monsterinsights_skip_tracking":false,"_monsterinsights_sitenote_active":false,"_monsterinsights_sitenote_note":"","_monsterinsights_sitenote_category":0},"product_brand":[],"product_cat":[13055,13054],"product_tag":[],"class_list":{"0":"post-715675","1":"product","2":"type-product","3":"status-publish","5":"product_cat-gezi-rehberi","6":"product_cat-gezi-ve-rehber-kitaplari","7":"pa_cilt-ciltsiz","8":"pa_tur-kitap","9":"pa_yayinevi-timas-yayinlari","10":"pa_yazar-ali-bilir","12":"first","13":"instock","14":"sale","15":"shipping-taxable","16":"purchasable","17":"product-type-simple"},"_links":{"self":[{"href":"https:\/\/roveyayinevi.com.tr\/index.php\/wp-json\/wp\/v2\/product\/715675","targetHints":{"allow":["GET"]}}],"collection":[{"href":"https:\/\/roveyayinevi.com.tr\/index.php\/wp-json\/wp\/v2\/product"}],"about":[{"href":"https:\/\/roveyayinevi.com.tr\/index.php\/wp-json\/wp\/v2\/types\/product"}],"wp:attachment":[{"href":"https:\/\/roveyayinevi.com.tr\/index.php\/wp-json\/wp\/v2\/media?parent=715675"}],"wp:term":[{"taxonomy":"product_brand","embeddable":true,"href":"https:\/\/roveyayinevi.com.tr\/index.php\/wp-json\/wp\/v2\/product_brand?post=715675"},{"taxonomy":"product_cat","embeddable":true,"href":"https:\/\/roveyayinevi.com.tr\/index.php\/wp-json\/wp\/v2\/product_cat?post=715675"},{"taxonomy":"product_tag","embeddable":true,"href":"https:\/\/roveyayinevi.com.tr\/index.php\/wp-json\/wp\/v2\/product_tag?post=715675"}],"curies":[{"name":"wp","href":"https:\/\/api.w.org\/{rel}","templated":true}]}}