{"id":715672,"date":"2025-08-27T17:33:41","date_gmt":"2025-08-27T14:33:41","guid":{"rendered":"https:\/\/roveyayinevi.com.tr\/index.php\/urun\/kendi-evrimimizi-yonetmek\/"},"modified":"2026-04-16T02:23:52","modified_gmt":"2026-04-15T23:23:52","slug":"kendi-evrimimizi-yonetmek","status":"publish","type":"product","link":"https:\/\/roveyayinevi.com.tr\/index.php\/urun\/kendi-evrimimizi-yonetmek\/","title":{"rendered":"Kendi Evrimimizi Y\u00f6netmek"},"content":{"rendered":"<p>Otizm, ast\u0131m, obezite ve alerji gibi durumlar\u0131n g\u00f6r\u00fclme oranlar\u0131 neden daha \u00f6nce hi\u00e7 olmad\u0131\u011f\u0131 kadar h\u0131zla y\u00fckseliyor? Neden insanlar daha uzun s\u00fcre ya\u015f\u0131yor, daha ak\u0131ll\u0131 hale geliyor ve \u00e7ok daha az say\u0131da \u00e7ocuk sahibi oluyorlar? Ya\u015fam tarz\u0131m\u0131z do\u011fmam\u0131\u015f \u00e7ocuklar\u0131m\u0131z\u0131 ve torunlar\u0131m\u0131z\u0131 nas\u0131l etkileyebilir? Darwin bug\u00fcn ya\u015fasayd\u0131, bu yeni d\u00fcnyay\u0131 nas\u0131l a\u00e7\u0131klard\u0131? \u0130nsan yavrular\u0131 en sonunda farkl\u0131 bir ya da birka\u00e7 t\u00fcre d\u00f6n\u00fc\u015febilir mi? Gelecekbilimci Juan Enriquez ve bilim insan\u0131 Steve Gullans ortak kitaplar\u0131 Kendi Evrimimizi Y\u00f6netmek\u2019te bazen bilin\u00e7li bazen bilin\u00e7siz bir \u015fekilde evrimin y\u00f6n\u00fcn\u00fc nas\u0131l de\u011fi\u015ftirdi\u011fimize dair keyifli ve ilgi \u00e7ekici bir zihinsel tura rehberlik ediyorlar.\u201cDarwin sonras\u0131 modern d\u00fcnyada i\u015flerli\u011fini s\u00fcrd\u00fcren evrimsel kuvvetler ve genetik kaderimiz \u00fczerindeki kontrol\u00fcm\u00fcze dair tahrik edici ve \u00e7arp\u0131c\u0131 bir g\u00f6r\u00fc\u015f. \u0130nsanl\u0131\u011f\u0131n pratik zek\u00e2s\u0131n\u0131 tam kapasite kullanarak kar\u015f\u0131s\u0131na \u00e7\u0131kabilecek zorluklara dayanaca\u011f\u0131, hayatta kalaca\u011f\u0131 ve bunlar\u0131n \u00fcstesinden gelece\u011fi umudunu ta\u015f\u0131yan herkesin okumas\u0131 gereken bir kitap.\u201d Prof. George Q. Daley, Harvard T\u0131p Fak\u00fcltesi Bu kitap, ayn\u0131 oranda k\u0131\u015fk\u0131rt\u0131c\u0131 ve ilham verici. K\u0131\u015fk\u0131rt\u0131c\u0131 \u00e7\u00fcnk\u00fc insan kendi t\u00fcr\u00fc de dahil olmak \u00fczere gezegendeki b\u00fct\u00fcn hayat\u0131 etkileyen etkili bir evrimsel g\u00fc\u00e7 haline gelmi\u015ftir. \u0130lham verici \u00e7\u00fcnk\u00fc beraberinde insanl\u0131\u011f\u0131n ve evrenin evrimsel y\u00f6r\u00fcngesini \u00e7izme kapasitesini de kazand\u0131rmaktad\u0131r. Bu kitab\u0131 okuduktan sonra, evrimle ilgili d\u00fc\u015f\u00fcnceleriniz bir daha asla eskisi gibi olmayacak.\u201d Paul Saffo, Teknoloji Uzman\u0131 D\u00fc\u015f\u00fcnd\u00fcr\u00fcc\u00fc ve zihin a\u00e7\u0131c\u0131 Kendi Evrimimizi Y\u00f6netmek nas\u0131l \u00e7abalad\u0131\u011f\u0131m\u0131z, buraya nas\u0131l geldi\u011fimiz ve nas\u0131l de\u011fi\u015fti\u011fimize dair sundu\u011fu b\u00fcy\u00fcleyici ayr\u0131nt\u0131larla e\u015fsiz bir kitap. Enriquez ve Gullans, bizi, en g\u00fczel hayallerimize ya da en korkun\u00e7 kab\u00fbslar\u0131m\u0131za ula\u015ft\u0131racak bir g\u00f6zlem ve mant\u0131k yoluna ta\u015f\u0131yor. Kemerlerinizi ba\u011flay\u0131n, bu roket havalanmak \u00fczere.\u201d Martin Blaser, Missing Microbes\u2019un yazar\u0131 <\/p>\n","protected":false},"excerpt":{"rendered":"<p>Otizm, ast\u0131m, obezite ve alerji gibi durumlar\u0131n g\u00f6r\u00fclme oranlar\u0131 neden daha \u00f6nce hi\u00e7 olmad\u0131\u011f\u0131 kadar h\u0131zla y\u00fckseliyor? Neden insanlar daha uzun s\u00fcre ya\u015f\u0131yor, daha ak\u0131ll\u0131 hale<span class=\"excerpt-hellip\"> [\u2026]<\/span><\/p>\n","protected":false},"featured_media":0,"template":"","meta":{"_monsterinsights_skip_tracking":false,"_monsterinsights_sitenote_active":false,"_monsterinsights_sitenote_note":"","_monsterinsights_sitenote_category":0},"product_brand":[],"product_cat":[13005,37328],"product_tag":[],"class_list":{"0":"post-715672","1":"product","2":"type-product","3":"status-publish","5":"product_cat-bilim-muhendislik","6":"product_cat-diger-bilim-muhendislik","7":"pa_cilt-ciltsiz","8":"pa_tur-kitap","9":"pa_yayinevi-yapi-kredi-yayinlari","10":"pa_yazar-juan-enriquez-steve-gullans","12":"first","13":"instock","14":"sale","15":"shipping-taxable","16":"purchasable","17":"product-type-simple"},"_links":{"self":[{"href":"https:\/\/roveyayinevi.com.tr\/index.php\/wp-json\/wp\/v2\/product\/715672","targetHints":{"allow":["GET"]}}],"collection":[{"href":"https:\/\/roveyayinevi.com.tr\/index.php\/wp-json\/wp\/v2\/product"}],"about":[{"href":"https:\/\/roveyayinevi.com.tr\/index.php\/wp-json\/wp\/v2\/types\/product"}],"wp:attachment":[{"href":"https:\/\/roveyayinevi.com.tr\/index.php\/wp-json\/wp\/v2\/media?parent=715672"}],"wp:term":[{"taxonomy":"product_brand","embeddable":true,"href":"https:\/\/roveyayinevi.com.tr\/index.php\/wp-json\/wp\/v2\/product_brand?post=715672"},{"taxonomy":"product_cat","embeddable":true,"href":"https:\/\/roveyayinevi.com.tr\/index.php\/wp-json\/wp\/v2\/product_cat?post=715672"},{"taxonomy":"product_tag","embeddable":true,"href":"https:\/\/roveyayinevi.com.tr\/index.php\/wp-json\/wp\/v2\/product_tag?post=715672"}],"curies":[{"name":"wp","href":"https:\/\/api.w.org\/{rel}","templated":true}]}}