{"id":715671,"date":"2025-08-27T17:33:40","date_gmt":"2025-08-27T14:33:40","guid":{"rendered":"https:\/\/roveyayinevi.com.tr\/index.php\/urun\/kefaret-2\/"},"modified":"2026-04-16T02:23:52","modified_gmt":"2026-04-15T23:23:52","slug":"kefaret-2","status":"publish","type":"product","link":"https:\/\/roveyayinevi.com.tr\/index.php\/urun\/kefaret-2\/","title":{"rendered":"Kefaret"},"content":{"rendered":"<p>1935 yaz\u0131nda bir g\u00fcn, Tallis ailesinin on \u00fc\u00e7 ya\u015f\u0131ndaki k\u0131z\u0131 Briony, ablas\u0131 Cecilia ile ailenin hizmet\u00e7isinin o\u011flu, Cecilia\u2019n\u0131n \u00e7ocukluk arkada\u015f\u0131 Robbie aras\u0131ndaki bir yak\u0131nla\u015fmaya \u015fahit olur. Briony\u2019nin yeti\u015fkinlerin d\u00fcnyas\u0131 hakk\u0131ndaki bilgisizli\u011fi ve hik\u00e2ye anlatmaya olan merak\u0131, \u00fc\u00e7\u00fcn\u00fcn de hayat\u0131n\u0131 derinden etkileyecek bir su\u00e7 i\u015flemesine neden olacakt\u0131r.1935 yaz\u0131nda bir g\u00fcn, Tallis ailesinin on \u00fc\u00e7 ya\u015f\u0131ndaki k\u0131z\u0131 Briony, ablas\u0131 Cecilia ile ailenin hizmet\u00e7isinin o\u011flu, Cecilia\u2019n\u0131n \u00e7ocukluk arkada\u015f\u0131 Robbie aras\u0131ndaki bir yak\u0131nla\u015fmaya \u015fahit olur. Briony\u2019nin yeti\u015fkinlerin d\u00fcnyas\u0131 hakk\u0131ndaki bilgisizli\u011fi ve hik\u00e2ye anlatmaya olan merak\u0131, \u00fc\u00e7\u00fcn\u00fcn de hayat\u0131n\u0131 derinden etkileyecek bir su\u00e7 i\u015flemesine neden olacakt\u0131r<\/p>\n","protected":false},"excerpt":{"rendered":"<p>1935 yaz\u0131nda bir g\u00fcn, Tallis ailesinin on \u00fc\u00e7 ya\u015f\u0131ndaki k\u0131z\u0131 Briony, ablas\u0131 Cecilia ile ailenin hizmet\u00e7isinin o\u011flu, Cecilia\u2019n\u0131n \u00e7ocukluk arkada\u015f\u0131 Robbie aras\u0131ndaki bir yak\u0131nla\u015fmaya \u015fahit olur.<span class=\"excerpt-hellip\"> [\u2026]<\/span><\/p>\n","protected":false},"featured_media":0,"template":"","meta":{"_monsterinsights_skip_tracking":false,"_monsterinsights_sitenote_active":false,"_monsterinsights_sitenote_note":"","_monsterinsights_sitenote_category":0},"product_brand":[],"product_cat":[12291,12711],"product_tag":[],"class_list":{"0":"post-715671","1":"product","2":"type-product","3":"status-publish","5":"product_cat-edebiyat","6":"product_cat-roman-oyku","7":"pa_cilt-ciltsiz","8":"pa_tur-kitap","9":"pa_yayinevi-yapi-kredi-yayinlari","10":"pa_yazar-ian-mcewan","12":"first","13":"instock","14":"sale","15":"shipping-taxable","16":"purchasable","17":"product-type-simple"},"_links":{"self":[{"href":"https:\/\/roveyayinevi.com.tr\/index.php\/wp-json\/wp\/v2\/product\/715671","targetHints":{"allow":["GET"]}}],"collection":[{"href":"https:\/\/roveyayinevi.com.tr\/index.php\/wp-json\/wp\/v2\/product"}],"about":[{"href":"https:\/\/roveyayinevi.com.tr\/index.php\/wp-json\/wp\/v2\/types\/product"}],"wp:attachment":[{"href":"https:\/\/roveyayinevi.com.tr\/index.php\/wp-json\/wp\/v2\/media?parent=715671"}],"wp:term":[{"taxonomy":"product_brand","embeddable":true,"href":"https:\/\/roveyayinevi.com.tr\/index.php\/wp-json\/wp\/v2\/product_brand?post=715671"},{"taxonomy":"product_cat","embeddable":true,"href":"https:\/\/roveyayinevi.com.tr\/index.php\/wp-json\/wp\/v2\/product_cat?post=715671"},{"taxonomy":"product_tag","embeddable":true,"href":"https:\/\/roveyayinevi.com.tr\/index.php\/wp-json\/wp\/v2\/product_tag?post=715671"}],"curies":[{"name":"wp","href":"https:\/\/api.w.org\/{rel}","templated":true}]}}