{"id":715665,"date":"2025-08-27T17:33:36","date_gmt":"2025-08-27T14:33:36","guid":{"rendered":"https:\/\/roveyayinevi.com.tr\/index.php\/urun\/solo-calgilar-icin-piyano-eslikli-azeri-turkuler\/"},"modified":"2026-04-16T02:23:52","modified_gmt":"2026-04-15T23:23:52","slug":"solo-calgilar-icin-piyano-eslikli-azeri-turkuler","status":"publish","type":"product","link":"https:\/\/roveyayinevi.com.tr\/index.php\/urun\/solo-calgilar-icin-piyano-eslikli-azeri-turkuler\/","title":{"rendered":"Solo \u00c7alg\u0131lar \u0130\u00e7in Piyano E\u015flikli Azeri T\u00fcrk\u00fcler"},"content":{"rendered":"<p>Bu kitap 2017 y\u0131l\u0131nda yay\u0131nlanan \u201c\u015ean i\u00e7in Piyano E\u015flikli Azeri T\u00fcrk\u00fcler\u201d isimli kitab\u0131m\u0131z\u0131n \u201csolo \u00e7alg\u0131lar i\u00e7in d\u00fczenlenmi\u015f\u201d versiyonudur. Ba\u015flang\u0131\u00e7ta sadece keman ve piyano i\u00e7in d\u00fc\u015f\u00fcn\u00fclm\u00fc\u015f olmas\u0131na kar\u015f\u0131n, daha sonradan b\u00fct\u00fcn solo \u00e7alg\u0131lar taraf\u0131ndan piyano e\u015fli\u011finde seslendirebilmesi i\u00e7in kitab\u0131n ad\u0131 \u201cSolo \u00c7alg\u0131lar i\u00e7in Piyano E\u015flikli Azeri T\u00fcrk\u00fcler\u201d olarak de\u011fi\u015ftirilmi\u015ftir. Ana kitapta 15 eserin piyano e\u015fli\u011fi, \u201cSolo \u00c7alg\u0131 Partisi\u201d kitap\u00e7\u0131\u011f\u0131nda ise eserlerin sol anahtar\u0131na g\u00f6re yaz\u0131lm\u0131\u015f solo partileri bulunmaktad\u0131r. Bu bak\u0131mdan eserler, sol anahtar\u0131 kullanan keman, fl\u00fct, obua, kanun, ba\u011flama vb. b\u00fct\u00fcn \u00e7alg\u0131lar taraf\u0131ndan rahatl\u0131kla seslendirilebilir. Ba\u015fka bir deyi\u015fle, bu kitaptaki eserler b\u00fct\u00fcn yayl\u0131 \u00e7alg\u0131lar, tahta ve bak\u0131r nefesli \u00e7alg\u0131lar, T\u00fcrk M\u00fczi\u011fi \u00e7alg\u0131lar\u0131 ve di\u011fer b\u00fct\u00fcn solo \u00e7alg\u0131lar i\u00e7indir. Eserlerin solo+piyano ses dosyalar\u0131 ile sadece piyano e\u015fliklerinin full s\u00fcr\u00fcm MP3 dosyalar\u0131na \u00fccretsiz olarak yay\u0131n evi internet sitesinden ula\u015fabilirsiniz. <\/p>\n","protected":false},"excerpt":{"rendered":"<p>Bu kitap 2017 y\u0131l\u0131nda yay\u0131nlanan \u201c\u015ean i\u00e7in Piyano E\u015flikli Azeri T\u00fcrk\u00fcler\u201d isimli kitab\u0131m\u0131z\u0131n \u201csolo \u00e7alg\u0131lar i\u00e7in d\u00fczenlenmi\u015f\u201d versiyonudur. Ba\u015flang\u0131\u00e7ta sadece keman ve piyano i\u00e7in d\u00fc\u015f\u00fcn\u00fclm\u00fc\u015f olmas\u0131na<span class=\"excerpt-hellip\"> [\u2026]<\/span><\/p>\n","protected":false},"featured_media":0,"template":"","meta":{"_monsterinsights_skip_tracking":false,"_monsterinsights_sitenote_active":false,"_monsterinsights_sitenote_note":"","_monsterinsights_sitenote_category":0},"product_brand":[],"product_cat":[14556,20810],"product_tag":[],"class_list":{"0":"post-715665","1":"product","2":"type-product","3":"status-publish","5":"product_cat-muzik","6":"product_cat-ogrenim-kitaplari","7":"pa_cilt-ciltsiz","8":"pa_tur-kitap","9":"pa_yayinevi-muzik-egitimi-yayinlari","10":"pa_yazar-muhammet-koc-vsevolod-kuzmin","12":"first","13":"instock","14":"sale","15":"shipping-taxable","16":"purchasable","17":"product-type-simple"},"_links":{"self":[{"href":"https:\/\/roveyayinevi.com.tr\/index.php\/wp-json\/wp\/v2\/product\/715665","targetHints":{"allow":["GET"]}}],"collection":[{"href":"https:\/\/roveyayinevi.com.tr\/index.php\/wp-json\/wp\/v2\/product"}],"about":[{"href":"https:\/\/roveyayinevi.com.tr\/index.php\/wp-json\/wp\/v2\/types\/product"}],"wp:attachment":[{"href":"https:\/\/roveyayinevi.com.tr\/index.php\/wp-json\/wp\/v2\/media?parent=715665"}],"wp:term":[{"taxonomy":"product_brand","embeddable":true,"href":"https:\/\/roveyayinevi.com.tr\/index.php\/wp-json\/wp\/v2\/product_brand?post=715665"},{"taxonomy":"product_cat","embeddable":true,"href":"https:\/\/roveyayinevi.com.tr\/index.php\/wp-json\/wp\/v2\/product_cat?post=715665"},{"taxonomy":"product_tag","embeddable":true,"href":"https:\/\/roveyayinevi.com.tr\/index.php\/wp-json\/wp\/v2\/product_tag?post=715665"}],"curies":[{"name":"wp","href":"https:\/\/api.w.org\/{rel}","templated":true}]}}