{"id":715663,"date":"2025-08-27T17:33:35","date_gmt":"2025-08-27T14:33:35","guid":{"rendered":"https:\/\/roveyayinevi.com.tr\/index.php\/urun\/para-bk-gibi\/"},"modified":"2026-04-16T02:23:52","modified_gmt":"2026-04-15T23:23:52","slug":"para-bk-gibi","status":"publish","type":"product","link":"https:\/\/roveyayinevi.com.tr\/index.php\/urun\/para-bk-gibi\/","title":{"rendered":"Para B*k Gibi"},"content":{"rendered":"<p>Paran\u0131n d\u0131\u015fk\u0131ya benzetilmesi olduk\u00e7a ilgin\u00e7 bir analojidir. E\u011fer \u00e7ok yer i\u00e7erseniz \u00e7ok olur. Az yer i\u00e7erseniz az olur. Yiyip i\u00e7me de sizin refah seviyenize ba\u011fl\u0131 bir durum. Sonu\u00e7ta da d\u0131\u015fk\u0131 ona g\u00f6re olur. Bu durum sahip oldu\u011funuz hayvanlar i\u00e7in, asl\u0131nda b\u00fct\u00fcn canl\u0131lar i\u00e7in ge\u00e7erlidir. D\u0131\u015fk\u0131 \u00fcretimini bir sindirim sistemi sonucu olarak g\u00f6r\u00fcrseniz ilgin\u00e7 \u00e7\u0131kar\u0131mlara da ula\u015fabilirsiniz. Yeme i\u00e7me \u00e7ok ama d\u0131\u015fk\u0131 \u00fcretimi yok! Burada sindirim sisteminde veya sa\u011fl\u0131\u011f\u0131n\u0131zda bir sorun var demektir. Tersi de do\u011frudur. Yeme i\u00e7me az ama d\u0131\u015fk\u0131 \u00fcretimi \u00e7ok. Burada da sorun var demektir. Bu iki hal, var olmamas\u0131 gereken hallerdir. Sistem sorununa i\u015faret eder. Ancak ne olursa olsun sonu\u00e7ta elde edilen \u015fey bir d\u0131\u015fk\u0131d\u0131r. Kokusu mutlaka \u00e7\u0131kar. Pistir. Kirdir. Temizlenmesi gerekir!   Mekke d\u00f6nemi cahiliye sistemi bir avu\u00e7 \u201cse\u00e7ilmi\u015f\u201d taraf\u0131ndan y\u00f6netilmekteydi. Sistem borca dayal\u0131yd\u0131. Ellerindeki finansman imk\u00e2nlar\u0131yla bir \u015fekilde herkesi kendilerine bor\u00e7land\u0131rm\u0131\u015flard\u0131. Bor\u00e7lu olanlar da sistemin k\u00f6leleri haline d\u00f6n\u00fc\u015fm\u00fc\u015flerdi. Sistemin y\u00f6neticileri ayn\u0131 zamanda d\u0131\u015f ba\u011flant\u0131lara da sahiptiler. Bu destekler Mekke panay\u0131rlar\u0131 \u00fczerinden sa\u011flanmaktayd\u0131. Kurey\u015f \u00f6rg\u00fct\u00fc, pazarlarda kurulan ekonomik menfaat birli\u011fini ustaca siyasal bir deste\u011fe \u00e7evirmi\u015fti. O d\u00f6nem Kurey\u015f \u00f6rg\u00fct\u00fcn\u00fcn pozisyonu ne ise bug\u00fcnk\u00fc k\u00fcresel finans elitlerin pozisyonu da odur. Bug\u00fcn Mekke d\u00f6nemi cahiliye d\u00fczeni yeniden olu\u015fturuldu. Bizler de bu cahiliye d\u00fczeninin i\u00e7erisindeyiz. Bir bak\u0131ma mahk\u00fbmuz. Bu sistemde \u00f6l\u00e7\u00fc ve mizan \u00f6yle bir bozulmu\u015f ki ne yaparsan\u0131z yap\u0131n hep bir avu\u00e7 elitin \u00e7\u0131kar\u0131na i\u015fliyor. Hz. Muhammed i\u015fte bu d\u00fczeni y\u0131kmak i\u00e7in gelmi\u015fti ve y\u0131kt\u0131. Ancak g\u00fcn\u00fcm\u00fczde bizler bu d\u00fczene ve zulm\u00fcne, farkl\u0131 gerek\u00e7elerle de olsa hep birlikte r\u0131za g\u00f6steriyoruz. Bug\u00fcn yap\u0131lacak i\u015f bu cahiliye d\u00fczenini y\u0131kmakt\u0131r. Bunun ge\u00e7mi\u015fte nas\u0131l yap\u0131ld\u0131\u011f\u0131n\u0131 anlatt\u0131k. Bug\u00fcn de ayn\u0131 \u015fekilde yap\u0131labilir. Yap\u0131lmamas\u0131 i\u00e7in de hi\u00e7bir mazeretimiz yoktur. <\/p>\n","protected":false},"excerpt":{"rendered":"<p>Paran\u0131n d\u0131\u015fk\u0131ya benzetilmesi olduk\u00e7a ilgin\u00e7 bir analojidir. E\u011fer \u00e7ok yer i\u00e7erseniz \u00e7ok olur. Az yer i\u00e7erseniz az olur. Yiyip i\u00e7me de sizin refah seviyenize ba\u011fl\u0131 bir<span class=\"excerpt-hellip\"> [\u2026]<\/span><\/p>\n","protected":false},"featured_media":0,"template":"","meta":{"_monsterinsights_skip_tracking":false,"_monsterinsights_sitenote_active":false,"_monsterinsights_sitenote_note":"","_monsterinsights_sitenote_category":0},"product_brand":[],"product_cat":[13072,12291],"product_tag":[],"class_list":{"0":"post-715663","1":"product","2":"type-product","3":"status-publish","5":"product_cat-arastirma-inceleme-referans","6":"product_cat-edebiyat","7":"pa_cilt-ciltsiz","8":"pa_tur-kitap","9":"pa_yayinevi-destek-yayinlari","10":"pa_yazar-mete-gundogdu","12":"first","13":"instock","14":"sale","15":"shipping-taxable","16":"purchasable","17":"product-type-simple"},"_links":{"self":[{"href":"https:\/\/roveyayinevi.com.tr\/index.php\/wp-json\/wp\/v2\/product\/715663","targetHints":{"allow":["GET"]}}],"collection":[{"href":"https:\/\/roveyayinevi.com.tr\/index.php\/wp-json\/wp\/v2\/product"}],"about":[{"href":"https:\/\/roveyayinevi.com.tr\/index.php\/wp-json\/wp\/v2\/types\/product"}],"wp:attachment":[{"href":"https:\/\/roveyayinevi.com.tr\/index.php\/wp-json\/wp\/v2\/media?parent=715663"}],"wp:term":[{"taxonomy":"product_brand","embeddable":true,"href":"https:\/\/roveyayinevi.com.tr\/index.php\/wp-json\/wp\/v2\/product_brand?post=715663"},{"taxonomy":"product_cat","embeddable":true,"href":"https:\/\/roveyayinevi.com.tr\/index.php\/wp-json\/wp\/v2\/product_cat?post=715663"},{"taxonomy":"product_tag","embeddable":true,"href":"https:\/\/roveyayinevi.com.tr\/index.php\/wp-json\/wp\/v2\/product_tag?post=715663"}],"curies":[{"name":"wp","href":"https:\/\/api.w.org\/{rel}","templated":true}]}}