{"id":715662,"date":"2025-08-27T17:33:34","date_gmt":"2025-08-27T14:33:34","guid":{"rendered":"https:\/\/roveyayinevi.com.tr\/index.php\/urun\/gun-gulu\/"},"modified":"2026-04-16T02:23:52","modified_gmt":"2026-04-15T23:23:52","slug":"gun-gulu","status":"publish","type":"product","link":"https:\/\/roveyayinevi.com.tr\/index.php\/urun\/gun-gulu\/","title":{"rendered":"G\u00fcn G\u00fcl\u00fc"},"content":{"rendered":"<p>\u00c7ok g\u00fc\u00e7l\u00fc k\u00f6klere ba\u011fl\u0131 T\u00fcrk Yaz\u0131n\u0131 \u00f6n\u00fcne \u00e7\u0131kan \/ \u00e7\u0131kar\u0131lan engelleri a\u015f\u0131p, yenilenerek, \u00f6zde geli\u015ferek ak\u0131\u015f\u0131n\u0131 s\u00fcrd\u00fcr\u00fcyor. Hatice S\u00f6nmez Kaya \u201cG\u00fcn G\u00fcl\u00fc\u201d adl\u0131 \u00f6yk\u00fc kitab\u0131yla da s\u00f6zkonusu ya\u015famsal \u00e7a\u011fr\u0131\u015f\u0131mlar\u0131 yarat\u0131yor. Ola\u011fan\u00fcst\u00fc, s\u0131rad\u0131\u015f\u0131 bir anlat\u0131m, i\u00e7tenlikli dil, \u00f6zl\u00fc ve yal\u0131n T\u00fcrk\u00e7e, ortak insanl\u0131k durum ve kayg\u0131lar\u0131na duyarl\u0131k\u2026 \u201cNe bir fazla ne bir eksik,\u201d \u00f6l\u00e7\u00fcl\u00fc, dengeli bir yap\u0131. Hatice S\u00f6nmez Kaya \u201cG\u00fcn G\u00fcl\u00fc\u201dnde, gen\u00e7 k\u0131z\u0131n tutmayan bedeninin sa\u011falt\u0131m sa\u011flayan delikanl\u0131ya akan duyarl\u0131\u011f\u0131n\u0131; kimi hak ederek kimi etmeyerek bilinir olmu\u015f yazar \u00f6be\u011fi aras\u0131nda, yap\u0131t\u0131yla ilgili d\u00fc\u015f\u00fcncelerini tedirginlikle bekleyen kad\u0131n yazar\u0131n endi\u015fesini; yeni ta\u015f\u0131n\u0131lan apartman evinde kom\u015fu kad\u0131n\u0131n bir anda k\u0131rk y\u0131ll\u0131k dost\u00e7as\u0131na \u00f6\u011frenilen yak\u0131c\u0131 ac\u0131s\u0131n\u0131; \u00e7i\u011fnenen insan onurunun kanayan yaras\u0131n\u0131, ba\u011f\u0131\u015flanan evin bile sa\u011faltamay\u0131\u015f\u0131n\u0131; bir kad\u0131n\u0131n, bir \u00f6mr\u00fc \u00e7\u00fcr\u00fcten kocas\u0131n\u0131n kabal\u0131\u011f\u0131ndan, zulm\u00fcnden ka\u00e7\u0131\u015f\u0131n\u0131 ya da \u00e7aresizli\u011fini; her anlamda fa\u015fizmin g\u00fczel insanlar\u0131 yok edi\u015fini; k\u0131st\u0131r\u0131lm\u0131\u015f insanlar\u0131n cinnetin-u\u00e7urumun k\u0131y\u0131s\u0131nda y\u0131k\u0131l\u0131\u015flar\u0131n\u0131; \u00e7ocuklar\u0131n mutsuzlu\u011fa mahk\u00fbm edili\u015fini; ya\u015fl\u0131 bir zorbayla evlendirilmekten ka\u00e7an gen\u00e7 k\u0131z\u0131n kur\u015funlar alt\u0131nda \u00f6ld\u00fcr\u00fcl\u00fc\u015f\u00fcn\u00fc, bir\u00e7ok sars\u0131c\u0131 ayr\u0131nt\u0131y\u0131 b\u00fcy\u00fck bir yaz\u0131nsal sorumlulukla, yer yer \u015fiirsellikle \u00f6yk\u00fcle\u015ftiriyor. Hatice S\u00f6nmez Kaya \u00e7a\u011f\u0131n\u0131, \u00e7a\u011f\u0131n\u0131n ba\u015fat \u00e7at\u0131\u015fma ve \u00e7eli\u015fkilerini kavram\u0131\u015f bir yazar. T\u00fcrk \u00f6yk\u00fcs\u00fcne kesinlikle bir yeni soluk. <\/p>\n","protected":false},"excerpt":{"rendered":"<p>\u00c7ok g\u00fc\u00e7l\u00fc k\u00f6klere ba\u011fl\u0131 T\u00fcrk Yaz\u0131n\u0131 \u00f6n\u00fcne \u00e7\u0131kan \/ \u00e7\u0131kar\u0131lan engelleri a\u015f\u0131p, yenilenerek, \u00f6zde geli\u015ferek ak\u0131\u015f\u0131n\u0131 s\u00fcrd\u00fcr\u00fcyor. Hatice S\u00f6nmez Kaya \u201cG\u00fcn G\u00fcl\u00fc\u201d adl\u0131 \u00f6yk\u00fc kitab\u0131yla da<span class=\"excerpt-hellip\"> [\u2026]<\/span><\/p>\n","protected":false},"featured_media":0,"template":"","meta":{"_monsterinsights_skip_tracking":false,"_monsterinsights_sitenote_active":false,"_monsterinsights_sitenote_note":"","_monsterinsights_sitenote_category":0},"product_brand":[],"product_cat":[12291,12711],"product_tag":[],"class_list":{"0":"post-715662","1":"product","2":"type-product","3":"status-publish","5":"product_cat-edebiyat","6":"product_cat-roman-oyku","7":"pa_cilt-ciltsiz","8":"pa_tur-kitap","9":"pa_yayinevi-telgrafhane-yayinlari","10":"pa_yazar-hatice-sonmez-kaya","12":"first","13":"instock","14":"sale","15":"shipping-taxable","16":"purchasable","17":"product-type-simple"},"_links":{"self":[{"href":"https:\/\/roveyayinevi.com.tr\/index.php\/wp-json\/wp\/v2\/product\/715662","targetHints":{"allow":["GET"]}}],"collection":[{"href":"https:\/\/roveyayinevi.com.tr\/index.php\/wp-json\/wp\/v2\/product"}],"about":[{"href":"https:\/\/roveyayinevi.com.tr\/index.php\/wp-json\/wp\/v2\/types\/product"}],"wp:attachment":[{"href":"https:\/\/roveyayinevi.com.tr\/index.php\/wp-json\/wp\/v2\/media?parent=715662"}],"wp:term":[{"taxonomy":"product_brand","embeddable":true,"href":"https:\/\/roveyayinevi.com.tr\/index.php\/wp-json\/wp\/v2\/product_brand?post=715662"},{"taxonomy":"product_cat","embeddable":true,"href":"https:\/\/roveyayinevi.com.tr\/index.php\/wp-json\/wp\/v2\/product_cat?post=715662"},{"taxonomy":"product_tag","embeddable":true,"href":"https:\/\/roveyayinevi.com.tr\/index.php\/wp-json\/wp\/v2\/product_tag?post=715662"}],"curies":[{"name":"wp","href":"https:\/\/api.w.org\/{rel}","templated":true}]}}