{"id":715661,"date":"2025-08-27T17:33:33","date_gmt":"2025-08-27T14:33:33","guid":{"rendered":"https:\/\/roveyayinevi.com.tr\/index.php\/urun\/cengiz-han-3\/"},"modified":"2026-04-16T02:23:52","modified_gmt":"2026-04-15T23:23:52","slug":"cengiz-han-3","status":"publish","type":"product","link":"https:\/\/roveyayinevi.com.tr\/index.php\/urun\/cengiz-han-3\/","title":{"rendered":"Cengiz Han"},"content":{"rendered":"<p>Derne\u011fi\u2019nde verilmi\u015f ve T\u00fcrk Yurdu dergisinin ilk say\u0131s\u0131ndan ba\u015flayarak 11 say\u0131 boyunca tefrika edilmi\u015ftir. Bu metni takiben, Ebuzziya Tevfik\u2019in Tatarlar\u0131 a\u015fa\u011f\u0131layan bir yaz\u0131s\u0131na cevaben Alt\u0131n Arma\u011fan adl\u0131 ris\u00e2lede yer alan \u201cT\u00fcrk ve Tatar Birdir, T\u00fcrkler Medeniyete Hizmet Etmi\u015ftir\u201d ba\u015fl\u0131kl\u0131 konferans metni gelmektedir. Bu iki metni tamamlayaca\u011f\u0131 d\u00fc\u015f\u00fcncesiyle Hal\u00eem S\u00e2b\u00eet\u2019in, Yeni Mecm\u00fba\u2019da iki b\u00f6l\u00fcm h\u00e2linde ne\u015fredilmi\u015f, \u201c\u015eim\u00e2l T\u00fcrklerinde T\u00fcrk\u00e7\u00fcl\u00fck Ve Tatarc\u0131l\u0131k\u201d ba\u015fl\u0131kl\u0131 yaz\u0131s\u0131 da kitab\u0131n sonuna eklenmi\u015ftir. T\u00fcrk tarihini bir b\u00fct\u00fcn olarak telakki etmek; bu tarihe mill\u00ee ve i\u00e7eriden bir bak\u0131\u015f \u00f6nermek; T\u00fcrkler, Tatarlar ve Mo\u011follar aras\u0131nda k\u00f6ken birli\u011fini vurgulamak; bu k\u00f6ken birli\u011fini somutla\u015ft\u0131ran tarih\u00ee bir fig\u00fcr olarak Cengiz Han\u2019\u0131 \u00f6ne \u00e7\u0131kartarak T\u00fcrklerin mill\u00ee idealleri ve tarih\u00ee kinlerinin en y\u00fcksek d\u00fczeyde temsilcilerinden biri mevkiine oturtmak; onu milliyet\u00e7i, laik ve hukuka ba\u011fl\u0131 \u201cmodern\u201d bir devlet ba\u015fkan\u0131 \u015feklinde takdim etmek; nihayet b\u00fct\u00fcn bu hususlar\u0131n sa\u011flad\u0131\u011f\u0131 imk\u00e2nlar ile tarih\u00ee bir T\u00fcrk milliyet\u00e7ili\u011fi in\u015f\u00e2 etmek gibi motifler, Osmanl\u0131 tarih tasavvuruna muhalif olan Ak\u00e7ura\u2019n\u0131n Cengiz Han anlat\u0131s\u0131ndaki temel unsurlard\u0131r ve kayna\u011f\u0131 b\u00fcy\u00fck \u00f6l\u00e7\u00fcde Cahun\u2019dur. Dolay\u0131s\u0131yla bu anlat\u0131y\u0131, Cengiz Han\u2019\u0131 anlamak ve \u00f6\u011frenmek i\u00e7in ba\u015fvurulacak bir tarih metninden ziy\u00e2de T\u00fcrk birli\u011fini ger\u00e7ekle\u015fmesi imk\u00e2ns\u0131z bir hay\u00e2l addeden b\u00fct\u00fcn Osmanl\u0131 ayd\u0131nlar\u0131na kar\u015f\u0131 bir cevap, T\u00fcrk d\u00fc\u015f\u00fcnce tarihinin, modern T\u00fcrk tarih d\u00fc\u015f\u00fcncesinin, T\u00fcrk siyas\u00ee tarihinin bir belgesi gibi okumak do\u011fru bir yol olacakt\u0131r.<\/p>\n","protected":false},"excerpt":{"rendered":"<p>Derne\u011fi\u2019nde verilmi\u015f ve T\u00fcrk Yurdu dergisinin ilk say\u0131s\u0131ndan ba\u015flayarak 11 say\u0131 boyunca tefrika edilmi\u015ftir. Bu metni takiben, Ebuzziya Tevfik\u2019in Tatarlar\u0131 a\u015fa\u011f\u0131layan bir yaz\u0131s\u0131na cevaben Alt\u0131n Arma\u011fan<span class=\"excerpt-hellip\"> [\u2026]<\/span><\/p>\n","protected":false},"featured_media":0,"template":"","meta":{"_monsterinsights_skip_tracking":false,"_monsterinsights_sitenote_active":false,"_monsterinsights_sitenote_note":"","_monsterinsights_sitenote_category":0},"product_brand":[],"product_cat":[13946,12304],"product_tag":[],"class_list":{"0":"post-715661","1":"product","2":"type-product","3":"status-publish","5":"product_cat-biyografi-otobiyografi","6":"product_cat-tarih","7":"pa_cilt-ciltsiz","8":"pa_tur-kitap","9":"pa_yayinevi-otuken-nesriyat","10":"pa_yazar-yusuf-akcura","12":"first","13":"instock","14":"sale","15":"shipping-taxable","16":"purchasable","17":"product-type-simple"},"_links":{"self":[{"href":"https:\/\/roveyayinevi.com.tr\/index.php\/wp-json\/wp\/v2\/product\/715661","targetHints":{"allow":["GET"]}}],"collection":[{"href":"https:\/\/roveyayinevi.com.tr\/index.php\/wp-json\/wp\/v2\/product"}],"about":[{"href":"https:\/\/roveyayinevi.com.tr\/index.php\/wp-json\/wp\/v2\/types\/product"}],"wp:attachment":[{"href":"https:\/\/roveyayinevi.com.tr\/index.php\/wp-json\/wp\/v2\/media?parent=715661"}],"wp:term":[{"taxonomy":"product_brand","embeddable":true,"href":"https:\/\/roveyayinevi.com.tr\/index.php\/wp-json\/wp\/v2\/product_brand?post=715661"},{"taxonomy":"product_cat","embeddable":true,"href":"https:\/\/roveyayinevi.com.tr\/index.php\/wp-json\/wp\/v2\/product_cat?post=715661"},{"taxonomy":"product_tag","embeddable":true,"href":"https:\/\/roveyayinevi.com.tr\/index.php\/wp-json\/wp\/v2\/product_tag?post=715661"}],"curies":[{"name":"wp","href":"https:\/\/api.w.org\/{rel}","templated":true}]}}