{"id":715660,"date":"2025-08-27T17:33:33","date_gmt":"2025-08-27T14:33:33","guid":{"rendered":"https:\/\/roveyayinevi.com.tr\/index.php\/urun\/mikroiktisat\/"},"modified":"2025-10-01T16:57:46","modified_gmt":"2025-10-01T13:57:46","slug":"mikroiktisat","status":"publish","type":"product","link":"https:\/\/roveyayinevi.com.tr\/index.php\/urun\/mikroiktisat\/","title":{"rendered":"Mikroiktisat"},"content":{"rendered":"<p>1.      \u0130htiya\u00e7lar, Tercihler ve Fayda Fonksiyonu 2.      Kardinal Fayda Teorisi 3.      Ordinal Fayda Teorisi 4.      Tipik Olmayan Kay\u0131ts\u0131zl\u0131k E\u011frileri 5.      Se\u00e7im 6.      Tipik Olmayan Kay\u0131ts\u0131zl\u0131k E\u011frilerinde T\u00fcketici Dengesi 7.      T\u00fcketici Dengesinde De\u011fi\u015fme ve Talep E\u011frisi 8.      Tipik Olmayan Kay\u0131ts\u0131zl\u0131k E\u011frilerinde T\u00fcketici Dengesindeki De\u011fi\u015fme 9.      Marshallc\u0131 Bireysel Talep Miktar\u0131nda ve Talepte De\u011fi\u015fme 10.  Marshallc\u0131 Talep Fonksiyonlar\u0131na Y\u00f6neltilen Ele\u015ftiriler: Hicksgil Talep Fonksiyonlar\u0131 11.  Marshallc\u0131 Talep Fonksiyonlar\u0131na Y\u00f6neltilen Ele\u015ftiriler: Slutsky Talep Fonksiyonlar\u0131 12.  Piyasa Talebi 13.  T\u00fcketici Art\u0131\u011f\u0131 14.  Fiyat De\u011fi\u015fmesinin Refah Etkileri 15.  Talep Esnekli\u011fi 16.  Talebin Gelir Esnekli\u011fi 17.  Di\u011fer Esneklik \u0130li\u015fkileri 18.  Slutsky Denklemi 19.  T\u00fcketimde Dualite 20.  T\u00fcketimde Etkinlik 21.  \u00dcretim ve \u00dcretim Teknolojisi 22.  K\u0131sa D\u00f6nem \u00dcretim Fonksiyonlar\u0131 23.  K\u0131sa D\u00f6nem \u00dcretim Fonksiyonunda \u00dcretim B\u00f6lgeleri 24.  Uzun D\u00f6nem \u00dcretim Fonksiyon 25.  E\u015f-\u00dcr\u00fcn E\u011frileri 26.  \u00dcretim Fonksiyonu ve Esneklik Katsay\u0131lar\u0131 27.  Tipik Olmayan E\u015f-\u00dcr\u00fcn E\u011frileri 28.  \u00dcretim Maliyeti ve E\u015f-Maliyet Do\u011frusu 29.  Uzun D\u00f6nemde \u00dcretim Miktar\u0131n\u0131n Belirlenmesi 30.  Denge \u00dcretim D\u00fczeyinin De\u011fi\u015fmesi 31.  K\u0131sa D\u00f6nem Maliyet Fonksiyon 32.  K\u0131sa D\u00f6nemde Firma Dengesi 33.  K\u0131sa D\u00f6nem Arz E\u011frisi 34.  Uzun D\u00f6nem Maliyetler 35.  Piyasa Arz\u0131 ve Arz Fonksiyonu 36.  \u00dcretici Art\u0131\u011f\u0131 37.  Arz Esnekli\u011fi 38.  \u00dcretimde Dualite 39.  \u00dcretimde Etkinlik 40.  Piyasa ve Piyasa T\u00fcrleri 41.  Tam Rekabet Piyasas\u0131 42.  Piyasa Dengesi 43.  Denge Kararl\u0131l\u0131\u011f\u0131n\u0131n Dinamik Analizi 44.  Tekel Piyasas\u0131 45.  Tekelde Firma Dengesi 46.  Tekelde Fiyat Farkl\u0131la\u015ft\u0131rmas\u0131 47.  Tekelde \u00d6zel Durumlar 48.  Oligopol Piyasas\u0131 49.  Anla\u015fmas\u0131z Oligopol Modelleri I 50.  Anla\u015fmas\u0131z Oligopol Modelleri II 51.  Anla\u015fmal\u0131 Oligopol Modelleri 52.  Tekelci Rekabet Piyasas\u0131 53.  Monopson Piyasas\u0131 54.  \u0130ki Yan\u0131 Aksak Rekabet Piyasalar\u0131 <\/p>\n","protected":false},"excerpt":{"rendered":"<p>1. \u0130htiya\u00e7lar, Tercihler ve Fayda Fonksiyonu 2. Kardinal Fayda Teorisi 3. Ordinal Fayda Teorisi 4. Tipik Olmayan Kay\u0131ts\u0131zl\u0131k E\u011frileri 5. Se\u00e7im 6. Tipik Olmayan Kay\u0131ts\u0131zl\u0131k E\u011frilerinde<span class=\"excerpt-hellip\"> [\u2026]<\/span><\/p>\n","protected":false},"featured_media":0,"template":"","meta":{"_monsterinsights_skip_tracking":false,"_monsterinsights_sitenote_active":false,"_monsterinsights_sitenote_note":"","_monsterinsights_sitenote_category":0},"product_brand":[],"product_cat":[13043,14381],"product_tag":[],"class_list":{"0":"post-715660","1":"product","2":"type-product","3":"status-publish","5":"product_cat-ekonomi","6":"product_cat-isletme-muhasebe-maliye","7":"pa_cilt-ciltsiz","8":"pa_tur-kitap","9":"pa_yayinevi-gazi-kitabevi","10":"pa_yazar-ibrahim-tokatlioglu-muslume-narin-fahriye-ozturk","12":"first","13":"instock","14":"sale","15":"shipping-taxable","16":"purchasable","17":"product-type-simple"},"_links":{"self":[{"href":"https:\/\/roveyayinevi.com.tr\/index.php\/wp-json\/wp\/v2\/product\/715660","targetHints":{"allow":["GET"]}}],"collection":[{"href":"https:\/\/roveyayinevi.com.tr\/index.php\/wp-json\/wp\/v2\/product"}],"about":[{"href":"https:\/\/roveyayinevi.com.tr\/index.php\/wp-json\/wp\/v2\/types\/product"}],"wp:attachment":[{"href":"https:\/\/roveyayinevi.com.tr\/index.php\/wp-json\/wp\/v2\/media?parent=715660"}],"wp:term":[{"taxonomy":"product_brand","embeddable":true,"href":"https:\/\/roveyayinevi.com.tr\/index.php\/wp-json\/wp\/v2\/product_brand?post=715660"},{"taxonomy":"product_cat","embeddable":true,"href":"https:\/\/roveyayinevi.com.tr\/index.php\/wp-json\/wp\/v2\/product_cat?post=715660"},{"taxonomy":"product_tag","embeddable":true,"href":"https:\/\/roveyayinevi.com.tr\/index.php\/wp-json\/wp\/v2\/product_tag?post=715660"}],"curies":[{"name":"wp","href":"https:\/\/api.w.org\/{rel}","templated":true}]}}