{"id":715657,"date":"2025-08-27T17:33:31","date_gmt":"2025-08-27T14:33:31","guid":{"rendered":"https:\/\/roveyayinevi.com.tr\/index.php\/urun\/azrailin-vilayetine-yolculuk\/"},"modified":"2026-04-16T02:23:52","modified_gmt":"2026-04-15T23:23:52","slug":"azrailin-vilayetine-yolculuk","status":"publish","type":"product","link":"https:\/\/roveyayinevi.com.tr\/index.php\/urun\/azrailin-vilayetine-yolculuk\/","title":{"rendered":"Azrail\u2019in Vilayetine Yolculuk"},"content":{"rendered":"<p>\u0130ran\u2019\u0131n \u015f\u00f6hretli yazarlar\u0131ndan biri olan Cel\u00e2l \u00c2l-i Ahmed, II. D\u00fcnya Sava\u015f\u0131 sonras\u0131 sosyalizme y\u00f6nelen ayd\u0131nlardan biri. \u0130srail\u2019in, ba\u011f\u0131ms\u0131zl\u0131\u011f\u0131n\u0131 il\u00e2n ettikten sonra devreye soktu\u011fu Kibbutz ve Mo\u015fav gibi sosyalist uygulamalar\u0131 d\u00f6nemin gen\u00e7li\u011fi gibi onun da ilgisini \u00e7ekiyor. Bu heyecan i\u00e7inde bir \u0130srail gezisi yap\u0131yor. \u201cVicdan\u0131\u201d ile birlikte gidiyor \u0130srail\u2019e, seyahati boyunca da notlar tutuyor. Ancak \u0130srail\u2019in Filistinlilere uygulad\u0131\u011f\u0131 zulm\u00fcn, Avrupal\u0131 devletlerin nas\u0131l da bu zulme g\u00f6z yumdu\u011funun ay\u0131rd\u0131na var\u0131yor ve bir sorgulama evresine giriyor. Kendi cephesinden \u0130srail sorunu, Yahudilerin Filistinlilere \u00e7ektirdikleri, Arap devletlerine olan k\u0131zg\u0131nl\u0131\u011f\u0131 gibi konular\u0131 cesurca kaleme al\u0131yor. \u0130srail tarihinin erken d\u00f6nemine dair etkileyici ve pek az yerde bulabilece\u011finiz tan\u0131kl\u0131klar i\u00e7eren bu \u00e7arp\u0131c\u0131 anlat\u0131, \u0130srail sorununa farkl\u0131 bir y\u00f6nden bakabilmemiz i\u00e7in bize bir kap\u0131 aral\u0131yor.<\/p>\n","protected":false},"excerpt":{"rendered":"<p>\u0130ran\u2019\u0131n \u015f\u00f6hretli yazarlar\u0131ndan biri olan Cel\u00e2l \u00c2l-i Ahmed, II. D\u00fcnya Sava\u015f\u0131 sonras\u0131 sosyalizme y\u00f6nelen ayd\u0131nlardan biri. \u0130srail\u2019in, ba\u011f\u0131ms\u0131zl\u0131\u011f\u0131n\u0131 il\u00e2n ettikten sonra devreye soktu\u011fu Kibbutz ve Mo\u015fav<span class=\"excerpt-hellip\"> [\u2026]<\/span><\/p>\n","protected":false},"featured_media":0,"template":"","meta":{"_monsterinsights_skip_tracking":false,"_monsterinsights_sitenote_active":false,"_monsterinsights_sitenote_note":"","_monsterinsights_sitenote_category":0},"product_brand":[],"product_cat":[18545,12291],"product_tag":[],"class_list":{"0":"post-715657","1":"product","2":"type-product","3":"status-publish","5":"product_cat-anlati","6":"product_cat-edebiyat","7":"pa_cilt-ciltsiz","8":"pa_tur-kitap","9":"pa_yayinevi-ketebe-yayinlari","10":"pa_yazar-celal-al-i-ahmed","12":"first","13":"instock","14":"sale","15":"shipping-taxable","16":"purchasable","17":"product-type-simple"},"_links":{"self":[{"href":"https:\/\/roveyayinevi.com.tr\/index.php\/wp-json\/wp\/v2\/product\/715657","targetHints":{"allow":["GET"]}}],"collection":[{"href":"https:\/\/roveyayinevi.com.tr\/index.php\/wp-json\/wp\/v2\/product"}],"about":[{"href":"https:\/\/roveyayinevi.com.tr\/index.php\/wp-json\/wp\/v2\/types\/product"}],"wp:attachment":[{"href":"https:\/\/roveyayinevi.com.tr\/index.php\/wp-json\/wp\/v2\/media?parent=715657"}],"wp:term":[{"taxonomy":"product_brand","embeddable":true,"href":"https:\/\/roveyayinevi.com.tr\/index.php\/wp-json\/wp\/v2\/product_brand?post=715657"},{"taxonomy":"product_cat","embeddable":true,"href":"https:\/\/roveyayinevi.com.tr\/index.php\/wp-json\/wp\/v2\/product_cat?post=715657"},{"taxonomy":"product_tag","embeddable":true,"href":"https:\/\/roveyayinevi.com.tr\/index.php\/wp-json\/wp\/v2\/product_tag?post=715657"}],"curies":[{"name":"wp","href":"https:\/\/api.w.org\/{rel}","templated":true}]}}