{"id":715656,"date":"2025-08-27T17:33:30","date_gmt":"2025-08-27T14:33:30","guid":{"rendered":"https:\/\/roveyayinevi.com.tr\/index.php\/urun\/amerikan-baskanlarinin-karanlik-tarihi\/"},"modified":"2026-04-16T02:23:52","modified_gmt":"2026-04-15T23:23:52","slug":"amerikan-baskanlarinin-karanlik-tarihi","status":"publish","type":"product","link":"https:\/\/roveyayinevi.com.tr\/index.php\/urun\/amerikan-baskanlarinin-karanlik-tarihi\/","title":{"rendered":"Amerikan Ba\u015fkanlar\u0131n\u0131n Karanl\u0131k Tarihi"},"content":{"rendered":"<p>Amerikan Ba\u015fkanlar\u0131n\u0131n Karanl\u0131k Tarihi, 40\u2019tan fazla Amerikan Ba\u015fkan\u0131\u2019n\u0131n cinsel m\u00fcnasebetlerinden skandallar\u0131na, komplolar\u0131ndan CIA \u00f6rtbaslar\u0131na kadar uzanan rezilliklerini ayr\u0131nt\u0131lar\u0131yla ortaya koyuyor. Portre resimleri, d\u00f6nemin hicivli karikat\u00fcrleri ve \u015fahane gazete kareleri d\u00fcnyadaki en g\u00fc\u00e7l\u00fc makam\u0131n ger\u00e7ek y\u00fcz\u00fcne \u0131\u015f\u0131k tutuyor. Thomas Jefferson (1801-1809) Yabanc\u0131 limanlara yap\u0131lan her t\u00fcrl\u00fc mal\u0131n ithalat\u0131n\u0131 veya ihracat\u0131n\u0131 yasaklayan 1807 Ambargo Yasas\u0131\u2019n\u0131 ge\u00e7irdi. Ticarete ve end\u00fcstriye b\u00fcy\u00fck zarar veren siyasi bir karard\u0131. Franklin D. Roosevelt (1933-1945) \u0130kinci D\u00fcnya Sava\u015f\u0131 s\u0131ras\u0131nda Japon k\u00f6kenli 120 bin erkek, kad\u0131n ve \u00e7ocu\u011fu hapseden Ba\u015fkanl\u0131k Kararnamesi 9066\u2019y\u0131 imzalad\u0131. Richard Nixon (1969-1974) \u00d6nemli toplant\u0131lar\u0131 Oval Ofis\u2019te, hatta Beyaz Saray\u2019da bile yapm\u0131yor, \u201c175 numaral\u0131 oda\u201dda yap\u0131yordu. Gizlilik onun i\u00e7in bir zorunluluktu ve yapt\u0131\u011f\u0131 bu toplant\u0131lar\u0131n havas\u0131 bir kabine g\u00f6r\u00fc\u015fmesinden ziyade komplo kokuyordu. William J. Clinton (1993-2001) Monica Lewinsky ile ya\u015fad\u0131\u011f\u0131 \u201ccinsel ili\u015fkiyi\u201d reddetti\u011fi i\u00e7in mahkemeye sayg\u0131s\u0131zl\u0131k su\u00e7u i\u015fledi. Ortaya \u00e7\u0131kan deliller yalan s\u00f6yledi\u011fini kan\u0131tlad\u0131. <\/p>\n","protected":false},"excerpt":{"rendered":"<p>Amerikan Ba\u015fkanlar\u0131n\u0131n Karanl\u0131k Tarihi, 40\u2019tan fazla Amerikan Ba\u015fkan\u0131\u2019n\u0131n cinsel m\u00fcnasebetlerinden skandallar\u0131na, komplolar\u0131ndan CIA \u00f6rtbaslar\u0131na kadar uzanan rezilliklerini ayr\u0131nt\u0131lar\u0131yla ortaya koyuyor. Portre resimleri, d\u00f6nemin hicivli karikat\u00fcrleri ve<span class=\"excerpt-hellip\"> [\u2026]<\/span><\/p>\n","protected":false},"featured_media":0,"template":"","meta":{"_monsterinsights_skip_tracking":false,"_monsterinsights_sitenote_active":false,"_monsterinsights_sitenote_note":"","_monsterinsights_sitenote_category":0},"product_brand":[],"product_cat":[12370,12304],"product_tag":[],"class_list":{"0":"post-715656","1":"product","2":"type-product","3":"status-publish","5":"product_cat-arastirma-inceleme","6":"product_cat-tarih","7":"pa_cilt-ciltsiz","8":"pa_tur-kitap","9":"pa_yayinevi-ketebe-yayinlari","10":"pa_yazar-michael-kerrigan","12":"first","13":"instock","14":"sale","15":"shipping-taxable","16":"purchasable","17":"product-type-simple"},"_links":{"self":[{"href":"https:\/\/roveyayinevi.com.tr\/index.php\/wp-json\/wp\/v2\/product\/715656","targetHints":{"allow":["GET"]}}],"collection":[{"href":"https:\/\/roveyayinevi.com.tr\/index.php\/wp-json\/wp\/v2\/product"}],"about":[{"href":"https:\/\/roveyayinevi.com.tr\/index.php\/wp-json\/wp\/v2\/types\/product"}],"wp:attachment":[{"href":"https:\/\/roveyayinevi.com.tr\/index.php\/wp-json\/wp\/v2\/media?parent=715656"}],"wp:term":[{"taxonomy":"product_brand","embeddable":true,"href":"https:\/\/roveyayinevi.com.tr\/index.php\/wp-json\/wp\/v2\/product_brand?post=715656"},{"taxonomy":"product_cat","embeddable":true,"href":"https:\/\/roveyayinevi.com.tr\/index.php\/wp-json\/wp\/v2\/product_cat?post=715656"},{"taxonomy":"product_tag","embeddable":true,"href":"https:\/\/roveyayinevi.com.tr\/index.php\/wp-json\/wp\/v2\/product_tag?post=715656"}],"curies":[{"name":"wp","href":"https:\/\/api.w.org\/{rel}","templated":true}]}}