{"id":715654,"date":"2025-08-27T17:33:29","date_gmt":"2025-08-27T14:33:29","guid":{"rendered":"https:\/\/roveyayinevi.com.tr\/index.php\/urun\/evliya-celebi-seyahatnamesinden-secmeler-4\/"},"modified":"2026-04-16T02:23:52","modified_gmt":"2026-04-15T23:23:52","slug":"evliya-celebi-seyahatnamesinden-secmeler-4","status":"publish","type":"product","link":"https:\/\/roveyayinevi.com.tr\/index.php\/urun\/evliya-celebi-seyahatnamesinden-secmeler-4\/","title":{"rendered":"Evliya \u00c7elebi Seyahatnamesi\u2019nden Se\u00e7meler"},"content":{"rendered":"<p>17. y\u00fczy\u0131lda ya\u015fam\u0131\u015f b\u00fcy\u00fck seyyah Evliya \u00c7elebi, Seyahatn\u00e2mesi\u2019nde, T\u00fcrk ve D\u00fcnya tarihine \u0131\u015f\u0131k tutan bir eser meydana getirmi\u015ftir.  Bu b\u00fcy\u00fck eserinde kendi deyimiyle 51 y\u0131lda, yedi iklimi ve on sekiz padi\u015fahl\u0131\u011f\u0131 gezip dola\u015fm\u0131\u015f, oralarda g\u00f6rd\u00fcklerini, dinlediklerini ve o yerlerle al\u00e2kal\u0131 \u00f6\u011frendi\u011fi bilgileri yazarak tarihimize \u0131\u015f\u0131k tutmu\u015ftur. Bir r\u00fcyan\u0131n tesiriyle ba\u015flayan Evliy\u00e2 \u00c7elebi\u2019nin yolculu\u011fu tarih, edebiyat, halkbilimi, sanat tarihi, tasavvuf tarihi ve yerel tarih okurlar\u0131 i\u00e7in kaynak olu\u015fturur niteliktedir. \u00d6yle ki gezdi\u011fi yerlerin co\u011frafi konumunu, mimarisini, dilini, inanc\u0131n\u0131, g\u00fcndelik ya\u015fant\u0131s\u0131n\u0131, giyim ku\u015fam\u0131n\u0131 ve bunlar\u0131n yan\u0131 s\u0131ra dinledi\u011fi ve \u015fahit oldu\u011fu olaylar\u0131 etkileyici bir \u00fcslupla kaleme alm\u0131\u015ft\u0131r. Elinizdeki bu eser, bug\u00fcn \u00fczerinde 45 devlet kurulmu\u015f b\u00fcy\u00fck bir co\u011frafyaya ait bilgiler veren 10 ciltlik devasa Seyahatn\u00e2me\u2019den, i\u00e7indeki her konuya ait \u00f6rnekler se\u00e7ilerek haz\u0131rlanm\u0131\u015ft\u0131r.<\/p>\n","protected":false},"excerpt":{"rendered":"<p>17. y\u00fczy\u0131lda ya\u015fam\u0131\u015f b\u00fcy\u00fck seyyah Evliya \u00c7elebi, Seyahatn\u00e2mesi\u2019nde, T\u00fcrk ve D\u00fcnya tarihine \u0131\u015f\u0131k tutan bir eser meydana getirmi\u015ftir. Bu b\u00fcy\u00fck eserinde kendi deyimiyle 51 y\u0131lda, yedi<span class=\"excerpt-hellip\"> [\u2026]<\/span><\/p>\n","protected":false},"featured_media":0,"template":"","meta":{"_monsterinsights_skip_tracking":false,"_monsterinsights_sitenote_active":false,"_monsterinsights_sitenote_note":"","_monsterinsights_sitenote_category":0},"product_brand":[],"product_cat":[12291,12711],"product_tag":[],"class_list":{"0":"post-715654","1":"product","2":"type-product","3":"status-publish","5":"product_cat-edebiyat","6":"product_cat-roman-oyku","7":"pa_cilt-ciltsiz","8":"pa_tur-kitap","9":"pa_yayinevi-yeditepe-yayinevi","10":"pa_yazar-seyit-ali-kahraman","12":"first","13":"instock","14":"sale","15":"shipping-taxable","16":"purchasable","17":"product-type-simple"},"_links":{"self":[{"href":"https:\/\/roveyayinevi.com.tr\/index.php\/wp-json\/wp\/v2\/product\/715654","targetHints":{"allow":["GET"]}}],"collection":[{"href":"https:\/\/roveyayinevi.com.tr\/index.php\/wp-json\/wp\/v2\/product"}],"about":[{"href":"https:\/\/roveyayinevi.com.tr\/index.php\/wp-json\/wp\/v2\/types\/product"}],"wp:attachment":[{"href":"https:\/\/roveyayinevi.com.tr\/index.php\/wp-json\/wp\/v2\/media?parent=715654"}],"wp:term":[{"taxonomy":"product_brand","embeddable":true,"href":"https:\/\/roveyayinevi.com.tr\/index.php\/wp-json\/wp\/v2\/product_brand?post=715654"},{"taxonomy":"product_cat","embeddable":true,"href":"https:\/\/roveyayinevi.com.tr\/index.php\/wp-json\/wp\/v2\/product_cat?post=715654"},{"taxonomy":"product_tag","embeddable":true,"href":"https:\/\/roveyayinevi.com.tr\/index.php\/wp-json\/wp\/v2\/product_tag?post=715654"}],"curies":[{"name":"wp","href":"https:\/\/api.w.org\/{rel}","templated":true}]}}