{"id":715652,"date":"2025-08-27T17:33:28","date_gmt":"2025-08-27T14:33:28","guid":{"rendered":"https:\/\/roveyayinevi.com.tr\/index.php\/urun\/dogu-ve-bati-arasinda-sehir\/"},"modified":"2026-04-16T02:23:51","modified_gmt":"2026-04-15T23:23:51","slug":"dogu-ve-bati-arasinda-sehir","status":"publish","type":"product","link":"https:\/\/roveyayinevi.com.tr\/index.php\/urun\/dogu-ve-bati-arasinda-sehir\/","title":{"rendered":"Do\u011fu ve Bat\u0131 Aras\u0131nda \u015eehir"},"content":{"rendered":"<p>\u0130nsanlar inan\u00e7lar\u0131 ve sahip olduklar\u0131 k\u00fclt\u00fcrel kodlar\u0131 \u00e7er\u00e7evesinde \u015fehirlerini kurarken, kurulmakta olan bu \u015fehirler yeni bir hayat\u0131n yap\u0131ta\u015flar\u0131n\u0131 olu\u015fturur. Birlikte yerle\u015fme ve ya\u015fama bi\u00e7imleri olarak bir sosyal hayat tarz\u0131n\u0131 ancak \u015fehirde g\u00f6rmek m\u00fcmk\u00fcnd\u00fcr. Dolay\u0131s\u0131yla sosyal kurumlar\u0131 ve bunlarla ili\u015fkili olarak siyasal y\u00f6ntemleri analiz edebilmek i\u00e7in \u015fehir ve onun k\u00f6keni \u00fczerinde durmak gerekir.Bu alana ili\u015fkin hakim paradigma Bat\u0131 \u015fehrinin merkezi ve biricik oldu\u011funu empoze eden oryantalist zihniyetin izlerini ta\u015f\u0131maktad\u0131r. Do\u011fu\/\u0130slam \u015fehri, genel ge\u00e7er ve birbirini tekrar eden basit ve eksik bir sistem olarak de\u011ferlendirme konusu yap\u0131l\u0131rken, Bat\u0131 \u015fehri i\u00e7in ileri s\u00fcr\u00fclen modeller evrensel kabul edilerek bunun d\u0131\u015f\u0131nda kalan yerle\u015fmelerin \u015fehir olmad\u0131\u011f\u0131 yarg\u0131s\u0131na ula\u015f\u0131ld\u0131\u011f\u0131 g\u00f6r\u00fcl\u00fcr.Temel tart\u0131\u015fmalar ekseninde yap\u0131lan bu ara\u015ft\u0131rman\u0131n ilk b\u00f6l\u00fcm\u00fc \u015fehir hakk\u0131nda kavramsal analizleri i\u00e7ermektedir. Toplumbilim ile tarih aras\u0131ndaki ba\u011flant\u0131 \u00e7er\u00e7evesinde \u015fehirlerin ortaya \u00e7\u0131k\u0131\u015f\u0131 \u00fczerine ileri s\u00fcr\u00fclen g\u00f6r\u00fc\u015fler ele al\u0131nm\u0131\u015f, Islam \u015fehri \u00fczerine yap\u0131lan g\u00fcncel tart\u0131\u015fmalara de\u011finilmi\u015ftir. Daha sonraki b\u00f6l\u00fcmlerde ise \u0130slam \u015fehrinin ortaya \u00e7\u0131k\u0131\u015f\u0131, islamiyet&#8217;ten \u00f6nceki ve sonraki d\u00f6nemlerde T\u00fcrk \u015fehri, Sel\u00e7uklu \u015fehri ve Osmanl\u0131 \u015fehrinin genel g\u00f6r\u00fcn\u00fcm\u00fc genel hatlar\u0131yla ele al\u0131nmaya \u00e7al\u0131\u015f\u0131lm\u0131\u015ft\u0131r.<\/p>\n","protected":false},"excerpt":{"rendered":"<p>\u0130nsanlar inan\u00e7lar\u0131 ve sahip olduklar\u0131 k\u00fclt\u00fcrel kodlar\u0131 \u00e7er\u00e7evesinde \u015fehirlerini kurarken, kurulmakta olan bu \u015fehirler yeni bir hayat\u0131n yap\u0131ta\u015flar\u0131n\u0131 olu\u015fturur. Birlikte yerle\u015fme ve ya\u015fama bi\u00e7imleri olarak bir<span class=\"excerpt-hellip\"> [\u2026]<\/span><\/p>\n","protected":false},"featured_media":0,"template":"","meta":{"_monsterinsights_skip_tracking":false,"_monsterinsights_sitenote_active":false,"_monsterinsights_sitenote_note":"","_monsterinsights_sitenote_category":0},"product_brand":[],"product_cat":[12370,12304],"product_tag":[],"class_list":{"0":"post-715652","1":"product","2":"type-product","3":"status-publish","5":"product_cat-arastirma-inceleme","6":"product_cat-tarih","7":"pa_cilt-ciltsiz","8":"pa_tur-kitap","9":"pa_yayinevi-yeditepe-yayinevi","10":"pa_yazar-gorgun-ozcan","12":"first","13":"instock","14":"sale","15":"shipping-taxable","16":"purchasable","17":"product-type-simple"},"_links":{"self":[{"href":"https:\/\/roveyayinevi.com.tr\/index.php\/wp-json\/wp\/v2\/product\/715652","targetHints":{"allow":["GET"]}}],"collection":[{"href":"https:\/\/roveyayinevi.com.tr\/index.php\/wp-json\/wp\/v2\/product"}],"about":[{"href":"https:\/\/roveyayinevi.com.tr\/index.php\/wp-json\/wp\/v2\/types\/product"}],"wp:attachment":[{"href":"https:\/\/roveyayinevi.com.tr\/index.php\/wp-json\/wp\/v2\/media?parent=715652"}],"wp:term":[{"taxonomy":"product_brand","embeddable":true,"href":"https:\/\/roveyayinevi.com.tr\/index.php\/wp-json\/wp\/v2\/product_brand?post=715652"},{"taxonomy":"product_cat","embeddable":true,"href":"https:\/\/roveyayinevi.com.tr\/index.php\/wp-json\/wp\/v2\/product_cat?post=715652"},{"taxonomy":"product_tag","embeddable":true,"href":"https:\/\/roveyayinevi.com.tr\/index.php\/wp-json\/wp\/v2\/product_tag?post=715652"}],"curies":[{"name":"wp","href":"https:\/\/api.w.org\/{rel}","templated":true}]}}