{"id":715651,"date":"2025-08-27T17:33:27","date_gmt":"2025-08-27T14:33:27","guid":{"rendered":"https:\/\/roveyayinevi.com.tr\/index.php\/urun\/esaretten-vaftize\/"},"modified":"2026-04-16T02:23:51","modified_gmt":"2026-04-15T23:23:51","slug":"esaretten-vaftize","status":"publish","type":"product","link":"https:\/\/roveyayinevi.com.tr\/index.php\/urun\/esaretten-vaftize\/","title":{"rendered":"Esaretten Vaftize"},"content":{"rendered":"<p>Almanlara esir d\u00fc\u015fen T\u00fcrkler, 1529&#8217;dan 1683&#8217;e uzanan Osmanl\u0131- Almanya sava\u015flar\u0131n g\u00f6r\u00fcnmeyen y\u00fcz\u00fcyd\u00fc asl\u0131nda .Sultanlar\u0131n ve imparatorlar\u0131n b\u00fcy\u00fck i\u015flerinin aras\u0131nda adlar\u0131 hi\u00e7an\u0131lm\u0131yordu.Diline ve dinine al\u0131\u015f\u0131k olmad\u0131klar\u0131 swahiplerinin himayesinde bazen b\u00fcy\u00fck \u00e7iftliklerin \u00fccretsiz i\u015f\u00e7isi , bazen az\u0131ks\u0131z bir \u00e7oban bazen de g\u00f6rkemli konaklar\u0131n uzun b\u0131y\u0131kl\u0131 hizmetkarlar\u0131yd\u0131lar.Esaretten kurtulma \u00fcmitlerini uzak ufuklarda belirecek Osmanl\u0131 sancaklar\u0131na ba\u011flanm\u0131\u015flard\u0131.Ne var ki Osmanl\u0131 askerleri, yayd\u0131klar\u0131 T\u00fcrk korkusu kadar h\u0131zl\u0131 de\u011fillerdi. Anavatandan o kadar h\u0131zl\u0131 de\u011fillerdi.Anavatandan o kadar  uzakt\u0131lar ki \u00f6zg\u00fcr olduklar\u0131nda bile d\u00f6n\u00fc\u015f yoluna \u00e7\u0131kmaya cesaretleri kalm\u0131yordu.Elinizdeki kitap 16. ve 17. y\u00fczy\u0131llarda Almanlara esir d\u00fc\u015fen T\u00fcrrklerin esaret hayatlar\u0131n\u0131, ya\u015fam m\u00fccadelelerini , din yoluna \u00e7ektikleri \u00e7ileleri ve nihayet din de\u011fi\u015ftirmeye kadar uzanan f\u0131rt\u0131nal\u0131 hayatlar\u0131n\u0131 ele al\u0131yor. B\u00f6ylece tarihin karanl\u0131k sayfalar\u0131nda kalan &#8220;Ac\u0131 Vatan&#8221; hikayesine uzun bir yolculuk yap\u0131yor.<\/p>\n","protected":false},"excerpt":{"rendered":"<p>Almanlara esir d\u00fc\u015fen T\u00fcrkler, 1529&#8217;dan 1683&#8217;e uzanan Osmanl\u0131- Almanya sava\u015flar\u0131n g\u00f6r\u00fcnmeyen y\u00fcz\u00fcyd\u00fc asl\u0131nda .Sultanlar\u0131n ve imparatorlar\u0131n b\u00fcy\u00fck i\u015flerinin aras\u0131nda adlar\u0131 hi\u00e7an\u0131lm\u0131yordu.Diline ve dinine al\u0131\u015f\u0131k olmad\u0131klar\u0131 swahiplerinin<span class=\"excerpt-hellip\"> [\u2026]<\/span><\/p>\n","protected":false},"featured_media":0,"template":"","meta":{"_monsterinsights_skip_tracking":false,"_monsterinsights_sitenote_active":false,"_monsterinsights_sitenote_note":"","_monsterinsights_sitenote_category":0},"product_brand":[],"product_cat":[12370,12304],"product_tag":[],"class_list":{"0":"post-715651","1":"product","2":"type-product","3":"status-publish","5":"product_cat-arastirma-inceleme","6":"product_cat-tarih","7":"pa_cilt-ciltsiz","8":"pa_tur-kitap","9":"pa_yayinevi-yeditepe-yayinevi","10":"pa_yazar-stephan-theiling","12":"first","13":"instock","14":"sale","15":"shipping-taxable","16":"purchasable","17":"product-type-simple"},"_links":{"self":[{"href":"https:\/\/roveyayinevi.com.tr\/index.php\/wp-json\/wp\/v2\/product\/715651","targetHints":{"allow":["GET"]}}],"collection":[{"href":"https:\/\/roveyayinevi.com.tr\/index.php\/wp-json\/wp\/v2\/product"}],"about":[{"href":"https:\/\/roveyayinevi.com.tr\/index.php\/wp-json\/wp\/v2\/types\/product"}],"wp:attachment":[{"href":"https:\/\/roveyayinevi.com.tr\/index.php\/wp-json\/wp\/v2\/media?parent=715651"}],"wp:term":[{"taxonomy":"product_brand","embeddable":true,"href":"https:\/\/roveyayinevi.com.tr\/index.php\/wp-json\/wp\/v2\/product_brand?post=715651"},{"taxonomy":"product_cat","embeddable":true,"href":"https:\/\/roveyayinevi.com.tr\/index.php\/wp-json\/wp\/v2\/product_cat?post=715651"},{"taxonomy":"product_tag","embeddable":true,"href":"https:\/\/roveyayinevi.com.tr\/index.php\/wp-json\/wp\/v2\/product_tag?post=715651"}],"curies":[{"name":"wp","href":"https:\/\/api.w.org\/{rel}","templated":true}]}}