{"id":715650,"date":"2025-08-27T17:33:27","date_gmt":"2025-08-27T14:33:27","guid":{"rendered":"https:\/\/roveyayinevi.com.tr\/index.php\/urun\/clarkein-doru-taylari\/"},"modified":"2026-04-03T02:30:26","modified_gmt":"2026-04-02T23:30:26","slug":"clarkein-doru-taylari","status":"publish","type":"product","link":"https:\/\/roveyayinevi.com.tr\/index.php\/urun\/clarkein-doru-taylari\/","title":{"rendered":"Clarke&#8217;in Doru Taylar\u0131"},"content":{"rendered":"<p>Hepimiz siyah-beyaz bir foto\u011fraf\u0131n i\u00e7indeydik ve ellerimiz arkadan kenetlenmi\u015fti.Orhan Berent\u2019in, ismini Altay\u2019\u0131n efsane futbolcular\u0131 Clarke karde\u015flerden alan yeni roman\u0131 Clarke\u2019\u0131n Doru Taylar\u0131, 1970\u2019ler \u0130zmir\u2019inin kozmopolit yap\u0131s\u0131n\u0131 sa\u011flam bir kurgu i\u00e7inde aktaran \u00e7ok renkli bir kitap.Ba\u015f\u0131ndan sonuna, farkl\u0131 dinler ve etnik k\u00f6kenlere mensup insanlar\u0131n birbirleriyle olan ili\u015fkilerine odaklanan bu etkileyici d\u00f6nem kitab\u0131, Alsancak Gar\u0131\u2019ndan \u015eirinyer Hipodromu\u2019na ve at yar\u0131\u015flar\u0131na uzanan dinamik arka fonunun \u00f6n\u00fcnde, dokunakl\u0131 bir a\u015fk hik\u00e2yesi anlat\u0131yor.Tek bir g\u00fcn\u00fc betimleyen sarmal \u00f6yk\u00fcs\u00fcn\u00fcn sat\u0131r aralar\u0131nda, 1960&#8217;lar ve 1970&#8217;ler T\u00fcrkiye\u2019si ile ilgili \u00f6nemli g\u00f6ndermelerde bulunan Clarke\u2019\u0131n Doru Taylar\u0131, m\u00fcbadele y\u0131llar\u0131, d\u00fcnya sava\u015flar\u0131, 6-7 Eyl\u00fcl olaylar\u0131 gibi toplumsal belleklerimize iz b\u0131rakan \u00f6nemli tarihi vakalar\u0131n halk\u0131n \u00fczerindeki etkilerini ele\u015ftirel bir s\u00fczge\u00e7ten ge\u00e7iriyor.T\u00fcrkler, Levantenler, Yahudiler ve di\u011ferleri, bir yar\u0131\u015f \u00f6ncesi \u015eirinyer Hipodromu\u2019nda toplanm\u0131\u015f, g\u00f6zleri pistte, ko\u015facak taylar\u0131 heyecanla bekliyorlar. Dikkat kesilmi\u015f g\u00f6zbebeklerinin ard\u0131nda ise ony\u0131llara yay\u0131lm\u0131\u015f ve kesi\u015fmekten helak d\u00fc\u015fm\u00fc\u015f hayatlar, an\u0131lar var. Ve bankolar, plaseler, s\u00fcrprizler&#8230;Orhan Berent, Demokrat Parti iktidar\u0131n\u0131n son y\u0131llar\u0131nda filizlenen; ancak \u00e2\u015f\u0131klar\u0131n\u0131n, tutkular\u0131n\u0131 sadece birbirlerine de\u011fil, kendilerine bile itiraf edebilmek i\u00e7in on \u00fc\u00e7 y\u0131l bekledi\u011fi, tuhaf bir ili\u015fkiyi anlat\u0131yor. Bunu yaparken, Jolanda ve \u015eefik\u2019in yan\u0131 s\u0131ra, yard\u0131mc\u0131 karakterlerin \u00f6yk\u00fclerine de kay\u0131ts\u0131z kalm\u0131yor; yetmi\u015fli y\u0131llar\u0131n ba\u015f\u0131ndaki \u0130zmir\u2019i t\u00fcm canl\u0131l\u0131\u011f\u0131yla resmederek, geri d\u00f6n\u00fc\u015flerle de Birinci D\u00fcnya Sava\u015f\u0131\u2019ndan Milli M\u00fccadele\u2019ye, 1915\u2019ten M\u00fcbadele\u2019ye kadar uzanan bir s\u00fcre\u00e7te, okurun \u015fehrin ruhuna n\u00fcfuz edebilmesini sa\u011fl\u0131yor.\u201cHipodromu dolduran yar\u0131\u015fseverleri ko\u015fudan birka\u00e7 dakika \u00f6nce g\u00fcd\u00fcleyen en kuvvetli duygu, risklerin ve s\u00fcrprizlerin olmad\u0131\u011f\u0131 s\u0131radan anlar\u0131n, birazdan yerini heyecana b\u0131rakacak olmas\u0131yd\u0131. Bahis i\u00e7in bilet almak, at yar\u0131\u015f\u0131 oynayanlara kolayl\u0131kla ba\u015fka bir d\u00fcnyan\u0131n kap\u0131lar\u0131n\u0131 a\u00e7\u0131yor, k\u0131sa bir s\u00fcre de olsa kaderlerine h\u00fckmedebileceklerinin ill\u00fczyonunu yarat\u0131yordu. Kazanma ve sahip olman\u0131n hayali bile ba\u015flar\u0131n\u0131 d\u00f6nd\u00fcr\u00fcyordu&#8230;\u201d<\/p>\n","protected":false},"excerpt":{"rendered":"<p>Hepimiz siyah-beyaz bir foto\u011fraf\u0131n i\u00e7indeydik ve ellerimiz arkadan kenetlenmi\u015fti.Orhan Berent\u2019in, ismini Altay\u2019\u0131n efsane futbolcular\u0131 Clarke karde\u015flerden alan yeni roman\u0131 Clarke\u2019\u0131n Doru Taylar\u0131, 1970\u2019ler \u0130zmir\u2019inin kozmopolit yap\u0131s\u0131n\u0131<span class=\"excerpt-hellip\"> [\u2026]<\/span><\/p>\n","protected":false},"featured_media":0,"template":"","meta":{"_monsterinsights_skip_tracking":false,"_monsterinsights_sitenote_active":false,"_monsterinsights_sitenote_note":"","_monsterinsights_sitenote_category":0},"product_brand":[],"product_cat":[12291,12711],"product_tag":[],"class_list":{"0":"post-715650","1":"product","2":"type-product","3":"status-publish","5":"product_cat-edebiyat","6":"product_cat-roman-oyku","7":"pa_cilt-ciltsiz","8":"pa_tur-kitap","9":"pa_yayinevi-delidolu","10":"pa_yazar-orhan-berent","12":"first","13":"instock","14":"sale","15":"shipping-taxable","16":"purchasable","17":"product-type-simple"},"_links":{"self":[{"href":"https:\/\/roveyayinevi.com.tr\/index.php\/wp-json\/wp\/v2\/product\/715650","targetHints":{"allow":["GET"]}}],"collection":[{"href":"https:\/\/roveyayinevi.com.tr\/index.php\/wp-json\/wp\/v2\/product"}],"about":[{"href":"https:\/\/roveyayinevi.com.tr\/index.php\/wp-json\/wp\/v2\/types\/product"}],"wp:attachment":[{"href":"https:\/\/roveyayinevi.com.tr\/index.php\/wp-json\/wp\/v2\/media?parent=715650"}],"wp:term":[{"taxonomy":"product_brand","embeddable":true,"href":"https:\/\/roveyayinevi.com.tr\/index.php\/wp-json\/wp\/v2\/product_brand?post=715650"},{"taxonomy":"product_cat","embeddable":true,"href":"https:\/\/roveyayinevi.com.tr\/index.php\/wp-json\/wp\/v2\/product_cat?post=715650"},{"taxonomy":"product_tag","embeddable":true,"href":"https:\/\/roveyayinevi.com.tr\/index.php\/wp-json\/wp\/v2\/product_tag?post=715650"}],"curies":[{"name":"wp","href":"https:\/\/api.w.org\/{rel}","templated":true}]}}