{"id":715647,"date":"2025-08-27T17:33:25","date_gmt":"2025-08-27T14:33:25","guid":{"rendered":"https:\/\/roveyayinevi.com.tr\/index.php\/urun\/olimpiyat-ruyasi\/"},"modified":"2026-04-16T02:23:51","modified_gmt":"2026-04-15T23:23:51","slug":"olimpiyat-ruyasi","status":"publish","type":"product","link":"https:\/\/roveyayinevi.com.tr\/index.php\/urun\/olimpiyat-ruyasi\/","title":{"rendered":"Olimpiyat R\u00fcyas\u0131"},"content":{"rendered":"<p>Olimpiyata kat\u0131lma \u00f6yk\u00fcs\u00fc, bu r\u00fcyaya ula\u015fmak i\u00e7in yap\u0131lanlar, fedak\u00e2rl\u0131klar, zorluklar\u2026 \u00c7ok okuduk, \u00e7ok seyrettik b\u00f6yle masallar\u0131. Samiye Yusuf \u00d6mer\u2019inki bunlar\u0131n biraz \u00f6tesinde, muhtemelen en ger\u00e7ek ve en etkileyici olan\u0131. \u0130\u00e7inde m\u00fcltecili\u011fin zorluklar\u0131 var, olimpiyat r\u00fcyas\u0131 var, insani dram var, a\u015f\u0131lmas\u0131 da\u011f gibi engeller var, etkileyici bir son da var\u2026 \u00c7izen Reinhard Kleist\u2019\u0131n spora \u00f6zel bir ilgisi var, \u00e7eviren Tan\u0131l Bora ise T\u00fcrkiye\u2019nin spor ve \u00e7izgi roman k\u00fclt\u00fcr\u00fcne ba\u015fl\u0131 ba\u015f\u0131na katk\u0131. Zor\u2019un tan\u0131m\u0131n\u0131 de\u011fi\u015ftirecek bir \u00f6yk\u00fc bu. \u0130mkans\u0131z\u2019\u0131n s\u00f6zl\u00fck anlam\u0131na \u00f6rnek olacak belki de. Siz spor diye okuyun, tarih epik masallar b\u00f6l\u00fcm\u00fcne kaydetsin.<\/p>\n","protected":false},"excerpt":{"rendered":"<p>Olimpiyata kat\u0131lma \u00f6yk\u00fcs\u00fc, bu r\u00fcyaya ula\u015fmak i\u00e7in yap\u0131lanlar, fedak\u00e2rl\u0131klar, zorluklar\u2026 \u00c7ok okuduk, \u00e7ok seyrettik b\u00f6yle masallar\u0131. Samiye Yusuf \u00d6mer\u2019inki bunlar\u0131n biraz \u00f6tesinde, muhtemelen en ger\u00e7ek ve<span class=\"excerpt-hellip\"> [\u2026]<\/span><\/p>\n","protected":false},"featured_media":0,"template":"","meta":{"_monsterinsights_skip_tracking":false,"_monsterinsights_sitenote_active":false,"_monsterinsights_sitenote_note":"","_monsterinsights_sitenote_category":0},"product_brand":[],"product_cat":[12416,12291],"product_tag":[],"class_list":{"0":"post-715647","1":"product","2":"type-product","3":"status-publish","5":"product_cat-cizgi-roman","6":"product_cat-edebiyat","7":"pa_cilt-ciltsiz","8":"pa_tur-kitap","9":"pa_yayinevi-kara-karga-yayinlari","10":"pa_yazar-reinhard-kleist","12":"first","13":"instock","14":"sale","15":"shipping-taxable","16":"purchasable","17":"product-type-simple"},"_links":{"self":[{"href":"https:\/\/roveyayinevi.com.tr\/index.php\/wp-json\/wp\/v2\/product\/715647","targetHints":{"allow":["GET"]}}],"collection":[{"href":"https:\/\/roveyayinevi.com.tr\/index.php\/wp-json\/wp\/v2\/product"}],"about":[{"href":"https:\/\/roveyayinevi.com.tr\/index.php\/wp-json\/wp\/v2\/types\/product"}],"wp:attachment":[{"href":"https:\/\/roveyayinevi.com.tr\/index.php\/wp-json\/wp\/v2\/media?parent=715647"}],"wp:term":[{"taxonomy":"product_brand","embeddable":true,"href":"https:\/\/roveyayinevi.com.tr\/index.php\/wp-json\/wp\/v2\/product_brand?post=715647"},{"taxonomy":"product_cat","embeddable":true,"href":"https:\/\/roveyayinevi.com.tr\/index.php\/wp-json\/wp\/v2\/product_cat?post=715647"},{"taxonomy":"product_tag","embeddable":true,"href":"https:\/\/roveyayinevi.com.tr\/index.php\/wp-json\/wp\/v2\/product_tag?post=715647"}],"curies":[{"name":"wp","href":"https:\/\/api.w.org\/{rel}","templated":true}]}}