{"id":715646,"date":"2025-08-27T17:33:24","date_gmt":"2025-08-27T14:33:24","guid":{"rendered":"https:\/\/roveyayinevi.com.tr\/index.php\/urun\/esim-isterse-olur\/"},"modified":"2026-04-16T02:23:51","modified_gmt":"2026-04-15T23:23:51","slug":"esim-isterse-olur","status":"publish","type":"product","link":"https:\/\/roveyayinevi.com.tr\/index.php\/urun\/esim-isterse-olur\/","title":{"rendered":"E\u015fim \u0130sterse Olur"},"content":{"rendered":"<p>Kad\u0131n; omuzunda g\u00fcvenli bir el, sevgi dolu bir dil ister. Kad\u0131n; y\u00fcre\u011fini yoracak birini de\u011fil, y\u00fcz\u00fc bin kez as\u0131lsa bile halini soracak, onu mutlu etmek i\u00e7in t\u00fcm d\u00fcnyay\u0131 sessize alacak birini ister. Kad\u0131n ilgiye a\u015f\u0131kt\u0131r. Sevgi ve muhabbetle at\u0131lan her ad\u0131m\u0131 t\u00fcm benli\u011fini sunarak cevaplar. Kad\u0131n y\u00fcre\u011fi verimli bir tarla gibidir; sen ona bir g\u00fczel s\u00f6z s\u00f6ylersin o t\u00fcm kalbini verir. Hayat o kadar k\u0131sa ki de\u011fmiyor \u00fczmeye ve \u00fcz\u00fclmeye. O y\u00fczden g\u00fczel ya\u015fa her an\u0131. Gidilecek bir yer varsa mutlaka g\u00f6r. Kendine zaman ay\u0131r, gez, dola\u015f. Ya\u011fmurda \u0131slan, bulutlara selam ver, g\u00f6ky\u00fcz\u00fcyle kucakla\u015f. Ald\u0131\u011f\u0131n her nefesi en son nefesmi\u015f gibi \u00e7ek ci\u011ferlerine ne kadar g\u00fczellik ne kadar iyilik varsa onu doldur y\u00fcre\u011fine. Yani her ne yap\u0131yorsan doya doya yap, eksik kalmas\u0131n hi\u00e7bir \u015fey ve ke\u015fke yapsayd\u0131m deme; hayat sadece sevgiden ibaret! Gerisini hi\u00e7 d\u00fc\u015f\u00fcnme. Hayatta hep g\u00fcler y\u00fczl\u00fc ve pozitif ol. \u00c7\u00fcnk\u00fc ne bir kimse i\u00e7in ne de bir dert i\u00e7in \u00fcz\u00fcld\u00fc\u011f\u00fcne de\u011fmiyor. \u00d6m\u00fcr \u00e7abucak bitiyor, elimizde sadece biriktirdi\u011fimiz g\u00fczel umutlar ve hayaller kal\u0131yor. Seven y\u00fcrekleri yormay\u0131n, vefal\u0131 olanlar\u0131 \u00f6telemeyin, inan\u0131n kimseyi kaybetmeye gelmiyor. B\u0131rak\u0131n gidenler gitsin, ezenler ezsin, nank\u00f6rler terk etsin! Sen affetsen bile Allah onlar\u0131 zaten affetmiyor. Hayat k\u00fc\u00e7\u00fcc\u00fck bir imtihan, kimileri i\u00e7in kalem kimileri i\u00e7in de silgi yetmiyor.<\/p>\n","protected":false},"excerpt":{"rendered":"<p>Kad\u0131n; omuzunda g\u00fcvenli bir el, sevgi dolu bir dil ister. Kad\u0131n; y\u00fcre\u011fini yoracak birini de\u011fil, y\u00fcz\u00fc bin kez as\u0131lsa bile halini soracak, onu mutlu etmek i\u00e7in<span class=\"excerpt-hellip\"> [\u2026]<\/span><\/p>\n","protected":false},"featured_media":0,"template":"","meta":{"_monsterinsights_skip_tracking":false,"_monsterinsights_sitenote_active":false,"_monsterinsights_sitenote_note":"","_monsterinsights_sitenote_category":0},"product_brand":[],"product_cat":[26396,13488],"product_tag":[],"class_list":{"0":"post-715646","1":"product","2":"type-product","3":"status-publish","5":"product_cat-kadin-erkek-iliskileri","6":"product_cat-toplum-ve-insan","7":"pa_cilt-ciltsiz","8":"pa_tur-kitap","9":"pa_yayinevi-hayat-yayinlari","10":"pa_yazar-zekeriya-efiloglu","12":"first","13":"instock","14":"sale","15":"shipping-taxable","16":"purchasable","17":"product-type-simple"},"_links":{"self":[{"href":"https:\/\/roveyayinevi.com.tr\/index.php\/wp-json\/wp\/v2\/product\/715646","targetHints":{"allow":["GET"]}}],"collection":[{"href":"https:\/\/roveyayinevi.com.tr\/index.php\/wp-json\/wp\/v2\/product"}],"about":[{"href":"https:\/\/roveyayinevi.com.tr\/index.php\/wp-json\/wp\/v2\/types\/product"}],"wp:attachment":[{"href":"https:\/\/roveyayinevi.com.tr\/index.php\/wp-json\/wp\/v2\/media?parent=715646"}],"wp:term":[{"taxonomy":"product_brand","embeddable":true,"href":"https:\/\/roveyayinevi.com.tr\/index.php\/wp-json\/wp\/v2\/product_brand?post=715646"},{"taxonomy":"product_cat","embeddable":true,"href":"https:\/\/roveyayinevi.com.tr\/index.php\/wp-json\/wp\/v2\/product_cat?post=715646"},{"taxonomy":"product_tag","embeddable":true,"href":"https:\/\/roveyayinevi.com.tr\/index.php\/wp-json\/wp\/v2\/product_tag?post=715646"}],"curies":[{"name":"wp","href":"https:\/\/api.w.org\/{rel}","templated":true}]}}