{"id":715645,"date":"2025-08-27T17:33:24","date_gmt":"2025-08-27T14:33:24","guid":{"rendered":"https:\/\/roveyayinevi.com.tr\/index.php\/urun\/topragin-sonu\/"},"modified":"2026-04-13T02:29:54","modified_gmt":"2026-04-12T23:29:54","slug":"topragin-sonu","status":"publish","type":"product","link":"https:\/\/roveyayinevi.com.tr\/index.php\/urun\/topragin-sonu\/","title":{"rendered":"Topra\u011f\u0131n Sonu"},"content":{"rendered":"<p>Havan\u0131n g\u00fcc\u00fcyle uyanm\u0131\u015f bir kad\u0131n, ate\u015fle terbiye edilmi\u015f bir asker, kandan do\u011fmu\u015f bir silah.   Vhalla Yarl, Kuzey\u2019deki cepheye ula\u015fm\u0131\u015ft\u0131. Kan ve ate\u015fle imtihan\u0131ndan sonra Solaris \u0130mparatorlu\u011fu\u2019nun verece\u011fi bu son sava\u015fta kendini her \u015feye haz\u0131rlam\u0131\u015ft\u0131. Art\u0131k kar\u015f\u0131s\u0131ndaki se\u00e7enekler k\u00f6lelik ya da \u00f6zg\u00fcrl\u00fck de\u011fildi. \u0130mparator h\u00e2l\u00e2 Vhalla\u2019n\u0131n kaderini demir yumru\u011funda tutuyor ve Havag\u00fcd\u00fcc\u00fc\u2019n\u00fcn hayatta kaybedebilece\u011fi her \u015feyi, her an b\u0131rakmak \u00fczere u\u00e7urumun \u00fcst\u00fcnde salland\u0131r\u0131yordu. Vhalla\u2019n\u0131n, hayat\u0131na y\u00f6n veren her \u015feyden uzakla\u015fmas\u0131 ve tamamen kendine ve g\u00fcc\u00fcne odaklanmas\u0131 gerekecek fakat bu hi\u00e7 de kolay olmayacakt\u0131.   \u201cHava Uyan\u0131yor serisindeki romanlar gittik\u00e7e heyecanl\u0131 bir hal al\u0131yor. Serinin hayranlar\u0131 bu hik\u00e2yeden \u00e7ok memnun kalacak!\u201d \u2014MICHELLE MADOW, Elementals Serisi\u2019nin yazar\u0131 \u201cBu hik\u00e2yenin devam\u0131na \u00e2\u015f\u0131k oldum. Bir oturu\u015fta bitirdim.\u201d \u2014Pens &amp; Parchment <\/p>\n","protected":false},"excerpt":{"rendered":"<p>Havan\u0131n g\u00fcc\u00fcyle uyanm\u0131\u015f bir kad\u0131n, ate\u015fle terbiye edilmi\u015f bir asker, kandan do\u011fmu\u015f bir silah. Vhalla Yarl, Kuzey\u2019deki cepheye ula\u015fm\u0131\u015ft\u0131. Kan ve ate\u015fle imtihan\u0131ndan sonra Solaris \u0130mparatorlu\u011fu\u2019nun<span class=\"excerpt-hellip\"> [\u2026]<\/span><\/p>\n","protected":false},"featured_media":0,"template":"","meta":{"_monsterinsights_skip_tracking":false,"_monsterinsights_sitenote_active":false,"_monsterinsights_sitenote_note":"","_monsterinsights_sitenote_category":0},"product_brand":[],"product_cat":[12291,14777],"product_tag":[],"class_list":{"0":"post-715645","1":"product","2":"type-product","3":"status-publish","5":"product_cat-edebiyat","6":"product_cat-fantastik","7":"pa_cilt-ciltsiz","8":"pa_tur-kitap","9":"pa_yayinevi-yabanci-yayinevi","10":"pa_yazar-elise-kova","12":"first","13":"instock","14":"sale","15":"shipping-taxable","16":"purchasable","17":"product-type-simple"},"_links":{"self":[{"href":"https:\/\/roveyayinevi.com.tr\/index.php\/wp-json\/wp\/v2\/product\/715645","targetHints":{"allow":["GET"]}}],"collection":[{"href":"https:\/\/roveyayinevi.com.tr\/index.php\/wp-json\/wp\/v2\/product"}],"about":[{"href":"https:\/\/roveyayinevi.com.tr\/index.php\/wp-json\/wp\/v2\/types\/product"}],"wp:attachment":[{"href":"https:\/\/roveyayinevi.com.tr\/index.php\/wp-json\/wp\/v2\/media?parent=715645"}],"wp:term":[{"taxonomy":"product_brand","embeddable":true,"href":"https:\/\/roveyayinevi.com.tr\/index.php\/wp-json\/wp\/v2\/product_brand?post=715645"},{"taxonomy":"product_cat","embeddable":true,"href":"https:\/\/roveyayinevi.com.tr\/index.php\/wp-json\/wp\/v2\/product_cat?post=715645"},{"taxonomy":"product_tag","embeddable":true,"href":"https:\/\/roveyayinevi.com.tr\/index.php\/wp-json\/wp\/v2\/product_tag?post=715645"}],"curies":[{"name":"wp","href":"https:\/\/api.w.org\/{rel}","templated":true}]}}