{"id":715644,"date":"2025-08-27T17:33:23","date_gmt":"2025-08-27T14:33:23","guid":{"rendered":"https:\/\/roveyayinevi.com.tr\/index.php\/urun\/kayip-kadin-2\/"},"modified":"2026-04-16T02:23:51","modified_gmt":"2026-04-15T23:23:51","slug":"kayip-kadin-2","status":"publish","type":"product","link":"https:\/\/roveyayinevi.com.tr\/index.php\/urun\/kayip-kadin-2\/","title":{"rendered":"Kay\u0131p Kad\u0131n"},"content":{"rendered":"<p>\u0130ngiltere\u2019de \u00f6ld\u00fcr\u00fclm\u00fc\u015f olmas\u0131na ra\u011fmen Sofie Parker, neredeyse yirmi y\u0131l \u00f6nce kay\u0131p ihbar\u0131 verilen Danimarkal\u0131 bir kad\u0131nd\u0131. Bu y\u00fczden vaka ile ilgilenmesi i\u00e7in Louise Rick \u00e7a\u011f\u0131r\u0131lm\u0131\u015ft\u0131. Fakat beklenmedik bir \u015fey g\u00fcn y\u00fcz\u00fcne \u00e7\u0131km\u0131\u015ft\u0131; on sekiz sene \u00f6nce kad\u0131n\u0131n kay\u0131plara kar\u0131\u015ft\u0131\u011f\u0131n\u0131 ihbar eden ki\u015fi Louise Rick\u2019in i\u015f arkada\u015f\u0131 ve sevgilisi Eik\u2019ti. Her zamanki gibi ani bir karar veren Eik, \u0130ngiltere\u2019ye gitmi\u015f ama Sofie\u2019nin cinayetinden \u015f\u00fcpheli bulundu\u011fu i\u00e7in hapse at\u0131lm\u0131\u015ft\u0131. Eik\u2019in vakayla bir ba\u011flant\u0131s\u0131 oldu\u011funu hi\u00e7 beklemeyen Louise hem son derece tedirgin hem de endi\u015feliydi. Fakat i\u00e7inde d\u00f6nen duygusal girdab\u0131 g\u00f6rmezden gelip \u015fimdiye kadar \u00fcst\u00fcnde \u00e7al\u0131\u015ft\u0131\u011f\u0131 en \u00e7eki\u015fmeli vakan\u0131n katilini bulmal\u0131yd\u0131.   \u201cBlaedel bir kez daha titizlikle yarat\u0131lm\u0131\u015f karakterlerle, ustal\u0131kla kaleme al\u0131nm\u0131\u015f bir gizemi okurlara sunarak, romanlar\u0131n\u0131n neden bu kadar ba\u015far\u0131l\u0131 oldu\u011funu g\u00f6zler \u00f6n\u00fcne seriyor.\u201d Library Journal, starred review \u201c\u015eefkatin su\u00e7a, nezaketin so\u011fukkanl\u0131 bir cinayete d\u00f6n\u00fc\u015febildi\u011fi gri b\u00f6lgeyi \u00e7ok iyi betimliyor.\u201d New York Times Book Review \u201cDanimarka\u2019n\u0131n en pop\u00fcler yazarlar\u0131ndan Blaedel karanl\u0131k gizemleri ile biliniyor ve bu roman\u0131nda da her okurun farkl\u0131 taraf tutaca\u011f\u0131, kar\u0131\u015f\u0131k bir konuyu i\u015fliyor.\u201d Booklist \u201cPolisiye yazar\u0131 Sara Blaedel\u2019in en b\u00fcy\u00fck yetene\u011fi, ayn\u0131 anda hem tek solukta okunacak bir hik\u00e2ye kurgularken, Louise Rick gibi inan\u0131lmaz ger\u00e7ek\u00e7i ve derin bir karakter yaratmak.\u201d Oprah.com \u201cSara Blaedel durdurmas\u0131 zor bir g\u00fc\u00e7. Muhte\u015fem bir polisiye yazar\u0131 ve tekrar kar\u015f\u0131m\u0131za her t\u00fcrden okurun be\u011fenece\u011fi sert ve s\u00fcr\u00fckleyici bir romanla \u00e7\u0131k\u0131yor.\u201d KARIN SLAUGHTER <\/p>\n","protected":false},"excerpt":{"rendered":"<p>\u0130ngiltere\u2019de \u00f6ld\u00fcr\u00fclm\u00fc\u015f olmas\u0131na ra\u011fmen Sofie Parker, neredeyse yirmi y\u0131l \u00f6nce kay\u0131p ihbar\u0131 verilen Danimarkal\u0131 bir kad\u0131nd\u0131. Bu y\u00fczden vaka ile ilgilenmesi i\u00e7in Louise Rick \u00e7a\u011f\u0131r\u0131lm\u0131\u015ft\u0131. Fakat<span class=\"excerpt-hellip\"> [\u2026]<\/span><\/p>\n","protected":false},"featured_media":0,"template":"","meta":{"_monsterinsights_skip_tracking":false,"_monsterinsights_sitenote_active":false,"_monsterinsights_sitenote_note":"","_monsterinsights_sitenote_category":0},"product_brand":[],"product_cat":[12291,17033],"product_tag":[],"class_list":{"0":"post-715644","1":"product","2":"type-product","3":"status-publish","5":"product_cat-edebiyat","6":"product_cat-korku-gerilim","7":"pa_cilt-ciltsiz","8":"pa_tur-kitap","9":"pa_yayinevi-yabanci-yayinevi","10":"pa_yazar-sara-blaedel","12":"first","13":"instock","14":"sale","15":"shipping-taxable","16":"purchasable","17":"product-type-simple"},"_links":{"self":[{"href":"https:\/\/roveyayinevi.com.tr\/index.php\/wp-json\/wp\/v2\/product\/715644","targetHints":{"allow":["GET"]}}],"collection":[{"href":"https:\/\/roveyayinevi.com.tr\/index.php\/wp-json\/wp\/v2\/product"}],"about":[{"href":"https:\/\/roveyayinevi.com.tr\/index.php\/wp-json\/wp\/v2\/types\/product"}],"wp:attachment":[{"href":"https:\/\/roveyayinevi.com.tr\/index.php\/wp-json\/wp\/v2\/media?parent=715644"}],"wp:term":[{"taxonomy":"product_brand","embeddable":true,"href":"https:\/\/roveyayinevi.com.tr\/index.php\/wp-json\/wp\/v2\/product_brand?post=715644"},{"taxonomy":"product_cat","embeddable":true,"href":"https:\/\/roveyayinevi.com.tr\/index.php\/wp-json\/wp\/v2\/product_cat?post=715644"},{"taxonomy":"product_tag","embeddable":true,"href":"https:\/\/roveyayinevi.com.tr\/index.php\/wp-json\/wp\/v2\/product_tag?post=715644"}],"curies":[{"name":"wp","href":"https:\/\/api.w.org\/{rel}","templated":true}]}}