{"id":715643,"date":"2025-08-27T17:33:22","date_gmt":"2025-08-27T14:33:22","guid":{"rendered":"https:\/\/roveyayinevi.com.tr\/index.php\/urun\/gozlerinin-ardinda\/"},"modified":"2026-02-03T02:38:15","modified_gmt":"2026-02-02T23:38:15","slug":"gozlerinin-ardinda","status":"publish","type":"product","link":"https:\/\/roveyayinevi.com.tr\/index.php\/urun\/gozlerinin-ardinda\/","title":{"rendered":"G\u00f6zlerinin Ard\u0131nda"},"content":{"rendered":"<p>Louise modern d\u00fcnyan\u0131n tekd\u00fczeli\u011fine s\u0131k\u0131\u015fm\u0131\u015f bek\u00e2r bir anne ve sekreterdi. Bir ak\u015fam tesad\u00fcf eseri d\u0131\u015far\u0131 \u00e7\u0131kt\u0131\u011f\u0131nda barda bir adamla tan\u0131\u015fm\u0131\u015ft\u0131. \u00d6p\u00fc\u015ft\u00fckten sonra adam gitse de Louise nihayet biriyle anla\u015fabildi\u011fi i\u00e7in mutlu olmu\u015ftu. Ancak pazartesi g\u00fcn\u00fc Louise i\u015fe gitti\u011finde yeni patronu David\u2019le tan\u0131\u015ft\u0131. Bardaki adamd\u0131. Bardaki evli adamd\u0131. \u00d6p\u00fc\u015fm\u00fc\u015f olmalar\u0131n\u0131n b\u00fcy\u00fck bir hata oldu\u011funu s\u00f6yl\u00fcyor ama g\u00f6zlerini Louise\u2019den alam\u0131yordu. Bu s\u0131rada Louise \u015fehre yeni gelmi\u015f ve bir arkada\u015fa ihtiyac\u0131 olan Adele ile de tan\u0131\u015fm\u0131\u015ft\u0131. Tesad\u00fcf oydu ki Adele, David\u2019in kar\u0131s\u0131yd\u0131. Fakat hik\u00e2yenin gidi\u015fat\u0131n\u0131 \u015fimdiden tahmin etti\u011finizi d\u00fc\u015f\u00fcn\u00fcyorsan\u0131z, yan\u0131l\u0131yorsunuz. David ile Adele m\u00fckemmel bir \u00e7ift gibiydiler. O halde David neden bu kadar kontrolc\u00fcyd\u00fc? Adele neden e\u015finden korkuyordu? Louise bu \u00e7iftin y\u00f6r\u00fcngesine kap\u0131ld\u0131k\u00e7a cevaplamas\u0131 imk\u00e2ns\u0131zla\u015fan sorularla kar\u015f\u0131la\u015f\u0131yordu. Tek bildi\u011fi, bir \u015feylerin korkun\u00e7 derecede yanl\u0131\u015f gitti\u011fiydi ama Louise durumun ne kadar k\u00f6t\u00fc oldu\u011funu ve bir insan\u0131n evlili\u011finin s\u0131rlar\u0131n\u0131 korumak i\u00e7in neleri g\u00f6ze alaca\u011f\u0131n\u0131 asla tahmin edemeyecekti. \u201cD\u00e2hice bir kurgu.\u201d \u2013STEPHEN KING \u201cHitchcock\u2019u and\u0131ran ustaca yaz\u0131lm\u0131\u015f bir gerilim&#8230; Hayat\u0131n\u0131z\u0131 ele ge\u00e7irecek t\u00fcrden bir roman.\u201d \u2013JOE HILL, \u0130tfaiyeci roman\u0131n\u0131n \u00e7oksatan yazar\u0131 \u201cAkl\u0131n\u0131z\u0131 kar\u0131\u015ft\u0131racak o kadar ters k\u00f6\u015fe var ki\u2026 Madalyonun iki y\u00fcz\u00fc oldu\u011funu g\u00f6steren ve okurun duygular\u0131yla oynayan bir \u015faheser. Hele o son\u2026 Pinborough her \u015feyi sorgulamama sebep oluyor. Cevaplar ise beni bilinmezlikten daha \u00e7ok korkutuyor.\u201d \u2013JOSH MALERMAN, Kafes roman\u0131n\u0131n \u00e7oksatan yazar\u0131 <\/p>\n","protected":false},"excerpt":{"rendered":"<p>Louise modern d\u00fcnyan\u0131n tekd\u00fczeli\u011fine s\u0131k\u0131\u015fm\u0131\u015f bek\u00e2r bir anne ve sekreterdi. Bir ak\u015fam tesad\u00fcf eseri d\u0131\u015far\u0131 \u00e7\u0131kt\u0131\u011f\u0131nda barda bir adamla tan\u0131\u015fm\u0131\u015ft\u0131. \u00d6p\u00fc\u015ft\u00fckten sonra adam gitse de Louise<span class=\"excerpt-hellip\"> [\u2026]<\/span><\/p>\n","protected":false},"featured_media":0,"template":"","meta":{"_monsterinsights_skip_tracking":false,"_monsterinsights_sitenote_active":false,"_monsterinsights_sitenote_note":"","_monsterinsights_sitenote_category":0},"product_brand":[],"product_cat":[12291,17033],"product_tag":[],"class_list":{"0":"post-715643","1":"product","2":"type-product","3":"status-publish","5":"product_cat-edebiyat","6":"product_cat-korku-gerilim","7":"pa_cilt-ciltsiz","8":"pa_tur-kitap","9":"pa_yayinevi-ithaki-yayinlari","10":"pa_yazar-sarah-pinborough","12":"first","13":"instock","14":"sale","15":"shipping-taxable","16":"purchasable","17":"product-type-simple"},"_links":{"self":[{"href":"https:\/\/roveyayinevi.com.tr\/index.php\/wp-json\/wp\/v2\/product\/715643","targetHints":{"allow":["GET"]}}],"collection":[{"href":"https:\/\/roveyayinevi.com.tr\/index.php\/wp-json\/wp\/v2\/product"}],"about":[{"href":"https:\/\/roveyayinevi.com.tr\/index.php\/wp-json\/wp\/v2\/types\/product"}],"wp:attachment":[{"href":"https:\/\/roveyayinevi.com.tr\/index.php\/wp-json\/wp\/v2\/media?parent=715643"}],"wp:term":[{"taxonomy":"product_brand","embeddable":true,"href":"https:\/\/roveyayinevi.com.tr\/index.php\/wp-json\/wp\/v2\/product_brand?post=715643"},{"taxonomy":"product_cat","embeddable":true,"href":"https:\/\/roveyayinevi.com.tr\/index.php\/wp-json\/wp\/v2\/product_cat?post=715643"},{"taxonomy":"product_tag","embeddable":true,"href":"https:\/\/roveyayinevi.com.tr\/index.php\/wp-json\/wp\/v2\/product_tag?post=715643"}],"curies":[{"name":"wp","href":"https:\/\/api.w.org\/{rel}","templated":true}]}}